{"id":7482,"date":"2008-09-08T11:54:05","date_gmt":"2008-09-08T11:54:05","guid":{"rendered":"http:\/\/www.fondation-pierredubois.ch\/death-of-professor-pierre-du-bois\/"},"modified":"2021-08-04T20:29:03","modified_gmt":"2021-08-04T20:29:03","slug":"death-of-professor-pierre-du-bois","status":"publish","type":"page","link":"https:\/\/www.fondation-pierredubois.ch\/fr\/death-of-professor-pierre-du-bois\/","title":{"rendered":"D\u00e9c\u00e8s du Professeur Pierre du Bois"},"content":{"rendered":"<p>C\u2019est avec une infinie tristesse que nous avons d\u00fb prendre cong\u00e9, le 23 juin dernier, du Professeur Pierre du Bois, d\u00e9c\u00e9d\u00e9 soudainement \u00e0 l\u2019\u00e2ge de 64 ans. Il \u00e9tait membre du corps enseignant de l\u2019Institut universitaire des hautes \u00e9tudes internationales (HEI) depuis 1992, professeur invit\u00e9 \u00e0 l\u2019Universit\u00e9 Rober Schuman (Strasbourg), \u00e0 la Diplomatische Akademie (Vienne) et \u00e0 la Fondation europ\u00e9enne Titulescu\/Minist\u00e8re des Affaires \u00e9trang\u00e8res de Roumanie, ainsi que pr\u00e9sident de l\u2019Association Rencontres Suisses \u2013 Treffpunkt Schweiz de 1996 \u00e0 2001.<\/p>\n<p>Toutes celles et ceux qui ont eu le privil\u00e8ge de l\u2019approcher garderont de lui le souvenir d\u2019un homme d\u2019une vaste culture, mais aussi d\u2019une grande gentillesse, d\u00e9licatesse et ga\u00eet\u00e9. Lors de la c\u00e9r\u00e9monie d\u2019adieu le 28 juin, ses anciens coll\u00e8gues d\u2019\u00e9tudes, le Conseiller f\u00e9d\u00e9ral Pascal Couchepin et l\u2019ancien Conseiller d\u2019Etat et Conseiller national Philippe Pidoux, ont relev\u00e9 ses qualit\u00e9s de coeur et d\u2019esprit, rendant cette c\u00e9r\u00e9monie particuli\u00e8rement d\u00e9chirante et chaleureuse tout \u00e0 la fois.<\/p>\n<p>Ses domaines de recherche ont port\u00e9 sur l\u2019int\u00e9gration europ\u00e9enne, les relations Est-Ouest, les relations \u00e9conomiques internationales et les relations ext\u00e9rieures suisses. Il a publi\u00e9 notamment : \u00ab La Suisse et l\u2019Espace \u00e9conomique europ\u00e9en \u00bb et \u00ab Al\u00e9maniques et Romands entre unit\u00e9 et discorde \u00bb.<\/p>\n<p>Pour les Rencontres Suisses il fut un digne successeur du Professeur Jean-Fran\u00e7ois Bergier, poursuivant une analyse critique, mais admirative, de l\u2019\u00e9volution de notre pays. A cet \u00e9gard il \u00e9crivait en 2001 : \u00ab M\u00eame \u00e9rod\u00e9e, son identit\u00e9, r\u00e9siste \u00e0 l\u2019uniformisation. Fond\u00e9e sur des \u00e9quilibres presque institutionnalis\u00e9s, sa l\u00e9gendaire stabilit\u00e9 politique continue ainsi de faire sa force dans la concurrence entre les nations. La d\u00e9mocratie directe, aussi d\u00e9routante soit-elle, demeure exemplaire. L\u2019\u00e9conomie, malgr\u00e9 les ombres du tableau, conserve solidit\u00e9, efficacit\u00e9 et cr\u00e9dibilit\u00e9. Sonderfall ? Normalfall ? Au fond, devant les d\u00e9fis de l\u2019avenir, c\u2019est du dialogue constructif entre la permanence et le changement, entre la tradition et le renouvellement, que d\u00e9pend le destin de la Conf\u00e9d\u00e9ration \u00bb.<\/p>\n<div align=\"right\">\n\t<em>Contact<\/em>, Rencontres suisses, Nouvelle soci\u00e9t\u00e9 helv\u00e9tique<br \/>\n1re ann\u00e9e, No 2, Octobre 2007<\/div>\n<p>&nbsp;<\/p>\n","protected":false},"excerpt":{"rendered":"<p class=\"excerpt\">C\u2019est avec une infinie tristesse que nous avons d\u00fb prendre cong\u00e9, le 23 juin dernier, du Professeur Pierre du Bois, d\u00e9c\u00e9d\u00e9 soudainement \u00e0 l\u2019\u00e2ge de 64 ans. Il \u00e9tait membre du corps enseignant de l\u2019Institut universitaire des hautes \u00e9tudes internationales (HEI) depuis 1992, professeur invit\u00e9 \u00e0 l\u2019Universit\u00e9 Rober Schuman (Strasbourg), \u00e0 la Diplomatische Akademie (Vienne) et \u00e0 la Fondation europ\u00e9enne&hellip; <a href=\"https:\/\/www.fondation-pierredubois.ch\/fr\/death-of-professor-pierre-du-bois\/\">Read more &rarr;<\/a><\/p>\n","protected":false},"author":55,"featured_media":0,"parent":0,"menu_order":6,"comment_status":"closed","ping_status":"closed","template":"","meta":{"footnotes":""},"class_list":["post-7482","page","type-page","status-publish","hentry","xfolkentry"],"_links":{"self":[{"href":"https:\/\/www.fondation-pierredubois.ch\/fr\/wp-json\/wp\/v2\/pages\/7482","targetHints":{"allow":["GET"]}}],"collection":[{"href":"https:\/\/www.fondation-pierredubois.ch\/fr\/wp-json\/wp\/v2\/pages"}],"about":[{"href":"https:\/\/www.fondation-pierredubois.ch\/fr\/wp-json\/wp\/v2\/types\/page"}],"author":[{"embeddable":true,"href":"https:\/\/www.fondation-pierredubois.ch\/fr\/wp-json\/wp\/v2\/users\/55"}],"replies":[{"embeddable":true,"href":"https:\/\/www.fondation-pierredubois.ch\/fr\/wp-json\/wp\/v2\/comments?post=7482"}],"version-history":[{"count":6,"href":"https:\/\/www.fondation-pierredubois.ch\/fr\/wp-json\/wp\/v2\/pages\/7482\/revisions"}],"predecessor-version":[{"id":15075,"href":"https:\/\/www.fondation-pierredubois.ch\/fr\/wp-json\/wp\/v2\/pages\/7482\/revisions\/15075"}],"wp:attachment":[{"href":"https:\/\/www.fondation-pierredubois.ch\/fr\/wp-json\/wp\/v2\/media?parent=7482"}],"curies":[{"name":"wp","href":"https:\/\/api.w.org\/{rel}","templated":true}]}}