{"id":6811,"date":"2016-11-01T16:59:57","date_gmt":"2016-11-01T16:59:57","guid":{"rendered":"http:\/\/www.fondation-pierredubois.ch\/fr\/?page_id=6811"},"modified":"2018-10-30T12:06:28","modified_gmt":"2018-10-30T12:06:28","slug":"prix-pierre-du-bois-2015-jaclyn-granick","status":"publish","type":"page","link":"https:\/\/www.fondation-pierredubois.ch\/fr\/prix-pierre-du-bois-2015-jaclyn-granick\/","title":{"rendered":"Prix Pierre du Bois 2015 \u2013 Jaclyn Granick"},"content":{"rendered":"<p>Le Prix Pierre du Bois a \u00e9t\u00e9 d\u00e9cern\u00e9 le 11 septembre 2015 au Dr\u00a0Jaclyn Granick (summa cum laude avec f\u00e9licitations du jury) pour sa th\u00e8se intitul\u00e9e \u201cHumanitarian Responses to Jewish Suffering Abroad by American Jewish Organizations, 1914-1929\u201d et soutenue sous la direction du professeur Davide Rodogno.<\/p>\n<p><a class=\"highslide\" href=\"http:\/\/www.fondation-pierredubois.ch\/wp-content\/uploads\/2017\/06\/2015.jpg\"><img decoding=\"async\" style=\"width: 640px; height: 426px;\" src=\"http:\/\/www.fondation-pierredubois.ch\/wp-content\/uploads\/2017\/06\/2015.jpg\" alt=\"hr1\" \/><\/a><\/p>\n<p>The doctoral thesis details the responses of American Jewish organizations to the humanitarian crises and general suffering of Jews abroad during and after the European crisis of World War I. It locates these organizations accordingly in the evolving system of organized internationalist humanitarianism centered in Europe, but with American associations stepping into the arena for the first time. It argues that during and after the Great War, American Jewish overseas philanthropy was a form of political internationalism, connected to American soft diplomacy and social reform efforts, which avoided the League of Nations, entangling alliances, or explicit articulations of a Jewish internationalism or nationalism. Yet, Jewish humanitarianism wandered into American foreign policy and empire building accidentally, due to the contingencies and opportunities involved in navigating a wartime political landscape. This research is based on archival research conducted in Geneva, Jerusalem, New York, Washington, and Cincinnati. It demonstrates the evolution of the focus of American Jewish organizations from channeling funds and finding information in wartime through European Jewish organizations, to direct palliative relief shortly after the war coordinated from Paris, to local reconstruction and rehabilitation efforts aimed at reviving Jewish civil society in the 1920s, revealing the importance of non-state and minority actors in shaping international approaches to humanitarian activity. This work sits at and contributes to the interface between twentieth century American and European transnational history, the history of international humanitarian organizations, and modern Jewish history.<\/p>\n<p>Jaclyn&#8217;s achievements were also recognised on the Graduate Institute, Geneva, website. Please click <a href=\"http:\/\/graduateinstitute.ch\/fr\/home\/relations-publiques\/news-at-the-institute\/news-archives.html\/_\/news\/corporate\/2015\/ceremonie-de-remise-des-diplomes\" target=\"_blank\" rel=\"noopener\">here<\/a>.<\/p>\n<p>&nbsp;<\/p>\n<p>Le Prix Pierre du Bois r\u00e9compense la meilleure th\u00e8se de doctorat en histoire du temps pr\u00e9sent soutenue dans l&#8217;Unit\u00e9\u00a0d&#8217;Histoire internationale de l\u2019Institut de hautes \u00e9tudes internationales et du d\u00e9veloppement \u00e0 Gen\u00e8ve au cours de l&#8217;ann\u00e9e \u00e9coul\u00e9e. Il est dot\u00e9 d\u2019une valeur de 5000 CHF.<\/p>\n<p>&nbsp;<\/p>\n<p>&nbsp;<\/p>\n<p>&nbsp;<\/p>\n","protected":false},"excerpt":{"rendered":"<p class=\"excerpt\">Le Prix Pierre du Bois a \u00e9t\u00e9 d\u00e9cern\u00e9 le 11 septembre 2015 au Dr\u00a0Jaclyn Granick (summa cum laude avec f\u00e9licitations du jury) pour sa th\u00e8se intitul\u00e9e \u201cHumanitarian Responses to Jewish Suffering Abroad by American Jewish Organizations, 1914-1929\u201d et soutenue sous la direction du professeur Davide Rodogno. The doctoral thesis details the responses of American Jewish organizations to the humanitarian crises&hellip; <a href=\"https:\/\/www.fondation-pierredubois.ch\/fr\/prix-pierre-du-bois-2015-jaclyn-granick\/\">Read more &rarr;<\/a><\/p>\n","protected":false},"author":55,"featured_media":0,"parent":0,"menu_order":0,"comment_status":"closed","ping_status":"closed","template":"","meta":{"footnotes":""},"class_list":["post-6811","page","type-page","status-publish","hentry","xfolkentry"],"_links":{"self":[{"href":"https:\/\/www.fondation-pierredubois.ch\/fr\/wp-json\/wp\/v2\/pages\/6811","targetHints":{"allow":["GET"]}}],"collection":[{"href":"https:\/\/www.fondation-pierredubois.ch\/fr\/wp-json\/wp\/v2\/pages"}],"about":[{"href":"https:\/\/www.fondation-pierredubois.ch\/fr\/wp-json\/wp\/v2\/types\/page"}],"author":[{"embeddable":true,"href":"https:\/\/www.fondation-pierredubois.ch\/fr\/wp-json\/wp\/v2\/users\/55"}],"replies":[{"embeddable":true,"href":"https:\/\/www.fondation-pierredubois.ch\/fr\/wp-json\/wp\/v2\/comments?post=6811"}],"version-history":[{"count":8,"href":"https:\/\/www.fondation-pierredubois.ch\/fr\/wp-json\/wp\/v2\/pages\/6811\/revisions"}],"predecessor-version":[{"id":11842,"href":"https:\/\/www.fondation-pierredubois.ch\/fr\/wp-json\/wp\/v2\/pages\/6811\/revisions\/11842"}],"wp:attachment":[{"href":"https:\/\/www.fondation-pierredubois.ch\/fr\/wp-json\/wp\/v2\/media?parent=6811"}],"curies":[{"name":"wp","href":"https:\/\/api.w.org\/{rel}","templated":true}]}}