{"id":4896,"date":"2015-05-07T09:04:53","date_gmt":"2015-05-07T09:04:53","guid":{"rendered":"http:\/\/www.fondation-pierredubois.ch\/?page_id=4896"},"modified":"2017-02-14T14:44:55","modified_gmt":"2017-02-14T14:44:55","slug":"un-parlement-europeen-en-quete-de-legitimite-populaire","status":"publish","type":"page","link":"https:\/\/www.fondation-pierredubois.ch\/fr\/un-parlement-europeen-en-quete-de-legitimite-populaire\/","title":{"rendered":"Un Parlement europ\u00e9en en qu\u00eate de l\u00e9gitimit\u00e9 populaire"},"content":{"rendered":"<div>\n\tAxel Marion\n<\/div>\n<div>\n\tDoctorant &agrave; l&#39;Institut de hautes &eacute;tudes internationales et du d&eacute;veloppement (HEID), Gen&egrave;ve\n<\/div>\n<div>\n\tChercheur associ&eacute; de la Fondation Pierre du Bois&nbsp;\n<\/div>\n<p>\n\t&nbsp;\n<\/p>\n<p style=\"color:#CF1930; text-align: right;\">\n\t<strong>apiers d&#39;actualit&eacute;<br \/>\n\tFondation Pierre du Bois<br \/>\n\tJuin 2009, No 4&nbsp;<\/strong>\n<\/p>\n<p style=\"color:#CF1930;\">\n\tLire sur papier, imprimer ou archiver : <a href=\"http:\/\/www.fondation-pierredubois.ch\/wp-content\/uploads\/2009\/05\/actu04_juin.pdf\" target=\"_blank\">t&eacute;l&eacute;charger le fichier PDF<\/a>\n<\/p>\n<p>\n\tLes &eacute;lections europ&eacute;ennes qui se sont d&eacute;roul&eacute;es du 4 au 7 juin dernier ont mis en lumi&egrave;re une institution centrale et pourtant m&eacute;connue de l&#39;Union: le Parlement europ&eacute;en. Il est en effet paradoxal de constater le manque de connaissance et d&#39;int&eacute;r&ecirc;t populaire envers cet organe, alors m&ecirc;me que sa fonction est d&#39;&ecirc;tre la voix des citoyens au sein des institutions europ&eacute;ennes. L&#39;histoire et le statut complexes de cette Assembl&eacute;e sont des cl&eacute;s essentielles pour comprendre cette situation.\n<\/p>\n<p>\n\tLa premi&egrave;re assembl&eacute;e communautaire est apparue dans le cadre du trait&eacute; fondateur de l&#39;Union europ&eacute;enne, celui &eacute;tablissant une Haute Autorit&eacute; commune et ind&eacute;pendante pour la gestion du charbon et de l&#39;acier (CECA), sign&eacute; en avril 1952 par les six Etats fondateurs de la Communaut&eacute; (France, Allemagne, Italie, Belgique, Pays-Bas et Luxembourg). Inspir&eacute;s par la constitution d&#39;une assembl&eacute;e parlementaire dans le cadre du Conseil de l&#39;Europe, les n&eacute;gociateurs du trait&eacute; (en particulier les N&eacute;erlandais) demand&egrave;rent la constitution d&#39;une Assembl&eacute;e commune &eacute;galement compos&eacute;e de d&eacute;put&eacute;s nationaux. Il importe de rappeler que cette institution n&#39;&eacute;tait pas envisag&eacute;e initialement par les fondateurs de la communaut&eacute; &ndash; Schuman ne l&#39;a par exemple pas mentionn&eacute; lors de son fameux discours du 9 mai 1950 &ndash; et qu&#39;elle &eacute;tait davantage pr&eacute;vue pour assurer un contr&ocirc;le de l&#39;activit&eacute; de la Haute Autorit&eacute; que pour exercer un v&eacute;ritable travail parlementaire. Le trait&eacute; ne lui accorda d&#39;ailleurs que des comp&eacute;tences tr&egrave;s limit&eacute;es &ndash; notamment le contr&ocirc;le du travail de l&#39;Autorit&eacute; et a posteriori seulement. Suivant la doctrine fonctionnaliste pr&eacute;valant aux origines de la construction europ&eacute;enne, tout &eacute;tait mis en &oelig;uvre pour assurer une efficacit&eacute; maximale aux institutions &laquo; techniques &raquo;, dont l&#39;Assembl&eacute;e ne faisait pas partie.\n<\/p>\n<p>\n\tLes f&eacute;d&eacute;ralistes europ&eacute;ens &eacute;taient les premi&egrave;res victimes de cette situation. Alors qu&#39;une Assembl&eacute;e parlementaire pouvait &ecirc;tre une &eacute;tape importante vers l&#39;Europe supranationale qu&#39;ils appelaient de leurs v&oelig;ux, la faiblesse de cette institution n&#39;&eacute;tait pas de bon augure. L&#39;&eacute;chec du trait&eacute; de Communaut&eacute; europ&eacute;enne de d&eacute;fense (CED) en 1954, que l&#39;Assembl&eacute;e commune avait pris comme base pour &eacute;laborer un projet plus ambitieux de communaut&eacute; politique, condamna ainsi pour longtemps le projet f&eacute;d&eacute;raliste europ&eacute;en. Le fait que ce soit une assembl&eacute;e nationale &ndash; fran&ccedil;aise en l&#39;occurrence &ndash; qui condamne la CED &eacute;tait &agrave; ce titre un pied de nez douloureux pour les parlementaires europ&eacute;ens. Dans le m&ecirc;me esprit, les trait&eacute;s de Rome de mars 1957 ne modifi&egrave;rent pas sensiblement les comp&eacute;tences de l&#39;Assembl&eacute;e, bien qu&#39;ils la plac&egrave;rent symboliquement en premi&egrave;re position des institutions communautaires.\n<\/p>\n<p>\n\tMalgr&eacute; ce contexte peu favorable, celle-ci parvint cependant progressivement &agrave; renforcer son r&ocirc;le et d&eacute;velopper ses comp&eacute;tences. La collaboration constructive de la Commission et de l&#39;Assembl&eacute;e &ndash; alli&eacute;s objectifs contre le Conseil, repr&eacute;sentant des Etats membres &ndash; n&#39;y &eacute;tait pas &eacute;trang&egrave;re. Une &eacute;tape d&eacute;cisive fut la d&eacute;cision de l&#39;Assembl&eacute;e en 1962 de se faire appeler &laquo; Parlement europ&eacute;en &raquo;, symbole de la volont&eacute; de construire une v&eacute;ritable autorit&eacute; l&eacute;gislative europ&eacute;enne (on peut noter au passage qu&#39;il fallut attendre l&#39;Acte unique de 1987 pour que cette d&eacute;nomination soit officiellement inscrite dans les trait&eacute;s&hellip;). Dans cet esprit, les d&eacute;put&eacute;s avaient d&eacute;cid&eacute; d&egrave;s 1953 de si&eacute;ger non pas par pays mais par orientation politique et de constituer des groupes partisans au sein de l&#39;h&eacute;micycle.\n<\/p>\n<p>\n\tLes ann&eacute;es soixante ne furent pas pour autant la d&eacute;cennie d&#39;affirmation du Parlement. L&#39;&eacute;chec du plan Fouchet ou la politique de la chaise vide pratiqu&eacute;e par le G&eacute;n&eacute;ral de Gaulle furent autant d&#39;&eacute;cueils sur la route de la construction europ&eacute;enne, dont l&#39;Assembl&eacute;e fut &eacute;galement victime. Par contre, l&#39;octroi progressif de comp&eacute;tences budg&eacute;taires d&egrave;s le d&eacute;but des ann&eacute;es soixante-dix &ndash; notamment un droit de rejet du budget communautaire &ndash; donna au Parlement un r&ocirc;le plus conforme &agrave; ce que l&#39;on peut attendre d&#39;une assembl&eacute;e d&eacute;lib&eacute;rative. Il resta n&eacute;anmoins d&eacute;pourvu de la plupart des comp&eacute;tences l&eacute;gislatives habit uelles, en particulier du droit d&#39;initiative. Mais l&#39;&eacute;lection des d&eacute;put&eacute;s europ&eacute;ens au suffrage universel fut sans doute l&#39;&eacute;tape la plus importante pour le d&eacute;veloppement de cette institution, et ce jusqu&#39;&agrave; aujourd&#39;hui. Cette r&eacute;forme avait &eacute;t&eacute; formul&eacute;e d&egrave;s la fin des ann&eacute;es cinquante par les parlementaires europ&eacute;ens, mais rapidement mise de c&ocirc;t&eacute; par le Conseil. Les nouvelles dynamiques &agrave; l&#39;&oelig;uvre &ndash; &eacute;largissement &agrave; trois nouveaux Etats dont la Grande-Bretagne en 1973, nouvelles comp&eacute;tences pour le Parlement &ndash; permirent cependant de faire avancer la cause, et le Conseil admit en 1975 ce proc&eacute;d&eacute;. Les premi&egrave;res &eacute;lections eurent ainsi lieu en juin 1979, portant sur 410 si&egrave;ges de d&eacute;put&eacute;s.\n<\/p>\n<p>\n\tDeux constats faits par les analystes et la presse apr&egrave;s ce premier scrutin allaient devenir r&eacute;currents d&#39;une &eacute;lection europ&eacute;enne &agrave; l&#39;autre : le faible taux de participation (qui, pourtant, se situait encore &agrave; 73% en 1979&hellip;) et la pr&eacute;dominance des questions de politique int&eacute;rieure des Etats membres. Les scrutins suivants allaient en effet tous confirmer ces tendances. La participation a ainsi chut&eacute; &agrave; 59% en 1984 et 1989, &agrave; environ 49% en 1994 et 1999, et enfin &agrave; 45,5% en 2004 et 43,5% lors des derni&egrave;res &eacute;lections. Ces chiffres sont la plupart du temps consid&eacute;rablement plus bas que ceux des &eacute;lections et votations dans les Etats membres eux-m&ecirc;mes, ce qui tend &agrave; confirmer la faible identification des citoyens avec cette institution. Ce constat doit &ecirc;tre mis en parall&egrave;le avec les orientations tr&egrave;s nationales donn&eacute;es aux diff&eacute;rentes campagnes europ&eacute;ennes. Ces scrutins ont en effet souvent servi &agrave; pl&eacute;bisciter ou au contraire &agrave; sanctionner le pouvoir en place. On peut prendre pour exemple la r&eacute;cente campagne des &eacute;lections europ&eacute;ennes en France, o&ugrave; deux formations au moins (PS et Modem) ont clairement construit leur discours contre le pr&eacute;sident Sarkozy &ndash; en l&#39;occurrence sans succ&egrave;s notable. Il est aussi possible que le manque d&#39;empressement des personnalit&eacute;s politiques nationales de donner de l&#39;importance au Parlement europ&eacute;en &ndash; sans doute afin de pr&eacute;server au maximum les comp&eacute;tences et la centralit&eacute; des parlements nationaux &ndash; explique le manque d&#39;information et d&#39;identification des citoyens envers cette institution.\n<\/p>\n<p>\n\tLes &eacute;lections europ&eacute;ennes ont &eacute;t&eacute;, durant ces trente derni&egrave;res ann&eacute;es, le reflet assez fid&egrave;le de l&#39;&eacute;volution des sensibilit&eacute;s politiques en Europe. On constate par exemple le tassement de l&#39;extr&ecirc;me gauche (33 si&egrave;ges en 2009 contre 44 en 1979) et, inversement, l&#39;&eacute;mergence de la droite souverainiste ou extr&ecirc;me (71 si&egrave;ges en 2004 contre 22 en 1979, avec certes un recul &agrave; 35 en 2009). Comme dans les Etats membres, le mouvement &eacute;cologiste a &eacute;galement connu un essor important (52 si&egrave;ges en 2009 contre 20 en 1979). Globalement, la droite lib&eacute;rale et d&eacute;mocrate-chr&eacute;tienne est rest&eacute;e la force la plus importante du Parlement durant ces trente ann&eacute;es, ce que les &eacute;lections de ce mois de juin sont venues confirmer.\n<\/p>\n<p>\n\tSur le plan institutionnel, cette p&eacute;riode a vu le renforcement des comp&eacute;tences du Parlement &ndash; sans compter ses agrandissements successifs suite aux diff&eacute;rents &eacute;largissements. L&#39;assembl&eacute;e fut associ&eacute;e plus &eacute;troitement aux proc&eacute;dures budg&eacute;taires, et obtint surtout d&egrave;s 1983 un droit de regard sur la nomination du Pr&eacute;sident de la Commission. L&#39;Acte Unique de 1987 lui offrit &eacute;galement un pouvoir de contr&ocirc;le sur certains accords internationaux conclus par la Communaut&eacute;. Enfin, le trait&eacute; de Maastricht conf&eacute;ra au Parlement un droit de co-d&eacute;cision sur la l&eacute;gislation europ&eacute;enne, dont la port&eacute;e fut &eacute;tendue avec les trait&eacute;s suivants, et l&#39;associa &agrave; la nomination de la Commission dans son ensemble. Ces r&eacute;formes, coupl&eacute;es au dynamisme dont firent preuve les d&eacute;put&eacute;s europ&eacute;ens, contribu&egrave;rent &agrave; renforcer la place et le r&ocirc;le du Parlement au sein des institutions de l&#39;Union.\n<\/p>\n<p>\n\tPourtant, force est de constater que cet organe n&#39;a pas (encore) trouv&eacute; sa place dans le c&oelig;ur et l&#39;esprit des citoyens europ&eacute;ens. Comme nous le sugg&eacute;rons ici, cela s&#39;explique en grande partie par les al&eacute;as du d&eacute;veloppement de cette institution. Dans un audacieux exercice de synth&eacute;tisation, la situation pourrait &ecirc;tre r&eacute;sum&eacute;e comme suit :\n<\/p>\n<p>\n\t&ndash; <em>Le Parlement souffre d&#39;un d&eacute;ficit de l&eacute;gitimit&eacute;<\/em>, qui d&eacute;coule &agrave; la fois de ses comp&eacute;tences tronqu&eacute;es (quoique celles-ci s&#39;approchent maintenant de celles d&#39;un parlement national) et du statut particulier de l&#39;Union elle-m&ecirc;me, partag&eacute;e entre inter&eacute;tatisme et supranationalisme. Cet &eacute;tat de fait emp&ecirc;che une identification satisfaisante des citoyens avec le Parlement europ&eacute;en.\n<\/p>\n<p>\n\t&ndash; <em>Il manque un espace politique europ&eacute;en unifi&eacute;<\/em>. Les &eacute;lections se d&eacute;roulant &agrave; l&#39;&eacute;chelle des Etats, sans figures charismatiques transnationales ni v&eacute;ritables partis politiques europ&eacute;ens, les enjeux nationaux restent forc&eacute;ment pr&eacute;pond&eacute;rants. D&egrave;s lors, l&#39;information des citoyens n&#39;est ni compl&egrave;te, ni objective. Les projets v&eacute;ritablement europ&eacute;ens ne sont donc pas audibles dans ce contexte.\n<\/p>\n<p>\n\tL&#39;avenir dira si l&#39;&eacute;volution future de l&#39;Union permettra de clarifier ces questions fondamentales. C&#39;est sans doute &agrave; ce prix que le Parlement europ&eacute;en b&eacute;n&eacute;ficiera de la l&eacute;gitimit&eacute; populaire qui lui fait tant d&eacute;faut aujourd&#39;hui.\n<\/p>\n<p>\n\t14.06.09\n<\/p>\n<p>\n\t&nbsp;\n<\/p>\n<p>\n\t<strong>Pour en savoir plus<\/strong>\n<\/p>\n<p>\n\tJean-Louis BURBAN, <em>Le Parlement europ&eacute;en<\/em>, PUF (coll. Que sais-je ?), Paris, 1997\n<\/p>\n<p>\n\tRichard CORBETT et al., <em>T<\/em><em>he European Parliament (4th Edition)<\/em>, John Harper Publishing, London, 2000\n<\/p>\n<p>\n\tOlivier COSTA, <em>Le Parlement europ&eacute;en, assembl&eacute;e d&eacute;lib&eacute;rante<\/em>, &eacute;d. de l&#39;Universit&eacute; de Bruxelles, Bruxelles, 2001\n<\/p>\n<p>\n\tBerthold RITTBERGER, <em>Build<\/em><em>ing Europe&#39;s Parliament, Democratic Representation beyond the Nation-State<\/em>, Oxford University Press, Oxford, 2005\n<\/p>\n<p>\n\t&nbsp;\n<\/p>\n<p>\n\t&nbsp;\n<\/p>\n<p>\n\t&nbsp;\n<\/p>\n<p>\n\tDisclaimer: The views expressed in this paper are those of the author alone and do not necessarily reflect the opinion of the Foundation.\n<\/p>\n<p>\n\t&nbsp;\n<\/p>\n<p>\n\t&nbsp;\n<\/p>\n<p style=\"text-align: right;\">\n\t&nbsp;\n<\/p>\n<p style=\"text-align: right;\">\n\t<span style=\"font-size:12px;\"><em>Mise &agrave; jour le Mercredi, 24 Mars 2010 12:03 <\/em><\/span><span style=\"font-size:12px;\"><em> <\/em><\/span>\n<\/p>\n<p>\n\t&nbsp;\n<\/p>\n<p>\n\t&nbsp;<\/p>\n","protected":false},"excerpt":{"rendered":"<p class=\"excerpt\">Axel Marion Doctorant &agrave; l&#39;Institut de hautes &eacute;tudes internationales et du d&eacute;veloppement (HEID), Gen&egrave;ve Chercheur associ&eacute; de la Fondation Pierre du Bois&nbsp; &nbsp; apiers d&#39;actualit&eacute; Fondation Pierre du Bois Juin 2009, No 4&nbsp; Lire sur papier, imprimer ou archiver : t&eacute;l&eacute;charger le fichier PDF Les &eacute;lections europ&eacute;ennes qui se sont d&eacute;roul&eacute;es du 4 au 7 juin dernier ont mis en&hellip; <a href=\"https:\/\/www.fondation-pierredubois.ch\/fr\/un-parlement-europeen-en-quete-de-legitimite-populaire\/\">Read more &rarr;<\/a><\/p>\n","protected":false},"author":55,"featured_media":0,"parent":0,"menu_order":49,"comment_status":"closed","ping_status":"closed","template":"","meta":{"footnotes":""},"class_list":["post-4896","page","type-page","status-publish","hentry","xfolkentry"],"_links":{"self":[{"href":"https:\/\/www.fondation-pierredubois.ch\/fr\/wp-json\/wp\/v2\/pages\/4896","targetHints":{"allow":["GET"]}}],"collection":[{"href":"https:\/\/www.fondation-pierredubois.ch\/fr\/wp-json\/wp\/v2\/pages"}],"about":[{"href":"https:\/\/www.fondation-pierredubois.ch\/fr\/wp-json\/wp\/v2\/types\/page"}],"author":[{"embeddable":true,"href":"https:\/\/www.fondation-pierredubois.ch\/fr\/wp-json\/wp\/v2\/users\/55"}],"replies":[{"embeddable":true,"href":"https:\/\/www.fondation-pierredubois.ch\/fr\/wp-json\/wp\/v2\/comments?post=4896"}],"version-history":[{"count":3,"href":"https:\/\/www.fondation-pierredubois.ch\/fr\/wp-json\/wp\/v2\/pages\/4896\/revisions"}],"predecessor-version":[{"id":8523,"href":"https:\/\/www.fondation-pierredubois.ch\/fr\/wp-json\/wp\/v2\/pages\/4896\/revisions\/8523"}],"wp:attachment":[{"href":"https:\/\/www.fondation-pierredubois.ch\/fr\/wp-json\/wp\/v2\/media?parent=4896"}],"curies":[{"name":"wp","href":"https:\/\/api.w.org\/{rel}","templated":true}]}}