{"id":4894,"date":"2015-05-07T09:03:35","date_gmt":"2015-05-07T09:03:35","guid":{"rendered":"http:\/\/www.fondation-pierredubois.ch\/?page_id=4894"},"modified":"2017-02-14T14:38:15","modified_gmt":"2017-02-14T14:38:15","slug":"touchant-au-coeur-du-regime-islamique-la-crise-est-loin-detre-terminee","status":"publish","type":"page","link":"https:\/\/www.fondation-pierredubois.ch\/fr\/touchant-au-coeur-du-regime-islamique-la-crise-est-loin-detre-terminee\/","title":{"rendered":"Touchant au coeur du r\u00e9gime islamique, la crise est loin d&#8217;\u00eatre termin\u00e9e"},"content":{"rendered":"<div>\n\tMohammad-Reza Djalili*\n<\/div>\n<div>\n\tProfesseur &agrave; l&#39;Institut de hautes &eacute;tudes internationales et du d&eacute;veloppement (HEID), Gen&egrave;ve\n<\/div>\n<p>\n\t&nbsp;\n<\/p>\n<p style=\"color:#CF1930; text-align: right;\">\n\t<strong>Papiers d&#39;actualit&eacute;<br \/>\n\tFondation Pierre du Bois<br \/>\n\tJuin 2009, No 5&nbsp;<\/strong>\n<\/p>\n<p>\n\t&nbsp;\n<\/p>\n<p style=\"color:#CF1930;\">\n\tLire sur papier, imprimer ou archiver : <a href=\"http:\/\/www.fondation-pierredubois.ch\/wp-content\/uploads\/2009\/05\/actu05_juin.pdf\" target=\"_blank\">t&eacute;l&eacute;charger le fichier PDF<\/a>\n<\/p>\n<p>\n\t&nbsp;\n<\/p>\n<p>\n\tD&eacute;clench&eacute;e &agrave; la suite de la pr&eacute;sidentielle du 12 juin, la crise iranienne est certainement la plus grave crise interne qu&#39;ait connue le r&eacute;gime islamique depuis 1979. Elle est encore loin d&#39;&ecirc;tre achev&eacute;e. Cependant, deux semaines &agrave; peine apr&egrave;s l&#39;&eacute;lection contest&eacute;e de M. Ahmadinejad, elle a d&eacute;j&agrave; produit des effets importants tant &agrave; l&#39;int&eacute;rieur du pays que sur le plan international.\n<\/p>\n<p>\n\tA l&#39;int&eacute;rieur, elle a fait perdre au pouvoir une part importante de sa l&eacute;gitimit&eacute;. En effet, les &eacute;lections en Iran &ndash; municipales, parlementaires et surtout pr&eacute;sidentielles -, n&#39;ont pas pour but la repr&eacute;sentation puisqu&#39;elles ne sont pas d&eacute;mocratiques, les candidats &eacute;tant s&eacute;lectionn&eacute;s au pr&eacute;alable par une instance sup&eacute;rieure du r&eacute;gime, le Conseil des gardiens. Ces &eacute;lections ont un autre objectif, bien plus fondamental pour le r&eacute;gime : la l&eacute;gitimation d&#39;un pouvoir r&eacute;volutionnaire qui se veut populaire et se pr&eacute;sente comme massivement soutenu par les citoyens. Si, comme c&#39;est le cas dans cette &eacute;lection pr&eacute;sidentielle, l&#39;honn&ecirc;tet&eacute; du scrutin est vivement contest&eacute;e par une grande partie de la population, c&#39;est donc bien &eacute;videmment la l&eacute;gitimit&eacute; de tout l&#39;&eacute;difice r&eacute;volutionnaire qui est atteinte.\n<\/p>\n<p>\n\tLa deuxi&egrave;me cons&eacute;quence sur le plan interne est la r&eacute;action massive et spontan&eacute;e de la popula tion iranienne qui, par centaines de milliers de personnes, bravant les dangers et les interdits du pouvoir, est descendue dans les rues pour r&eacute;clamer ses votes &quot;vol&eacute;s&quot; et ses droits bafou&eacute;s. Certes, en quelques jours, les forces de r&eacute;pression et les miliciens du r&eacute;gime ont repris, par l&#39;intimidation et la violence, le contr&ocirc;le de la rue, mais en m&ecirc;me temps, ces manifestations ont eu le m&eacute;rite de permettre aux Iraniens de reprendre confiance en eux-m&ecirc;mes. Pour la premi&egrave;re fois, apr&egrave;s tant d&#39;ann&eacute;es, les Iraniens se rendent compte qu&#39;ils sont tr&egrave;s nombreux &agrave; ne pas avoir renonc&eacute; &agrave; leur libert&eacute; et au d&eacute;sir de changement, et qu&#39;ils sont toujours capables, quand l&#39;occasion se pr&eacute;sente, de d&eacute;fier l&#39;ordre qui leur est impos&eacute;.\n<\/p>\n<p>\n\tUn autre tabou a aussi vol&eacute; en &eacute;clats, celui du r&ocirc;le du Guide supr&ecirc;me, pierre angulaire de la th&eacute;ocratie islamique iranienne. Le Guide, &agrave; l&#39;instar de son pr&eacute;d&eacute;cesseur l&#39;ayatollah Khomeyni, a toujours voulu se pr&eacute;senter comme une personnalit&eacute; au-dessus de la m&ecirc;l&eacute;e, intervenant en dernier ressort, pour mettre un terme aux divergences opposant les factions rivales. M&ecirc;me s&#39;il n&#39;a jamais &eacute;t&eacute; l&#39;arbitre qu&#39;il pr&eacute;tend &ecirc;tre et qu&#39;il a toujours favoris&eacute; les tendances les plus radicales, il voulait n&eacute;anmoins pr&eacute;server cette image de p&egrave;re du r&eacute;gime.\n<\/p>\n<p>\n\tMais dans cette derni&egrave;re &eacute;lection pr&eacute;sidentielle, il n&#39;a pu cacher sa pr&eacute;f&eacute;rence pour l&#39;ultraconservateur Ahma dinejad, discr&egrave;tement au d&eacute;part, et puis ouvertement apr&egrave;s l&#39;&eacute;lection. Ainsi, l&#39;arbitre qu&#39;il pr&eacute;tendait &ecirc;tre est-il devenu la cible des contestataires des r&eacute;sultats officiels du scrutin. Ce qui &eacute;tait impensable quelques jours auparavant s&#39;est produit : des manifestants ont d&eacute;fil&eacute; dans les rues iraniennes aux cris in&eacute;dits de &quot;mort &agrave; Khamenei&quot;.\n<\/p>\n<p>\n\tQuatri&egrave;me cons&eacute;quence : l&#39;approfondissement, sans pr&eacute;c&eacute;dent, du conflit &agrave; l&#39;int&eacute;rieur du s&eacute;rail de la R&eacute;publique islamique. D&eacute;sormais, un foss&eacute; tr&egrave;s difficilement franchissable s&eacute;pare les deux p&ocirc;les importants du r&eacute;gime. D&#39;un c&ocirc;t&eacute;, on trouve p&ecirc;le-m&ecirc;le, autour de Hachemi Rafsandjani, les pragmatiques, les r&eacute;formateurs, les mod&eacute;r&eacute;s, certains conservateurs et, d&#39;une mani&egrave;re particuli&egrave;re, une grande figure religieuse comme l&#39;ayatollah Montazeri. De l&#39;autre, autour du Guide, sont regroup&eacute;s les ultraconservateurs, la plupart des pasdarans et autres basidji auxquels il faut ajouter certains religieux comme Mesbah Yazdi, qui sont carr&eacute;ment favorables &agrave; un &quot;gouvernement islamique&quot;, et ne veulent m&ecirc;me pas d&#39;une &quot;R&eacute;publique&quot; islamique.\n<\/p>\n<p>\n\tSur le plan r&eacute;gional et international aussi, les cons&eacute;quences de la crise actuelle sont d&eacute;j&agrave; tr&egrave;s nombreuses. Cette derni&egrave;re a fait perdre au r&eacute;gime une part de sa cr&eacute;dibilit&eacute;. De mani&egrave;re g&eacute;n&eacute;rale, l&#39;image de l&#39;Iran tant comme &quot;puissance stable&quot; que comme &quot;puissance montante&quot; a &eacute;t&eacute; fortement endommag&eacute;e, en m&ecirc;me temps que ses capacit&eacute;s d&#39;influence ont &eacute;t&eacute; r&eacute;duites. Par ailleurs, en Occident, chez ceux qui soulignaient les aspects &quot;d&eacute;mocratiques&quot; du syst&egrave;me politique iranien par rapport &agrave; ses voisins, il y a une r&eacute;elle d&eacute;sillusion.\n<\/p>\n<p>\n\tQuoi qu&#39;il arrive, il semble &eacute;vident que d&eacute;sormais les priorit&eacute;s du pouvoir islamique vont aller avant tout &agrave; la gestion de la situation interne et non &agrave; la politique ext&eacute;rieure. Par ailleurs, pour les mouvements islamistes en g&eacute;n&eacute;ral, chiites et sunnites confondus, qui consid&eacute;raient la R&eacute;publique islamique comme un &quot;mod&egrave;le&quot;, un &quot;exemple&quot; &agrave; suivre, la d&eacute;ception est certaine. Des mouvements comme le Hezbollah libanais, le Hamas palestinien et certaines organisations chiites irakiennes, toutes proches de l&#39;Iran, s&#39;inqui&egrave;tent &agrave; la fois d&#39;une diminution du soutien mat&eacute;riel de l&#39;Iran et du risque d&#39;&ecirc;tre, eux aussi, touch&eacute;s par les vagues d&eacute;clench&eacute;es &agrave; la suite de la crise que conna&icirc;t leur alli&eacute; iranien.\n<\/p>\n<p>\n\tParmi les gouvernements arabes, l&#39;inqui&eacute;tude est de mise &agrave; Damas, proche de T&eacute;h&eacute;ran, tandis que les autres capitales se r&eacute;jouissent des revers que conna&icirc;t M. Ahmadinejad, tr&egrave;s populaire aupr&egrave;s de leurs populations, tout en craignant que ces manifestations de masse ne leur donnent des id&eacute;es.\n<\/p>\n<p>\n\tQuant aux deux questions principales qui pr&eacute;occupent la communaut&eacute; internationale, &agrave; savoir la question nucl&eacute;aire et les relations avec Washington, affaires d&#39;ailleurs li&eacute;es, il est trop t&ocirc;t pour &eacute;noncer un pronostic d&eacute;finitif. Mais prenant en compte la politique pass&eacute;e du tandem Khamenei- Ahmadinejad, il semble improbable qu&#39;ils mod&egrave;rent leur comportement. Dans leur esprit, il n&#39;est pas exclu que l&#39;option pour une attitude dure soit un bon moyen pour retrouver une cr&eacute;dibilit&eacute; perdue.\n<\/p>\n<p>\n\t&nbsp;\n<\/p>\n<p>\n\t* Cet article est paru dans <em>Le Monde<\/em> du 1er juillet 2009.\n<\/p>\n<p>\n\t&nbsp;\n<\/p>\n<p>\n\tDisclaimer: The views expressed in this paper are those of the author alone and do not necessarily reflect the opinion of the Foundation.\n<\/p>\n<p>\n\t&nbsp;\n<\/p>\n<p style=\"text-align: right;\">\n\t&nbsp;\n<\/p>\n<p style=\"text-align: right;\">\n\t&nbsp;\n<\/p>\n<p style=\"text-align: right;\">\n\t<span style=\"font-size:12px;\"><em>Mise &agrave; jour le Mercredi, 24 Mars 2010 12:02 <\/em><\/span>\n<\/p>\n<p>\n\t&nbsp;<\/p>\n","protected":false},"excerpt":{"rendered":"<p class=\"excerpt\">Mohammad-Reza Djalili* Professeur &agrave; l&#39;Institut de hautes &eacute;tudes internationales et du d&eacute;veloppement (HEID), Gen&egrave;ve &nbsp; Papiers d&#39;actualit&eacute; Fondation Pierre du Bois Juin 2009, No 5&nbsp; &nbsp; Lire sur papier, imprimer ou archiver : t&eacute;l&eacute;charger le fichier PDF &nbsp; D&eacute;clench&eacute;e &agrave; la suite de la pr&eacute;sidentielle du 12 juin, la crise iranienne est certainement la plus grave crise interne qu&#39;ait connue&hellip; <a href=\"https:\/\/www.fondation-pierredubois.ch\/fr\/touchant-au-coeur-du-regime-islamique-la-crise-est-loin-detre-terminee\/\">Read more &rarr;<\/a><\/p>\n","protected":false},"author":55,"featured_media":0,"parent":0,"menu_order":48,"comment_status":"closed","ping_status":"closed","template":"","meta":{"footnotes":""},"class_list":["post-4894","page","type-page","status-publish","hentry","xfolkentry"],"_links":{"self":[{"href":"https:\/\/www.fondation-pierredubois.ch\/fr\/wp-json\/wp\/v2\/pages\/4894","targetHints":{"allow":["GET"]}}],"collection":[{"href":"https:\/\/www.fondation-pierredubois.ch\/fr\/wp-json\/wp\/v2\/pages"}],"about":[{"href":"https:\/\/www.fondation-pierredubois.ch\/fr\/wp-json\/wp\/v2\/types\/page"}],"author":[{"embeddable":true,"href":"https:\/\/www.fondation-pierredubois.ch\/fr\/wp-json\/wp\/v2\/users\/55"}],"replies":[{"embeddable":true,"href":"https:\/\/www.fondation-pierredubois.ch\/fr\/wp-json\/wp\/v2\/comments?post=4894"}],"version-history":[{"count":3,"href":"https:\/\/www.fondation-pierredubois.ch\/fr\/wp-json\/wp\/v2\/pages\/4894\/revisions"}],"predecessor-version":[{"id":8519,"href":"https:\/\/www.fondation-pierredubois.ch\/fr\/wp-json\/wp\/v2\/pages\/4894\/revisions\/8519"}],"wp:attachment":[{"href":"https:\/\/www.fondation-pierredubois.ch\/fr\/wp-json\/wp\/v2\/media?parent=4894"}],"curies":[{"name":"wp","href":"https:\/\/api.w.org\/{rel}","templated":true}]}}