{"id":4330,"date":"2015-04-30T09:09:23","date_gmt":"2015-04-30T09:09:23","guid":{"rendered":"http:\/\/www.fondation-pierredubois.ch\/?page_id=4330"},"modified":"2017-04-20T16:34:10","modified_gmt":"2017-04-20T16:34:10","slug":"prix-pierre-du-bois-2010-anne-sophie-bentz","status":"publish","type":"page","link":"https:\/\/www.fondation-pierredubois.ch\/fr\/prix-pierre-du-bois\/prix-pierre-du-bois-2010-anne-sophie-bentz\/","title":{"rendered":"Prix Pierre du Bois 2010 &#8211; Anne-Sophie Bentz"},"content":{"rendered":"<p style=\"margin: 0px 0px 7px; color: rgb(0, 0, 0);\">\n\tLe Prix Pierre du Bois a &eacute;t&eacute; attribu&eacute; le 17 septembre 2010 au Dr Anne-Sophie Bentz pour sa th&egrave;se intitul&eacute;e &laquo;Le nationalisme et l&rsquo;exil : le cas des r&eacute;fugi&eacute;s tib&eacute;tains en Inde&raquo;.\n<\/p>\n<h5 style=\"padding: 0px; margin: 10px 0px 2px; font-size: 1.1em; color: rgb(0, 0, 0); font-family: Arial, sans-serif; line-height: 16.7999992370605px; text-align: justify;\">\n\t<span style=\"color: rgb(100, 100, 100);\"><a class=\"highslide\" href=\"http:\/\/www.fondation-pierredubois.ch\/wp-content\/uploads\/2009\/05\/prixdubois2010.jpg\" style=\"color: rgb(207, 25, 48);\"><img decoding=\"async\" alt=\"prixdubois2010\" class=\"image-gauche-seule\" src=\"http:\/\/www.fondation-pierredubois.ch\/images\/stories\/PrixduBois\/prixdubois2010.jpg\" style=\"border-width: 0px; float: left; margin: 0px 15px 5px 0px; clear: both; width: 299px; height: 200px;\" \/><\/a><\/span><br \/>\n<\/h5>\n<p>\n\t<span style=\"color: rgb(100, 100, 100);\"><a class=\"highslide\" href=\"http:\/\/www.fondation-pierredubois.ch\/wp-content\/uploads\/2009\/05\/couv_bentz_3_lowres.png\" style=\"color: rgb(207, 25, 48);\"><img decoding=\"async\" alt=\"Couverture &quot;Les r\u00e9fugi\u00e9s tib\u00e9tains en Inde&quot;, Anne-Sophie Bentz\" class=\"image-gauche-seule\" src=\"http:\/\/www.fondation-pierredubois.ch\/images\/stories\/PrixduBois\/couv_bentz_3_lowres.png\" style=\"border-width: 0px; float: left; margin: 0px 15px 5px 0px; clear: both; width: 299px; height: 200px;\" \/><\/a><\/span>Vu sa qualit&eacute; remarquable, le travail de Anne-Sophie Bentz vient d&rsquo;&ecirc;tre publi&eacute; sous le titre &laquo; Les r&eacute;fugi&eacute;s tib&eacute;tains en Inde. Nationalisme et exil &raquo; aux &eacute;ditions Graduate Institute Geneva Publications\/ Presses Universitaires de France.\n<\/p>\n<p>\n\tCette th&egrave;se interroge les rapports entre le nationalisme et l&rsquo;exil chez les r&eacute;fugi&eacute;s tib&eacute;tains en Inde. Deux questions ont guid&eacute; la r&eacute;flexion de l&rsquo;auteur : celle de l&rsquo;existence de la nation tib&eacute;taine &ndash; &laquo; y a-t-il une nation tib&eacute;taine ? &raquo; &ndash;, qui conduit progressivement &agrave; l&rsquo;autre question, celle de l&rsquo;autod&eacute;termination &eacute;ventuelle de la nation tib&eacute;taine &ndash; &laquo; la nation tib&eacute;taine doit-elle (re)devenir un Etat ind&eacute;pendant ? &raquo;. L&rsquo;hypoth&egrave;se qui sous-tend ce travail est que la nation tib&eacute;taine est, paradoxalement, une cr&eacute;ation de l&rsquo;exil. Sont analys&eacute;s successivement l&rsquo;applicabilit&eacute; des th&eacute;ories du nationalisme au cas tib&eacute;tain, les diff&eacute;rentes interpr&eacute;tations de l&rsquo;histoire du Tibet, les principaux acteurs de la nation tib&eacute;taine, &agrave; savoir, le Dala&iuml;-Lama et les r&eacute;fugi&eacute;s tib&eacute;tains, qui ont &eacute;t&eacute; interrog&eacute;s dans les camps de r&eacute;fugi&eacute;s en Inde au cours d&rsquo;enqu&ecirc;tes de terrain, la place de l&rsquo;Inde dans le d&eacute;veloppement du nationalisme tib&eacute;tain, ainsi que la question du Tibet dans les relations internationales.\n<\/p>\n<p>\n\t&nbsp;\n<\/p>\n<p>\n\tLe Prix Pierre du Bois r&eacute;compense la meilleure th&egrave;se de doctorat en histoire du temps pr&eacute;sent soutenue dans l&#39;Unit&eacute; d&#39;Histoire et politique internationales de l&rsquo;Institut de hautes &eacute;tudes internationales et du d&eacute;veloppement &agrave; Gen&egrave;ve au cours de l&#39;ann&eacute;e &eacute;coul&eacute;e. Il est dot&eacute; d&rsquo;une valeur de 5000 CHF.\n<\/p>\n<p style=\"padding: 0px; margin: 0px 0px 7px; color: rgb(0, 0, 0); font-family: Arial, sans-serif; font-size: 12px; line-height: 16.7999992370605px; text-align: justify;\">\n\t&nbsp;<\/p>\n","protected":false},"excerpt":{"rendered":"<p class=\"excerpt\">Le Prix Pierre du Bois a &eacute;t&eacute; attribu&eacute; le 17 septembre 2010 au Dr Anne-Sophie Bentz pour sa th&egrave;se intitul&eacute;e &laquo;Le nationalisme et l&rsquo;exil : le cas des r&eacute;fugi&eacute;s tib&eacute;tains en Inde&raquo;. Vu sa qualit&eacute; remarquable, le travail de Anne-Sophie Bentz vient d&rsquo;&ecirc;tre publi&eacute; sous le titre &laquo; Les r&eacute;fugi&eacute;s tib&eacute;tains en Inde. Nationalisme et exil &raquo; aux &eacute;ditions Graduate&hellip; <a href=\"https:\/\/www.fondation-pierredubois.ch\/fr\/prix-pierre-du-bois\/prix-pierre-du-bois-2010-anne-sophie-bentz\/\">Read more &rarr;<\/a><\/p>\n","protected":false},"author":55,"featured_media":1790,"parent":4324,"menu_order":3,"comment_status":"closed","ping_status":"closed","template":"","meta":{"footnotes":""},"class_list":["post-4330","page","type-page","status-publish","has-post-thumbnail","hentry","xfolkentry"],"_links":{"self":[{"href":"https:\/\/www.fondation-pierredubois.ch\/fr\/wp-json\/wp\/v2\/pages\/4330","targetHints":{"allow":["GET"]}}],"collection":[{"href":"https:\/\/www.fondation-pierredubois.ch\/fr\/wp-json\/wp\/v2\/pages"}],"about":[{"href":"https:\/\/www.fondation-pierredubois.ch\/fr\/wp-json\/wp\/v2\/types\/page"}],"author":[{"embeddable":true,"href":"https:\/\/www.fondation-pierredubois.ch\/fr\/wp-json\/wp\/v2\/users\/55"}],"replies":[{"embeddable":true,"href":"https:\/\/www.fondation-pierredubois.ch\/fr\/wp-json\/wp\/v2\/comments?post=4330"}],"version-history":[{"count":11,"href":"https:\/\/www.fondation-pierredubois.ch\/fr\/wp-json\/wp\/v2\/pages\/4330\/revisions"}],"predecessor-version":[{"id":9188,"href":"https:\/\/www.fondation-pierredubois.ch\/fr\/wp-json\/wp\/v2\/pages\/4330\/revisions\/9188"}],"up":[{"embeddable":true,"href":"https:\/\/www.fondation-pierredubois.ch\/fr\/wp-json\/wp\/v2\/pages\/4324"}],"wp:featuredmedia":[{"embeddable":true,"href":"https:\/\/www.fondation-pierredubois.ch\/fr\/wp-json\/wp\/v2\/media\/1790"}],"wp:attachment":[{"href":"https:\/\/www.fondation-pierredubois.ch\/fr\/wp-json\/wp\/v2\/media?parent=4330"}],"curies":[{"name":"wp","href":"https:\/\/api.w.org\/{rel}","templated":true}]}}