{"id":4324,"date":"2015-04-30T08:56:46","date_gmt":"2015-04-30T08:56:46","guid":{"rendered":"http:\/\/www.fondation-pierredubois.ch\/?page_id=4324"},"modified":"2026-01-13T08:43:23","modified_gmt":"2026-01-13T08:43:23","slug":"prix-pierre-du-bois","status":"publish","type":"page","link":"https:\/\/www.fondation-pierredubois.ch\/fr\/prix-pierre-du-bois\/","title":{"rendered":"Le Prix Pierre du Bois"},"content":{"rendered":"<div>\n<div style=\"text-align: justify;\">\n<p>Le Prix Pierre du Bois r\u00e9compense la meilleure th\u00e8se de doctorat en histoire du temps pr\u00e9sent soutenue au cours de l\u2019ann\u00e9e \u00e9coul\u00e9e \u00e0 l\u2019Institut de hautes \u00e9tudes internationales et du d\u00e9veloppement \u00e0 Gen\u00e8ve, dans l\u2019unit\u00e9 d\u2019histoire internationale. Il est dot\u00e9 d\u2019une valeur de 5000 CHF.<\/p>\n<div>\n<hr \/>\n<\/div>\n<div>\n<p>&nbsp;<\/p>\n<p><a href=\"https:\/\/www.fondation-pierredubois.ch\/fr\/19196-2\/\">Prix Pierre du Bois 2025 &#8211; Fernanda de Oliveira and Oluwa\u1e63eun Ot\u1ecdsed\u1eb9 Williams<\/a><\/p>\n<p><a href=\"https:\/\/www.fondation-pierredubois.ch\/fr\/kai-habel-2024\/\">Prix Pierre du Bois 2024<\/a> <a href=\"https:\/\/www.fondation-pierredubois.ch\/fr\/2023-amal-shahid\/\">\u2013 Kai Habel<\/a><\/p>\n<p><a href=\"https:\/\/www.fondation-pierredubois.ch\/fr\/2023-amal-shahid\/\">Prix Pierre du Bois 2023<\/a> <a href=\"https:\/\/www.fondation-pierredubois.ch\/fr\/2023-amal-shahid\/\">\u2013 Amal Shahid<\/a><\/p>\n<p><a href=\"https:\/\/www.fondation-pierredubois.ch\/fr\/16975-2\/\">Pix Pierre du Bois 2022 <\/a><a href=\"https:\/\/www.fondation-pierredubois.ch\/fr\/16975-2\/\">\u2013<\/a><a href=\"https:\/\/www.fondation-pierredubois.ch\/fr\/16975-2\/\"> Michele Sollai and Joel Alfred Veldkamp<\/a><\/p>\n<p><a href=\"http:\/\/www.fondation-pierredubois.ch\/fr\/prix-pierre-du-bois\/prix-pierre-du-bois-2020-paroma-ghose\/\">Prix Pierre du Bois <\/a><a href=\"http:\/\/www.fondation-pierredubois.ch\/prix-pierre-du-bois\/the-pierre-du-bois-prize-2021-geoffroy-legentilhomme\/\"> 2021 \u2013 Geoffroy Legentilhomme<\/a><\/p>\n<p><a href=\"http:\/\/www.fondation-pierredubois.ch\/fr\/prix-pierre-du-bois\/prix-pierre-du-bois-2020-paroma-ghose\/\">Prix Pierre du Bois 2020 \u2013 Paroma Ghose<\/a><\/p>\n<\/div>\n<p><a href=\"http:\/\/www.fondation-pierredubois.ch\/fr\/prix-pierre-du-bois\/the-pierre-du-bois-prize-2019-vsevolod-kritskiy\/\">Prix Pierre du Bois 2019 \u2013 Vsevolod Kritskiy<\/a><\/p>\n<p><a href=\"http:\/\/www.fondation-pierredubois.ch\/fr\/prix-pierre-du-bois\/the-pierre-du-bois-prize-2018-caio-simoes-de-araujo\/\">Prix Pierre du Bois 2018 &#8211; Caio Sim\u00f5es de Ara\u00fajo<\/a><\/p>\n<p><a href=\"http:\/\/www.fondation-pierredubois.ch\/prix-pierre-du-bois\/pierre-du-bois-prize-2017-felix-christoph-ohnmacht\/\">Prix Pierre du Bois 2017 &#8211; Felix Christoph Ohnmacht<\/a><\/p>\n<p><a href=\"http:\/\/www.fondation-pierredubois.ch\/prix-pierre-du-bois-2016-emmanuel-dalle-mulle\/\">Prix Pierre du Bois 2016 &#8211; Emmanuel Dalle Mulle<\/a><\/p>\n<p><a href=\"http:\/\/www.fondation-pierredubois.ch\/prix-pierre-du-bois-2015-jaclyn-granick\/\">Prix Pierre du Bois 2015 &#8211; Jaclyn Granick<\/a><\/p>\n<p><a href=\"http:\/\/www.fondation-pierredubois.ch\/prix-pierre-du-bois\/prix-pierre-du-bois-2014-nadia-sartoretti\/\">Prix Pierre du Bois 2014 &#8211; Nadia Sartoretti<\/a><\/p>\n<p><a href=\"http:\/\/www.fondation-pierredubois.ch\/prix-pierre-du-bois\/prix-pierre-du-bois-2013-francesca-piana\/\">Prix Pierre du Bois 2013 &#8211; Francesca Piana<\/a><\/p>\n<p><a href=\"http:\/\/www.fondation-pierredubois.ch\/prix-pierre-du-bois\/prix-pierre-du-bois-2012-oezcan-yilmaz\/\">Prix Pierre du Bois 2012 &#8211; \u00d6zcan Yilmaz<\/a><\/p>\n<p><a href=\"http:\/\/www.fondation-pierredubois.ch\/prix-pierre-du-bois\/prix-pierre-du-bois-2011-dominic-eggel\/\">Prix Pierre du Bois 2011 &#8211; Dominic Eggel<\/a><\/p>\n<p><a href=\"http:\/\/www.fondation-pierredubois.ch\/prix-pierre-du-bois\/prix-pierre-du-bois-2010\/\">Prix Pierre du Bois 2010 \u2013 Anne-Sophie Bentz<\/a><\/p>\n<p><a href=\"http:\/\/www.fondation-pierredubois.ch\/prix-pierre-du-bois\/prix-pierre-du-bois-2009-sophie-huber\/\">Prix Pierre du Bois 2009 \u2013 Sophie Huber<\/a><\/p>\n<p><a href=\"http:\/\/www.fondation-pierredubois.ch\/prix-pierre-du-bois\/prix-pierre-du-bois-2008-katrin-milzow\/\">Prix Pierre du Bois 2008 \u2013 Katrin Milzow<\/a><\/p>\n<\/div>\n<\/div>\n","protected":false},"excerpt":{"rendered":"<p class=\"excerpt\">Le Prix Pierre du Bois r\u00e9compense la meilleure th\u00e8se de doctorat en histoire du temps pr\u00e9sent soutenue au cours de l\u2019ann\u00e9e \u00e9coul\u00e9e \u00e0 l\u2019Institut de hautes \u00e9tudes internationales et du d\u00e9veloppement \u00e0 Gen\u00e8ve, dans l\u2019unit\u00e9 d\u2019histoire internationale. Il est dot\u00e9 d\u2019une valeur de 5000 CHF. &nbsp; Prix Pierre du Bois 2025 &#8211; Fernanda de Oliveira and Oluwa\u1e63eun Ot\u1ecdsed\u1eb9 Williams Prix&hellip; <a href=\"https:\/\/www.fondation-pierredubois.ch\/fr\/prix-pierre-du-bois\/\">Read more &rarr;<\/a><\/p>\n","protected":false},"author":55,"featured_media":1790,"parent":0,"menu_order":9,"comment_status":"closed","ping_status":"closed","template":"","meta":{"footnotes":""},"class_list":["post-4324","page","type-page","status-publish","has-post-thumbnail","hentry","xfolkentry"],"_links":{"self":[{"href":"https:\/\/www.fondation-pierredubois.ch\/fr\/wp-json\/wp\/v2\/pages\/4324","targetHints":{"allow":["GET"]}}],"collection":[{"href":"https:\/\/www.fondation-pierredubois.ch\/fr\/wp-json\/wp\/v2\/pages"}],"about":[{"href":"https:\/\/www.fondation-pierredubois.ch\/fr\/wp-json\/wp\/v2\/types\/page"}],"author":[{"embeddable":true,"href":"https:\/\/www.fondation-pierredubois.ch\/fr\/wp-json\/wp\/v2\/users\/55"}],"replies":[{"embeddable":true,"href":"https:\/\/www.fondation-pierredubois.ch\/fr\/wp-json\/wp\/v2\/comments?post=4324"}],"version-history":[{"count":22,"href":"https:\/\/www.fondation-pierredubois.ch\/fr\/wp-json\/wp\/v2\/pages\/4324\/revisions"}],"predecessor-version":[{"id":19408,"href":"https:\/\/www.fondation-pierredubois.ch\/fr\/wp-json\/wp\/v2\/pages\/4324\/revisions\/19408"}],"wp:featuredmedia":[{"embeddable":true,"href":"https:\/\/www.fondation-pierredubois.ch\/fr\/wp-json\/wp\/v2\/media\/1790"}],"wp:attachment":[{"href":"https:\/\/www.fondation-pierredubois.ch\/fr\/wp-json\/wp\/v2\/media?parent=4324"}],"curies":[{"name":"wp","href":"https:\/\/api.w.org\/{rel}","templated":true}]}}