{"id":4215,"date":"2015-04-28T15:30:24","date_gmt":"2015-04-28T15:30:24","guid":{"rendered":"http:\/\/www.fondation-pierredubois.ch\/?page_id=4215"},"modified":"2017-05-29T07:31:00","modified_gmt":"2017-05-29T07:31:00","slug":"tzinti-ramirez-reyes","status":"publish","type":"page","link":"https:\/\/www.fondation-pierredubois.ch\/fr\/pierre-du-bois-scholarships\/tzinti-ramirez-reyes\/","title":{"rendered":"Tzinti Ramirez-Reyes"},"content":{"rendered":"<p style=\"padding: 0px; margin: 0px 0px 7px; color: #000000; font-family: Arial, sans-serif; font-size: 12px; line-height: 16.7999992370605px; text-align: justify;\"><a class=\"highslide\" style=\"color: #cf1930;\" href=\"http:\/\/www.fondation-pierredubois.ch\/wp-content\/uploads\/2008\/09\/tzinti_ramirez.jpg\"><img decoding=\"async\" class=\"image-gauche\" style=\"border-width: 0px; float: left; margin: 0px 15px 5px 0px;\" src=\"http:\/\/www.fondation-pierredubois.ch\/images\/stories\/Scholarships\/tzinti_ramirez.jpg\" alt=\"tzinti_ramirez\" width=\"150\" \/><\/a><a style=\"color: #cf1930;\" href=\"mailto:Tzinti.ramirez@graduateinstitute.ch\">Tzinti.ramirez@graduateinstitute.ch<\/a><\/p>\n<p style=\"padding: 0px; margin: 0px 0px 7px; color: #000000; font-family: Arial, sans-serif; font-size: 12px; line-height: 16.7999992370605px; text-align: justify;\">Tzinti Ram\u00edrez Reyes held the Pierre du Bois Scholarship from 2011 to 2013.<\/p>\n<p>She pursued the International Undergraduate Program of the Instituto Tecnol\u00f3gico y de Estudios Superiores de Monterrey in Guadalajara, Mexico from where she received a BA in International Relations in 2008. As part of the program she attended the Universit\u00e0 Luigi Bocconi in Milan and the School of Political Science and International Relations of the University of Birmingham. She finished her Master\u2019s in International Studies with a specialization in International History and Politics at the Graduate Institute, Geneva, Switzerland. Her areas of interest include:\u00a0 political analysis, negotiation and conflict resolution processes, political extremism and political violence, and Latin American history and politics. Her current research focuses on the endurance of extreme-right secretive political groups in Mexico and the evolution of their relationship with the business and political elites from the 1930s to the present.<\/p>\n<p>&nbsp;<\/p>\n<p style=\"padding: 0px; margin: 0px 0px 7px; color: #000000; font-family: Arial, sans-serif; font-size: 12px; line-height: 16.7999992370605px; text-align: justify;\"><span style=\"color: #646464;\"><strong>Publications:<\/strong><\/span><\/p>\n<p style=\"padding: 0px; margin: 0px 0px 7px; color: #000000; font-family: Arial, sans-serif; font-size: 12px; line-height: 16.7999992370605px; text-align: justify;\"><span style=\"color: #646464;\">\u201cOn the construction of Republicanism and the demise of American hegemony: rhetoric and politics\u201d, Tendencias Revista de Estudios Internacionales, ITESM, October 2009 (in co-authorship)<\/span><\/p>\n<p style=\"padding: 0px; margin: 0px 0px 7px; color: #000000; font-family: Arial, sans-serif; font-size: 12px; line-height: 16.7999992370605px; text-align: justify;\"><span style=\"color: #646464;\">\u201cCachemira, m\u00e1s all\u00e1 del encono religioso; El conflicto a seis d\u00e9cadas de inicio\u201d, Tendencias Revista de Estudios Internacionales, ITESM, January 2009.<\/span><\/p>\n","protected":false},"excerpt":{"rendered":"<p class=\"excerpt\">Tzinti.ramirez@graduateinstitute.ch Tzinti Ram\u00edrez Reyes held the Pierre du Bois Scholarship from 2011 to 2013. She pursued the International Undergraduate Program of the Instituto Tecnol\u00f3gico y de Estudios Superiores de Monterrey in Guadalajara, Mexico from where she received a BA in International Relations in 2008. As part of the program she attended the Universit\u00e0 Luigi Bocconi in Milan and the School&hellip; <a href=\"https:\/\/www.fondation-pierredubois.ch\/fr\/pierre-du-bois-scholarships\/tzinti-ramirez-reyes\/\">Read more &rarr;<\/a><\/p>\n","protected":false},"author":55,"featured_media":0,"parent":4209,"menu_order":1,"comment_status":"closed","ping_status":"closed","template":"","meta":{"footnotes":""},"class_list":["post-4215","page","type-page","status-publish","hentry","xfolkentry"],"_links":{"self":[{"href":"https:\/\/www.fondation-pierredubois.ch\/fr\/wp-json\/wp\/v2\/pages\/4215","targetHints":{"allow":["GET"]}}],"collection":[{"href":"https:\/\/www.fondation-pierredubois.ch\/fr\/wp-json\/wp\/v2\/pages"}],"about":[{"href":"https:\/\/www.fondation-pierredubois.ch\/fr\/wp-json\/wp\/v2\/types\/page"}],"author":[{"embeddable":true,"href":"https:\/\/www.fondation-pierredubois.ch\/fr\/wp-json\/wp\/v2\/users\/55"}],"replies":[{"embeddable":true,"href":"https:\/\/www.fondation-pierredubois.ch\/fr\/wp-json\/wp\/v2\/comments?post=4215"}],"version-history":[{"count":6,"href":"https:\/\/www.fondation-pierredubois.ch\/fr\/wp-json\/wp\/v2\/pages\/4215\/revisions"}],"predecessor-version":[{"id":9732,"href":"https:\/\/www.fondation-pierredubois.ch\/fr\/wp-json\/wp\/v2\/pages\/4215\/revisions\/9732"}],"up":[{"embeddable":true,"href":"https:\/\/www.fondation-pierredubois.ch\/fr\/wp-json\/wp\/v2\/pages\/4209"}],"wp:attachment":[{"href":"https:\/\/www.fondation-pierredubois.ch\/fr\/wp-json\/wp\/v2\/media?parent=4215"}],"curies":[{"name":"wp","href":"https:\/\/api.w.org\/{rel}","templated":true}]}}