{"id":4166,"date":"2015-04-28T11:38:57","date_gmt":"2015-04-28T11:38:57","guid":{"rendered":"http:\/\/www.fondation-pierredubois.ch\/?page_id=4166"},"modified":"2017-06-01T12:43:37","modified_gmt":"2017-06-01T12:43:37","slug":"galerie-photos-de-la-conference-annuelle-pierre-du-bois-2012","status":"publish","type":"page","link":"https:\/\/www.fondation-pierredubois.ch\/fr\/conference-annuelle-2012-par-roger-de-weck\/galerie-photos-de-la-conference-annuelle-pierre-du-bois-2012\/","title":{"rendered":"La conf\u00e9rence annuelle Pierre du Bois 2012 par Roger de Weck (Galerie photos)"},"content":{"rendered":"<h3 style=\"padding: 0px; margin: 0px 0px 7px; color: #000000; font-family: Arial, sans-serif; font-size: 12px; line-height: 16.8px; text-align: justify;\"><\/h3>\n<h3 style=\"padding: 0px; margin: 0px 0px 7px; color: #000000; font-family: Arial, sans-serif; font-size: 12px; line-height: 16.8px; text-align: justify;\">Globalisation, num\u00e9risation, interaction \u2013 les trois r\u00e9volutions m\u00e9diatiques<\/h3>\n<p>&nbsp;<\/p>\n<p><strong>7 novembre 2012<\/strong><\/p>\n<table class=\"contentpaneopen\" style=\"width: 675px; line-height: 16.7999992370605px; color: #000000; font-family: Arial, sans-serif; font-size: 12px; text-align: justify;\">\n<tbody>\n<tr>\n<td style=\"padding: 0px; margin: 0px; border-collapse: collapse;\" valign=\"top\"><\/td>\n<\/tr>\n<\/tbody>\n<\/table>\n<h3 class=\"rouge\"><strong><span style=\"font-size: 16px;\"><span style=\"color: #cf1930;\">Accueil<\/span><\/span><\/strong><\/h3>\n<h3 class=\"rouge\"><a href=\"http:\/\/www.fondation-pierredubois.ch\/wp-content\/uploads\/2012\/11\/Accueil_1.jpg\"><img decoding=\"async\" class=\"size-full wp-image-1047\" src=\"http:\/\/www.fondation-pierredubois.ch\/wp-content\/uploads\/2012\/11\/Accueil_1.jpg\" alt=\"Accueil_1\" width=\"210\" height=\"140\" srcset=\"https:\/\/www.fondation-pierredubois.ch\/wp-content\/uploads\/2012\/11\/Accueil_1.jpg 650w, https:\/\/www.fondation-pierredubois.ch\/wp-content\/uploads\/2012\/11\/Accueil_1-300x199.jpg 300w\" sizes=\"(max-width: 210px) 100vw, 210px\" \/><\/a> <a href=\"http:\/\/www.fondation-pierredubois.ch\/wp-content\/uploads\/2012\/11\/Accueil_2.jpg\"><img decoding=\"async\" class=\"size-full wp-image-1048\" src=\"http:\/\/www.fondation-pierredubois.ch\/wp-content\/uploads\/2012\/11\/Accueil_2.jpg\" alt=\"Accueil_2\" width=\"210\" height=\"140\" srcset=\"https:\/\/www.fondation-pierredubois.ch\/wp-content\/uploads\/2012\/11\/Accueil_2.jpg 650w, https:\/\/www.fondation-pierredubois.ch\/wp-content\/uploads\/2012\/11\/Accueil_2-300x199.jpg 300w\" sizes=\"(max-width: 210px) 100vw, 210px\" \/><\/a> <a href=\"http:\/\/www.fondation-pierredubois.ch\/wp-content\/uploads\/2012\/11\/Accueil_3.jpg\"><img decoding=\"async\" class=\"size-full wp-image-1049\" src=\"http:\/\/www.fondation-pierredubois.ch\/wp-content\/uploads\/2012\/11\/Accueil_3.jpg\" alt=\"Accueil_3\" width=\"210\" height=\"140\" srcset=\"https:\/\/www.fondation-pierredubois.ch\/wp-content\/uploads\/2012\/11\/Accueil_3.jpg 650w, https:\/\/www.fondation-pierredubois.ch\/wp-content\/uploads\/2012\/11\/Accueil_3-300x199.jpg 300w\" sizes=\"(max-width: 210px) 100vw, 210px\" \/><\/a><br \/>\n<a href=\"http:\/\/www.fondation-pierredubois.ch\/wp-content\/uploads\/2012\/11\/Accueil_4.jpg\"><img loading=\"lazy\" decoding=\"async\" class=\"size-full wp-image-1050\" src=\"http:\/\/www.fondation-pierredubois.ch\/wp-content\/uploads\/2012\/11\/Accueil_4.jpg\" alt=\"Accueil_4\" width=\"93\" height=\"140\" srcset=\"https:\/\/www.fondation-pierredubois.ch\/wp-content\/uploads\/2012\/11\/Accueil_4.jpg 650w, https:\/\/www.fondation-pierredubois.ch\/wp-content\/uploads\/2012\/11\/Accueil_4-200x300.jpg 200w\" sizes=\"(max-width: 93px) 100vw, 93px\" \/><\/a> <a href=\"http:\/\/www.fondation-pierredubois.ch\/wp-content\/uploads\/2012\/11\/Accueil_5.jpg\"><img loading=\"lazy\" decoding=\"async\" class=\"size-full wp-image-1051\" src=\"http:\/\/www.fondation-pierredubois.ch\/wp-content\/uploads\/2012\/11\/Accueil_5.jpg\" alt=\"Accueil_5\" width=\"210\" height=\"140\" srcset=\"https:\/\/www.fondation-pierredubois.ch\/wp-content\/uploads\/2012\/11\/Accueil_5.jpg 650w, https:\/\/www.fondation-pierredubois.ch\/wp-content\/uploads\/2012\/11\/Accueil_5-300x199.jpg 300w\" sizes=\"(max-width: 210px) 100vw, 210px\" \/><\/a> <a href=\"http:\/\/www.fondation-pierredubois.ch\/wp-content\/uploads\/2012\/11\/Accueil_6.jpg\"><img loading=\"lazy\" decoding=\"async\" class=\"size-full wp-image-1052\" src=\"http:\/\/www.fondation-pierredubois.ch\/wp-content\/uploads\/2012\/11\/Accueil_6.jpg\" alt=\"Accueil_6\" width=\"210\" height=\"140\" srcset=\"https:\/\/www.fondation-pierredubois.ch\/wp-content\/uploads\/2012\/11\/Accueil_6.jpg 650w, https:\/\/www.fondation-pierredubois.ch\/wp-content\/uploads\/2012\/11\/Accueil_6-300x199.jpg 300w\" sizes=\"(max-width: 210px) 100vw, 210px\" \/><\/a><\/h3>\n<p><span style=\"color: #cf1930;\"><span style=\"font-size: 16px;\"><strong>Introduction<\/strong><\/span><\/span><\/p>\n<p><a href=\"http:\/\/www.fondation-pierredubois.ch\/wp-content\/uploads\/2012\/11\/_DSC0201.jpg\"><img loading=\"lazy\" decoding=\"async\" class=\"size-full wp-image-1053\" src=\"http:\/\/www.fondation-pierredubois.ch\/wp-content\/uploads\/2012\/11\/_DSC0201.jpg\" alt=\"_DSC0201\" width=\"210\" height=\"140\" srcset=\"https:\/\/www.fondation-pierredubois.ch\/wp-content\/uploads\/2012\/11\/_DSC0201.jpg 650w, https:\/\/www.fondation-pierredubois.ch\/wp-content\/uploads\/2012\/11\/_DSC0201-300x199.jpg 300w\" sizes=\"(max-width: 210px) 100vw, 210px\" \/><\/a> <a href=\"http:\/\/www.fondation-pierredubois.ch\/wp-content\/uploads\/2012\/11\/_DSC0208.jpg\"><img loading=\"lazy\" decoding=\"async\" class=\"size-full wp-image-1054\" src=\"http:\/\/www.fondation-pierredubois.ch\/wp-content\/uploads\/2012\/11\/_DSC0208.jpg\" alt=\"_DSC0208\" width=\"210\" height=\"140\" srcset=\"https:\/\/www.fondation-pierredubois.ch\/wp-content\/uploads\/2012\/11\/_DSC0208.jpg 650w, https:\/\/www.fondation-pierredubois.ch\/wp-content\/uploads\/2012\/11\/_DSC0208-300x199.jpg 300w\" sizes=\"(max-width: 210px) 100vw, 210px\" \/><\/a><\/p>\n<p><span style=\"color: #cf1930;\"><span style=\"font-size: 16px;\"><strong>Conf\u00e9rence de Monsieur Roger de Weck<\/strong><\/span><\/span><\/p>\n<p><a href=\"http:\/\/www.fondation-pierredubois.ch\/wp-content\/uploads\/2012\/11\/_DSC0216.jpg\"><img loading=\"lazy\" decoding=\"async\" class=\"size-full wp-image-1055\" src=\"http:\/\/www.fondation-pierredubois.ch\/wp-content\/uploads\/2012\/11\/_DSC0216.jpg\" alt=\"_DSC0216\" width=\"93\" height=\"140\" srcset=\"https:\/\/www.fondation-pierredubois.ch\/wp-content\/uploads\/2012\/11\/_DSC0216.jpg 650w, https:\/\/www.fondation-pierredubois.ch\/wp-content\/uploads\/2012\/11\/_DSC0216-200x300.jpg 200w\" sizes=\"(max-width: 93px) 100vw, 93px\" \/><\/a> <a href=\"http:\/\/www.fondation-pierredubois.ch\/wp-content\/uploads\/2012\/11\/_DSC0229.jpg\"><img loading=\"lazy\" decoding=\"async\" class=\"size-full wp-image-1056\" src=\"http:\/\/www.fondation-pierredubois.ch\/wp-content\/uploads\/2012\/11\/_DSC0229.jpg\" alt=\"_DSC0229\" width=\"210\" height=\"140\" srcset=\"https:\/\/www.fondation-pierredubois.ch\/wp-content\/uploads\/2012\/11\/_DSC0229.jpg 650w, https:\/\/www.fondation-pierredubois.ch\/wp-content\/uploads\/2012\/11\/_DSC0229-300x199.jpg 300w\" sizes=\"(max-width: 210px) 100vw, 210px\" \/><\/a> <a href=\"http:\/\/www.fondation-pierredubois.ch\/wp-content\/uploads\/2012\/11\/_DSC0238.jpg\"><img loading=\"lazy\" decoding=\"async\" class=\"size-full wp-image-1057\" src=\"http:\/\/www.fondation-pierredubois.ch\/wp-content\/uploads\/2012\/11\/_DSC0238.jpg\" alt=\"_DSC0238\" width=\"210\" height=\"140\" srcset=\"https:\/\/www.fondation-pierredubois.ch\/wp-content\/uploads\/2012\/11\/_DSC0238.jpg 650w, https:\/\/www.fondation-pierredubois.ch\/wp-content\/uploads\/2012\/11\/_DSC0238-300x199.jpg 300w\" sizes=\"(max-width: 210px) 100vw, 210px\" \/><\/a><br \/>\n<a href=\"http:\/\/www.fondation-pierredubois.ch\/wp-content\/uploads\/2012\/11\/_DSC0259.jpg\"><img loading=\"lazy\" decoding=\"async\" class=\"size-full wp-image-1058\" src=\"http:\/\/www.fondation-pierredubois.ch\/wp-content\/uploads\/2012\/11\/_DSC0259.jpg\" alt=\"_DSC0259\" width=\"210\" height=\"140\" srcset=\"https:\/\/www.fondation-pierredubois.ch\/wp-content\/uploads\/2012\/11\/_DSC0259.jpg 650w, https:\/\/www.fondation-pierredubois.ch\/wp-content\/uploads\/2012\/11\/_DSC0259-300x199.jpg 300w\" sizes=\"(max-width: 210px) 100vw, 210px\" \/><\/a> <a href=\"http:\/\/www.fondation-pierredubois.ch\/wp-content\/uploads\/2012\/11\/_DSC0293.jpg\"><img loading=\"lazy\" decoding=\"async\" class=\"size-full wp-image-1059\" src=\"http:\/\/www.fondation-pierredubois.ch\/wp-content\/uploads\/2012\/11\/_DSC0293.jpg\" alt=\"_DSC0293\" width=\"210\" height=\"140\" srcset=\"https:\/\/www.fondation-pierredubois.ch\/wp-content\/uploads\/2012\/11\/_DSC0293.jpg 650w, https:\/\/www.fondation-pierredubois.ch\/wp-content\/uploads\/2012\/11\/_DSC0293-300x199.jpg 300w\" sizes=\"(max-width: 210px) 100vw, 210px\" \/><\/a> <a href=\"http:\/\/www.fondation-pierredubois.ch\/wp-content\/uploads\/2012\/11\/_DSC0306.jpg\"><img loading=\"lazy\" decoding=\"async\" class=\"size-full wp-image-1060\" src=\"http:\/\/www.fondation-pierredubois.ch\/wp-content\/uploads\/2012\/11\/_DSC0306.jpg\" alt=\"_DSC0306\" width=\"210\" height=\"140\" srcset=\"https:\/\/www.fondation-pierredubois.ch\/wp-content\/uploads\/2012\/11\/_DSC0306.jpg 650w, https:\/\/www.fondation-pierredubois.ch\/wp-content\/uploads\/2012\/11\/_DSC0306-300x199.jpg 300w\" sizes=\"(max-width: 210px) 100vw, 210px\" \/><\/a><br \/>\n<a href=\"http:\/\/www.fondation-pierredubois.ch\/wp-content\/uploads\/2012\/11\/_DSC0310.jpg\"><img loading=\"lazy\" decoding=\"async\" class=\"size-full wp-image-1061\" src=\"http:\/\/www.fondation-pierredubois.ch\/wp-content\/uploads\/2012\/11\/_DSC0310.jpg\" alt=\"_DSC0310\" width=\"210\" height=\"140\" srcset=\"https:\/\/www.fondation-pierredubois.ch\/wp-content\/uploads\/2012\/11\/_DSC0310.jpg 650w, https:\/\/www.fondation-pierredubois.ch\/wp-content\/uploads\/2012\/11\/_DSC0310-300x199.jpg 300w\" sizes=\"(max-width: 210px) 100vw, 210px\" \/><\/a> <a href=\"http:\/\/www.fondation-pierredubois.ch\/wp-content\/uploads\/2012\/11\/_DSC0311.jpg\"><img loading=\"lazy\" decoding=\"async\" class=\"size-full wp-image-1062\" src=\"http:\/\/www.fondation-pierredubois.ch\/wp-content\/uploads\/2012\/11\/_DSC0311.jpg\" alt=\"_DSC0311\" width=\"210\" height=\"140\" srcset=\"https:\/\/www.fondation-pierredubois.ch\/wp-content\/uploads\/2012\/11\/_DSC0311.jpg 650w, https:\/\/www.fondation-pierredubois.ch\/wp-content\/uploads\/2012\/11\/_DSC0311-300x199.jpg 300w\" sizes=\"(max-width: 210px) 100vw, 210px\" \/><\/a> <a href=\"http:\/\/www.fondation-pierredubois.ch\/wp-content\/uploads\/2012\/11\/_DSC0312.jpg\"><img loading=\"lazy\" decoding=\"async\" class=\"size-full wp-image-1063\" src=\"http:\/\/www.fondation-pierredubois.ch\/wp-content\/uploads\/2012\/11\/_DSC0312.jpg\" alt=\"_DSC0312\" width=\"210\" height=\"140\" srcset=\"https:\/\/www.fondation-pierredubois.ch\/wp-content\/uploads\/2012\/11\/_DSC0312.jpg 650w, https:\/\/www.fondation-pierredubois.ch\/wp-content\/uploads\/2012\/11\/_DSC0312-300x199.jpg 300w\" sizes=\"(max-width: 210px) 100vw, 210px\" \/><\/a><br \/>\n<a href=\"http:\/\/www.fondation-pierredubois.ch\/wp-content\/uploads\/2012\/11\/_DSC0340.jpg\"><img loading=\"lazy\" decoding=\"async\" class=\"size-full wp-image-1064\" src=\"http:\/\/www.fondation-pierredubois.ch\/wp-content\/uploads\/2012\/11\/_DSC0340.jpg\" alt=\"_DSC0340\" width=\"210\" height=\"140\" srcset=\"https:\/\/www.fondation-pierredubois.ch\/wp-content\/uploads\/2012\/11\/_DSC0340.jpg 650w, https:\/\/www.fondation-pierredubois.ch\/wp-content\/uploads\/2012\/11\/_DSC0340-300x199.jpg 300w\" sizes=\"(max-width: 210px) 100vw, 210px\" \/><\/a> <a href=\"http:\/\/www.fondation-pierredubois.ch\/wp-content\/uploads\/2012\/11\/_DSC0345.jpg\"><img loading=\"lazy\" decoding=\"async\" class=\"size-full wp-image-1065\" src=\"http:\/\/www.fondation-pierredubois.ch\/wp-content\/uploads\/2012\/11\/_DSC0345.jpg\" alt=\"_DSC0345\" width=\"210\" height=\"140\" srcset=\"https:\/\/www.fondation-pierredubois.ch\/wp-content\/uploads\/2012\/11\/_DSC0345.jpg 650w, https:\/\/www.fondation-pierredubois.ch\/wp-content\/uploads\/2012\/11\/_DSC0345-300x199.jpg 300w\" sizes=\"(max-width: 210px) 100vw, 210px\" \/><\/a> <a href=\"http:\/\/www.fondation-pierredubois.ch\/wp-content\/uploads\/2012\/11\/_DSC0351.jpg\"><img loading=\"lazy\" decoding=\"async\" class=\"size-full wp-image-1066\" src=\"http:\/\/www.fondation-pierredubois.ch\/wp-content\/uploads\/2012\/11\/_DSC0351.jpg\" alt=\"_DSC0351\" width=\"210\" height=\"140\" srcset=\"https:\/\/www.fondation-pierredubois.ch\/wp-content\/uploads\/2012\/11\/_DSC0351.jpg 650w, https:\/\/www.fondation-pierredubois.ch\/wp-content\/uploads\/2012\/11\/_DSC0351-300x199.jpg 300w\" sizes=\"(max-width: 210px) 100vw, 210px\" \/><\/a><br \/>\n<a href=\"http:\/\/www.fondation-pierredubois.ch\/wp-content\/uploads\/2012\/11\/_DSC0372.jpg\"><img loading=\"lazy\" decoding=\"async\" class=\"size-full wp-image-1067\" src=\"http:\/\/www.fondation-pierredubois.ch\/wp-content\/uploads\/2012\/11\/_DSC0372.jpg\" alt=\"_DSC0372\" width=\"210\" height=\"140\" srcset=\"https:\/\/www.fondation-pierredubois.ch\/wp-content\/uploads\/2012\/11\/_DSC0372.jpg 650w, https:\/\/www.fondation-pierredubois.ch\/wp-content\/uploads\/2012\/11\/_DSC0372-300x199.jpg 300w\" sizes=\"(max-width: 210px) 100vw, 210px\" \/><\/a> <a href=\"http:\/\/www.fondation-pierredubois.ch\/wp-content\/uploads\/2012\/11\/_DSC0382.jp\"><img loading=\"lazy\" decoding=\"async\" class=\"size-full wp-image-1068\" src=\"http:\/\/www.fondation-pierredubois.ch\/wp-content\/uploads\/2012\/11\/_DSC0382.jpg\" alt=\"_DSC0382\" width=\"210\" height=\"140\" srcset=\"https:\/\/www.fondation-pierredubois.ch\/wp-content\/uploads\/2012\/11\/_DSC0382.jpg 650w, https:\/\/www.fondation-pierredubois.ch\/wp-content\/uploads\/2012\/11\/_DSC0382-300x199.jpg 300w\" sizes=\"(max-width: 210px) 100vw, 210px\" \/><\/a> <a href=\"http:\/\/www.fondation-pierredubois.ch\/wp-content\/uploads\/2012\/11\/_DSC0412.jpg\"><img loading=\"lazy\" decoding=\"async\" class=\"size-full wp-image-1069\" src=\"http:\/\/www.fondation-pierredubois.ch\/wp-content\/uploads\/2012\/11\/_DSC0412.jpg\" alt=\"_DSC0412\" width=\"210\" height=\"140\" srcset=\"https:\/\/www.fondation-pierredubois.ch\/wp-content\/uploads\/2012\/11\/_DSC0412.jpg 650w, https:\/\/www.fondation-pierredubois.ch\/wp-content\/uploads\/2012\/11\/_DSC0412-300x199.jpg 300w\" sizes=\"(max-width: 210px) 100vw, 210px\" \/><\/a><br \/>\n<a href=\"http:\/\/www.fondation-pierredubois.ch\/wp-content\/uploads\/2012\/11\/_DSC0444.jpg\"><img loading=\"lazy\" decoding=\"async\" class=\"size-full wp-image-1070\" src=\"http:\/\/www.fondation-pierredubois.ch\/wp-content\/uploads\/2012\/11\/_DSC0444.jpg\" alt=\"_DSC0444\" width=\"210\" height=\"140\" srcset=\"https:\/\/www.fondation-pierredubois.ch\/wp-content\/uploads\/2012\/11\/_DSC0444.jpg 650w, https:\/\/www.fondation-pierredubois.ch\/wp-content\/uploads\/2012\/11\/_DSC0444-300x199.jpg 300w\" sizes=\"(max-width: 210px) 100vw, 210px\" \/><\/a> <a href=\"http:\/\/www.fondation-pierredubois.ch\/wp-content\/uploads\/2012\/11\/_DSC0462.jpg\"><img loading=\"lazy\" decoding=\"async\" class=\"size-full wp-image-1071\" src=\"http:\/\/www.fondation-pierredubois.ch\/wp-content\/uploads\/2012\/11\/_DSC0462.jpg\" alt=\"_DSC0462\" width=\"210\" height=\"140\" srcset=\"https:\/\/www.fondation-pierredubois.ch\/wp-content\/uploads\/2012\/11\/_DSC0462.jpg 650w, https:\/\/www.fondation-pierredubois.ch\/wp-content\/uploads\/2012\/11\/_DSC0462-300x199.jpg 300w\" sizes=\"(max-width: 210px) 100vw, 210px\" \/><\/a><\/p>\n<p><span style=\"color: #cf1930;\"><span style=\"font-size: 16px;\"><strong>Questions du public<\/strong><\/span><\/span><\/p>\n<p><a href=\"http:\/\/www.fondation-pierredubois.ch\/wp-content\/uploads\/2012\/11\/_DSC0415.jpg\"><img loading=\"lazy\" decoding=\"async\" class=\"size-full wp-image-1072\" src=\"http:\/\/www.fondation-pierredubois.ch\/wp-content\/uploads\/2012\/11\/_DSC0415.jpg\" alt=\"_DSC0415\" width=\"210\" height=\"140\" srcset=\"https:\/\/www.fondation-pierredubois.ch\/wp-content\/uploads\/2012\/11\/_DSC0415.jpg 650w, https:\/\/www.fondation-pierredubois.ch\/wp-content\/uploads\/2012\/11\/_DSC0415-300x199.jpg 300w\" sizes=\"(max-width: 210px) 100vw, 210px\" \/><\/a> <a href=\"http:\/\/www.fondation-pierredubois.ch\/wp-content\/uploads\/2012\/11\/_DSC0425.jpg\"><img loading=\"lazy\" decoding=\"async\" class=\"size-full wp-image-1073\" src=\"http:\/\/www.fondation-pierredubois.ch\/wp-content\/uploads\/2012\/11\/_DSC0425.jpg\" alt=\"_DSC0425\" width=\"210\" height=\"140\" srcset=\"https:\/\/www.fondation-pierredubois.ch\/wp-content\/uploads\/2012\/11\/_DSC0425.jpg 650w, https:\/\/www.fondation-pierredubois.ch\/wp-content\/uploads\/2012\/11\/_DSC0425-300x199.jpg 300w\" sizes=\"(max-width: 210px) 100vw, 210px\" \/><\/a> <a href=\"http:\/\/www.fondation-pierredubois.ch\/wp-content\/uploads\/2012\/11\/_DSC0430.jpg\"><img loading=\"lazy\" decoding=\"async\" class=\"size-full wp-image-1074\" src=\"http:\/\/www.fondation-pierredubois.ch\/wp-content\/uploads\/2012\/11\/_DSC0430.jpg\" alt=\"_DSC0430\" width=\"210\" height=\"140\" srcset=\"https:\/\/www.fondation-pierredubois.ch\/wp-content\/uploads\/2012\/11\/_DSC0430.jpg 650w, https:\/\/www.fondation-pierredubois.ch\/wp-content\/uploads\/2012\/11\/_DSC0430-300x199.jpg 300w\" sizes=\"(max-width: 210px) 100vw, 210px\" \/><\/a><br \/>\n<a href=\"http:\/\/www.fondation-pierredubois.ch\/wp-content\/uploads\/2012\/11\/_DSC0432.jpg\"><img loading=\"lazy\" decoding=\"async\" class=\"size-full wp-image-1075\" src=\"http:\/\/www.fondation-pierredubois.ch\/wp-content\/uploads\/2012\/11\/_DSC0432.jpg\" alt=\"_DSC0432\" width=\"210\" height=\"140\" srcset=\"https:\/\/www.fondation-pierredubois.ch\/wp-content\/uploads\/2012\/11\/_DSC0432.jpg 650w, https:\/\/www.fondation-pierredubois.ch\/wp-content\/uploads\/2012\/11\/_DSC0432-300x199.jpg 300w\" sizes=\"(max-width: 210px) 100vw, 210px\" \/><\/a> <a href=\"http:\/\/www.fondation-pierredubois.ch\/wp-content\/uploads\/2012\/11\/_DSC0435.jpg\"><img loading=\"lazy\" decoding=\"async\" class=\"size-full wp-image-1076\" src=\"http:\/\/www.fondation-pierredubois.ch\/wp-content\/uploads\/2012\/11\/_DSC0435.jpg\" alt=\"_DSC0435\" width=\"210\" height=\"140\" srcset=\"https:\/\/www.fondation-pierredubois.ch\/wp-content\/uploads\/2012\/11\/_DSC0435.jpg 650w, https:\/\/www.fondation-pierredubois.ch\/wp-content\/uploads\/2012\/11\/_DSC0435-300x199.jpg 300w\" sizes=\"(max-width: 210px) 100vw, 210px\" \/><\/a> <a href=\"http:\/\/www.fondation-pierredubois.ch\/wp-content\/uploads\/2012\/11\/_DSC0468.jpg\"><img loading=\"lazy\" decoding=\"async\" class=\"size-full wp-image-1077\" src=\"http:\/\/www.fondation-pierredubois.ch\/wp-content\/uploads\/2012\/11\/_DSC0468.jpg\" alt=\"_DSC0468\" width=\"210\" height=\"140\" srcset=\"https:\/\/www.fondation-pierredubois.ch\/wp-content\/uploads\/2012\/11\/_DSC0468.jpg 650w, https:\/\/www.fondation-pierredubois.ch\/wp-content\/uploads\/2012\/11\/_DSC0468-300x199.jpg 300w\" sizes=\"(max-width: 210px) 100vw, 210px\" \/><\/a><br \/>\n<a href=\"http:\/\/www.fondation-pierredubois.ch\/wp-content\/uploads\/2012\/11\/_DSC0472.jpg\"><img loading=\"lazy\" decoding=\"async\" class=\"size-full wp-image-1078\" src=\"http:\/\/www.fondation-pierredubois.ch\/wp-content\/uploads\/2012\/11\/_DSC0472.jpg\" alt=\"_DSC0472\" width=\"210\" height=\"140\" srcset=\"https:\/\/www.fondation-pierredubois.ch\/wp-content\/uploads\/2012\/11\/_DSC0472.jpg 650w, https:\/\/www.fondation-pierredubois.ch\/wp-content\/uploads\/2012\/11\/_DSC0472-300x199.jpg 300w\" sizes=\"(max-width: 210px) 100vw, 210px\" \/><\/a><\/p>\n","protected":false},"excerpt":{"rendered":"<p class=\"excerpt\">Globalisation, num\u00e9risation, interaction \u2013 les trois r\u00e9volutions m\u00e9diatiques &nbsp; 7 novembre 2012 Accueil Introduction Conf\u00e9rence de Monsieur Roger de Weck Questions du public <a href=\"https:\/\/www.fondation-pierredubois.ch\/fr\/conference-annuelle-2012-par-roger-de-weck\/galerie-photos-de-la-conference-annuelle-pierre-du-bois-2012\/\">Read more &rarr;<\/a><\/p>\n","protected":false},"author":55,"featured_media":2601,"parent":4164,"menu_order":1,"comment_status":"closed","ping_status":"closed","template":"","meta":{"footnotes":""},"class_list":["post-4166","page","type-page","status-publish","has-post-thumbnail","hentry","xfolkentry"],"_links":{"self":[{"href":"https:\/\/www.fondation-pierredubois.ch\/fr\/wp-json\/wp\/v2\/pages\/4166","targetHints":{"allow":["GET"]}}],"collection":[{"href":"https:\/\/www.fondation-pierredubois.ch\/fr\/wp-json\/wp\/v2\/pages"}],"about":[{"href":"https:\/\/www.fondation-pierredubois.ch\/fr\/wp-json\/wp\/v2\/types\/page"}],"author":[{"embeddable":true,"href":"https:\/\/www.fondation-pierredubois.ch\/fr\/wp-json\/wp\/v2\/users\/55"}],"replies":[{"embeddable":true,"href":"https:\/\/www.fondation-pierredubois.ch\/fr\/wp-json\/wp\/v2\/comments?post=4166"}],"version-history":[{"count":8,"href":"https:\/\/www.fondation-pierredubois.ch\/fr\/wp-json\/wp\/v2\/pages\/4166\/revisions"}],"predecessor-version":[{"id":9910,"href":"https:\/\/www.fondation-pierredubois.ch\/fr\/wp-json\/wp\/v2\/pages\/4166\/revisions\/9910"}],"up":[{"embeddable":true,"href":"https:\/\/www.fondation-pierredubois.ch\/fr\/wp-json\/wp\/v2\/pages\/4164"}],"wp:featuredmedia":[{"embeddable":true,"href":"https:\/\/www.fondation-pierredubois.ch\/fr\/wp-json\/wp\/v2\/media\/2601"}],"wp:attachment":[{"href":"https:\/\/www.fondation-pierredubois.ch\/fr\/wp-json\/wp\/v2\/media?parent=4166"}],"curies":[{"name":"wp","href":"https:\/\/api.w.org\/{rel}","templated":true}]}}