{"id":4088,"date":"2015-04-27T15:05:01","date_gmt":"2015-04-27T15:05:01","guid":{"rendered":"http:\/\/www.fondation-pierredubois.ch\/?page_id=4088"},"modified":"2017-04-20T14:55:37","modified_gmt":"2017-04-20T14:55:37","slug":"galerie-photos-de-la-ceremonie-de-presentation-des-ouvrages","status":"publish","type":"page","link":"https:\/\/www.fondation-pierredubois.ch\/fr\/disparition-du-professeur-pierre-du-bois\/parution-douvrages-de-et-pour-pierre-du-bois\/galerie-photos-de-la-ceremonie-de-presentation-des-ouvrages\/","title":{"rendered":"Galerie photos de la c\u00e9r\u00e9monie de pr\u00e9sentation des ouvrages"},"content":{"rendered":"<p>\n\t<a href=\"http:\/\/www.fondation-pierredubois.ch\/wp-content\/uploads\/2009\/01\/img_5343.jpg\"><img decoding=\"async\" alt=\"img_5343.jpg\" class=\"size-full wp-image-663\" height=\"140\" src=\"http:\/\/www.fondation-pierredubois.ch\/wp-content\/uploads\/2009\/01\/img_5343.jpg\" style=\"margin-right: 5px; margin-bottom: 5px;\" title=\"img_5343.jpg\" width=\"210\" srcset=\"https:\/\/www.fondation-pierredubois.ch\/wp-content\/uploads\/2009\/01\/img_5343.jpg 640w, https:\/\/www.fondation-pierredubois.ch\/wp-content\/uploads\/2009\/01\/img_5343-300x200.jpg 300w\" sizes=\"(max-width: 210px) 100vw, 210px\" \/><\/a><a href=\"http:\/\/www.fondation-pierredubois.ch\/wp-content\/uploads\/2009\/01\/img_5255.jpg\"><img decoding=\"async\" alt=\"img_5255.jpg\" class=\"size-full wp-image-664\" height=\"140\" src=\"http:\/\/www.fondation-pierredubois.ch\/wp-content\/uploads\/2009\/01\/img_5255.jpg\" style=\"margin: 0px 0px 5px;\" title=\"img_5255.jpg\" srcset=\"https:\/\/www.fondation-pierredubois.ch\/wp-content\/uploads\/2009\/01\/img_5255.jpg 640w, https:\/\/www.fondation-pierredubois.ch\/wp-content\/uploads\/2009\/01\/img_5255-300x200.jpg 300w\" sizes=\"(max-width: 640px) 100vw, 640px\" \/><\/a><a href=\"http:\/\/www.fondation-pierredubois.ch\/wp-content\/uploads\/2009\/01\/img_5416.jpg\"><img decoding=\"async\" alt=\"img_5416.jpg\" class=\"size-full wp-image-665\" height=\"140\" src=\"http:\/\/www.fondation-pierredubois.ch\/wp-content\/uploads\/2009\/01\/img_5416.jpg\" style=\"margin: 0px 0px 5px 5px;\" title=\"img_5416.jpg\" width=\"210\" srcset=\"https:\/\/www.fondation-pierredubois.ch\/wp-content\/uploads\/2009\/01\/img_5416.jpg 640w, https:\/\/www.fondation-pierredubois.ch\/wp-content\/uploads\/2009\/01\/img_5416-300x200.jpg 300w\" sizes=\"(max-width: 210px) 100vw, 210px\" \/><\/a><br \/>\n\t<a href=\"http:\/\/www.fondation-pierredubois.ch\/wp-content\/uploads\/2009\/01\/img_5407.jpg\"><img decoding=\"async\" alt=\"img_5407.jpg\" class=\"size-full wp-image-666\" height=\"140\" src=\"http:\/\/www.fondation-pierredubois.ch\/wp-content\/uploads\/2009\/01\/img_5407.jpg\" style=\"margin: 0px 5px 0px 0px;\" title=\"img_5407.jpg\" width=\"209\" srcset=\"https:\/\/www.fondation-pierredubois.ch\/wp-content\/uploads\/2009\/01\/img_5407.jpg 640w, https:\/\/www.fondation-pierredubois.ch\/wp-content\/uploads\/2009\/01\/img_5407-300x200.jpg 300w\" sizes=\"(max-width: 209px) 100vw, 209px\" \/><\/a><a href=\"http:\/\/www.fondation-pierredubois.ch\/wp-content\/uploads\/2009\/01\/img_7001.jpg\"><img loading=\"lazy\" decoding=\"async\" alt=\"img_7001.jpg\" class=\"size-full wp-image-667\" height=\"140\" src=\"http:\/\/www.fondation-pierredubois.ch\/wp-content\/uploads\/2009\/01\/img_7001.jpg\" style=\"margin-top: 0px; margin-right: 5px; margin-left: 0px;\" title=\"img_7001.jpg\" width=\"209\" srcset=\"https:\/\/www.fondation-pierredubois.ch\/wp-content\/uploads\/2009\/01\/img_7001.jpg 640w, https:\/\/www.fondation-pierredubois.ch\/wp-content\/uploads\/2009\/01\/img_7001-300x200.jpg 300w\" sizes=\"(max-width: 209px) 100vw, 209px\" \/><\/a><a href=\"http:\/\/www.fondation-pierredubois.ch\/wp-content\/uploads\/2009\/01\/img_5234.jpg\"><img loading=\"lazy\" decoding=\"async\" alt=\"img_5234.jpg\" class=\"size-full wp-image-668\" height=\"140\" src=\"http:\/\/www.fondation-pierredubois.ch\/wp-content\/uploads\/2009\/01\/img_5234.jpg\" title=\"img_5234.jpg\" width=\"209\" srcset=\"https:\/\/www.fondation-pierredubois.ch\/wp-content\/uploads\/2009\/01\/img_5234.jpg 640w, https:\/\/www.fondation-pierredubois.ch\/wp-content\/uploads\/2009\/01\/img_5234-300x200.jpg 300w\" sizes=\"(max-width: 209px) 100vw, 209px\" \/><\/a><br \/>\n\t<a href=\"http:\/\/www.fondation-pierredubois.ch\/wp-content\/uploads\/2009\/01\/img_5256.jpg\"><img loading=\"lazy\" decoding=\"async\" alt=\"img_5256.jpg\" class=\"size-full wp-image-669\" height=\"140\" src=\"http:\/\/www.fondation-pierredubois.ch\/wp-content\/uploads\/2009\/01\/img_5256.jpg\" style=\"margin: 5px 5px 5px 0px;\" title=\"img_5256.jpg\" width=\"209\" srcset=\"https:\/\/www.fondation-pierredubois.ch\/wp-content\/uploads\/2009\/01\/img_5256.jpg 640w, https:\/\/www.fondation-pierredubois.ch\/wp-content\/uploads\/2009\/01\/img_5256-300x200.jpg 300w\" sizes=\"(max-width: 209px) 100vw, 209px\" \/><\/a><a href=\"http:\/\/www.fondation-pierredubois.ch\/wp-content\/uploads\/2009\/01\/img_5413.jpg\"><img loading=\"lazy\" decoding=\"async\" alt=\"img_5413.jpg\" class=\"size-full wp-image-670\" height=\"140\" src=\"http:\/\/www.fondation-pierredubois.ch\/wp-content\/uploads\/2009\/01\/img_5413.jpg\" style=\"margin: 5px 5px 5px 0px;\" title=\"img_5413.jpg\" width=\"209\" srcset=\"https:\/\/www.fondation-pierredubois.ch\/wp-content\/uploads\/2009\/01\/img_5413.jpg 640w, https:\/\/www.fondation-pierredubois.ch\/wp-content\/uploads\/2009\/01\/img_5413-300x200.jpg 300w\" sizes=\"(max-width: 209px) 100vw, 209px\" \/><\/a><a href=\"http:\/\/www.fondation-pierredubois.ch\/wp-content\/uploads\/2009\/01\/img_5439.jpg\"><img decoding=\"async\" alt=\"img_5439.jpg\" class=\"size-full wp-image-671\" height=\"140\" src=\"http:\/\/www.fondation-pierredubois.ch\/wp-content\/uploads\/2009\/01\/img_5439.jpg\" style=\"margin: 0px 0px 5px;\" title=\"img_5439.jpg\" srcset=\"https:\/\/www.fondation-pierredubois.ch\/wp-content\/uploads\/2009\/01\/img_5439.jpg 640w, https:\/\/www.fondation-pierredubois.ch\/wp-content\/uploads\/2009\/01\/img_5439-300x200.jpg 300w\" sizes=\"(max-width: 640px) 100vw, 640px\" \/><\/a>\n<\/p>\n<p class=\"para-a-la-ligne\">\n\t<span style=\"color: #ffffff;\">xx<\/span>\n<\/p>\n<p class=\"para-a-la-ligne\">\n\t<span style=\"color: #ffffff;\">xx<\/span>\n<\/p>\n<p class=\"para-a-la-ligne\">\n\t<span style=\"color: #ffffff;\">xxxx<a href=\"http:\/\/www.fondation-pierredubois.ch\/wp-content\/uploads\/2009\/01\/img_5348.jpg\"><img decoding=\"async\" alt=\"img_5348.jpg\" class=\"size-full wp-image-672\" src=\"http:\/\/www.fondation-pierredubois.ch\/wp-content\/uploads\/2009\/01\/img_5348.jpg\" style=\"margin: 0px 5px 5px 0px;\" title=\"img_5348.jpg\" width=\"140\" srcset=\"https:\/\/www.fondation-pierredubois.ch\/wp-content\/uploads\/2009\/01\/img_5348.jpg 427w, https:\/\/www.fondation-pierredubois.ch\/wp-content\/uploads\/2009\/01\/img_5348-200x300.jpg 200w\" sizes=\"(max-width: 427px) 100vw, 427px\" \/><\/a><\/span><a href=\"http:\/\/www.fondation-pierredubois.ch\/wp-content\/uploads\/2009\/01\/7004.jpg\"><img decoding=\"async\" alt=\"7004.jpg\" class=\"size-full wp-image-673\" src=\"http:\/\/www.fondation-pierredubois.ch\/wp-content\/uploads\/2009\/01\/7004.jpg\" style=\"margin: 0px 5px 5px 0px;\" title=\"7004.jpg\" width=\"140\" srcset=\"https:\/\/www.fondation-pierredubois.ch\/wp-content\/uploads\/2009\/01\/7004.jpg 427w, https:\/\/www.fondation-pierredubois.ch\/wp-content\/uploads\/2009\/01\/7004-200x300.jpg 200w\" sizes=\"(max-width: 427px) 100vw, 427px\" \/><\/a><a href=\"http:\/\/www.fondation-pierredubois.ch\/wp-content\/uploads\/2009\/01\/img_5411.jpg\"><img decoding=\"async\" alt=\"img_5411.jpg\" class=\"size-full wp-image-674\" src=\"http:\/\/www.fondation-pierredubois.ch\/wp-content\/uploads\/2009\/01\/img_5411.jpg\" style=\"margin: 0px 5px 5px 0px;\" title=\"img_5411.jpg\" width=\"140\" srcset=\"https:\/\/www.fondation-pierredubois.ch\/wp-content\/uploads\/2009\/01\/img_5411.jpg 427w, https:\/\/www.fondation-pierredubois.ch\/wp-content\/uploads\/2009\/01\/img_5411-200x300.jpg 200w\" sizes=\"(max-width: 427px) 100vw, 427px\" \/><\/a><a href=\"http:\/\/www.fondation-pierredubois.ch\/wp-content\/uploads\/2009\/01\/img_5237.jpg\"><img loading=\"lazy\" decoding=\"async\" alt=\"img_5237.jpg\" class=\"size-full wp-image-675\" height=\"210\" src=\"http:\/\/www.fondation-pierredubois.ch\/wp-content\/uploads\/2009\/01\/img_5237.jpg\" style=\"margin: 0px 0px 5px;\" title=\"img_5237.jpg\" width=\"140\" srcset=\"https:\/\/www.fondation-pierredubois.ch\/wp-content\/uploads\/2009\/01\/img_5237.jpg 426w, https:\/\/www.fondation-pierredubois.ch\/wp-content\/uploads\/2009\/01\/img_5237-200x300.jpg 200w\" sizes=\"(max-width: 140px) 100vw, 140px\" \/><\/a><br \/>\n\t<span style=\"color: #ffffff;\">xxxx<\/span><a href=\"http:\/\/www.fondation-pierredubois.ch\/wp-content\/uploads\/2009\/01\/img_5353.jpg\"><img decoding=\"async\" alt=\"img_5353.jpg\" class=\"size-full wp-image-676\" src=\"http:\/\/www.fondation-pierredubois.ch\/wp-content\/uploads\/2009\/01\/img_5353.jpg\" style=\"margin: 0px 5px 5px 0px;\" title=\"img_5353.jpg\" width=\"140\" srcset=\"https:\/\/www.fondation-pierredubois.ch\/wp-content\/uploads\/2009\/01\/img_5353.jpg 640w, https:\/\/www.fondation-pierredubois.ch\/wp-content\/uploads\/2009\/01\/img_5353-200x300.jpg 200w\" sizes=\"(max-width: 640px) 100vw, 640px\" \/><\/a><a href=\"http:\/\/www.fondation-pierredubois.ch\/wp-content\/uploads\/2009\/01\/img_5322.jpg\"><img decoding=\"async\" alt=\"img_5322.jpg\" class=\"size-full wp-image-677\" src=\"http:\/\/www.fondation-pierredubois.ch\/wp-content\/uploads\/2009\/01\/img_5322.jpg\" style=\"margin: 0px 5px 5px 0px;\" title=\"img_5322.jpg\" width=\"140\" srcset=\"https:\/\/www.fondation-pierredubois.ch\/wp-content\/uploads\/2009\/01\/img_5322.jpg 640w, https:\/\/www.fondation-pierredubois.ch\/wp-content\/uploads\/2009\/01\/img_5322-200x300.jpg 200w\" sizes=\"(max-width: 640px) 100vw, 640px\" \/><\/a><a href=\"http:\/\/www.fondation-pierredubois.ch\/wp-content\/uploads\/2009\/01\/img_5383.jpg\"><img loading=\"lazy\" decoding=\"async\" alt=\"img_5383.jpg\" class=\"size-full wp-image-678\" height=\"209\" src=\"http:\/\/www.fondation-pierredubois.ch\/wp-content\/uploads\/2009\/01\/img_5383.jpg\" style=\"margin-right: 5px; margin-bottom: 5px;\" title=\"img_5383.jpg\" width=\"140\" srcset=\"https:\/\/www.fondation-pierredubois.ch\/wp-content\/uploads\/2009\/01\/img_5383.jpg 640w, https:\/\/www.fondation-pierredubois.ch\/wp-content\/uploads\/2009\/01\/img_5383-200x300.jpg 200w\" sizes=\"(max-width: 140px) 100vw, 140px\" \/><\/a><a href=\"http:\/\/www.fondation-pierredubois.ch\/wp-content\/uploads\/2009\/01\/img_5376.jpg\"><img loading=\"lazy\" decoding=\"async\" alt=\"img_5376.jpg\" class=\"size-full wp-image-679\" height=\"209\" src=\"http:\/\/www.fondation-pierredubois.ch\/wp-content\/uploads\/2009\/01\/img_5376.jpg\" style=\"margin-bottom: 5px;\" title=\"img_5376.jpg\" width=\"140\" srcset=\"https:\/\/www.fondation-pierredubois.ch\/wp-content\/uploads\/2009\/01\/img_5376.jpg 640w, https:\/\/www.fondation-pierredubois.ch\/wp-content\/uploads\/2009\/01\/img_5376-200x300.jpg 200w\" sizes=\"(max-width: 140px) 100vw, 140px\" \/><\/a><br \/>\n\t<span style=\"color: #ffffff;\"><span style=\"color: #ffffff;\">xxxx<\/span><\/span><a href=\"http:\/\/www.fondation-pierredubois.ch\/wp-content\/uploads\/2009\/01\/img_5231.jpg\"><img loading=\"lazy\" decoding=\"async\" alt=\"img_5231.jpg\" class=\"size-full wp-image-680\" height=\"209\" src=\"http:\/\/www.fondation-pierredubois.ch\/wp-content\/uploads\/2009\/01\/img_5231.jpg\" style=\"margin-right: 5px;\" title=\"img_5231.jpg\" width=\"140\" srcset=\"https:\/\/www.fondation-pierredubois.ch\/wp-content\/uploads\/2009\/01\/img_5231.jpg 427w, https:\/\/www.fondation-pierredubois.ch\/wp-content\/uploads\/2009\/01\/img_5231-200x300.jpg 200w\" sizes=\"(max-width: 140px) 100vw, 140px\" \/><\/a><a href=\"http:\/\/www.fondation-pierredubois.ch\/wp-content\/uploads\/2009\/01\/img_5244.jpg\"><img loading=\"lazy\" decoding=\"async\" alt=\"img_5244.jpg\" class=\"size-full wp-image-681\" height=\"209\" src=\"http:\/\/www.fondation-pierredubois.ch\/wp-content\/uploads\/2009\/01\/img_5244.jpg\" style=\"margin-right: 5px;\" title=\"img_5244.jpg\" width=\"140\" srcset=\"https:\/\/www.fondation-pierredubois.ch\/wp-content\/uploads\/2009\/01\/img_5244.jpg 427w, https:\/\/www.fondation-pierredubois.ch\/wp-content\/uploads\/2009\/01\/img_5244-200x300.jpg 200w\" sizes=\"(max-width: 140px) 100vw, 140px\" \/><\/a><a href=\"http:\/\/www.fondation-pierredubois.ch\/wp-content\/uploads\/2009\/01\/img_5332.jpg\"><img loading=\"lazy\" decoding=\"async\" alt=\"img_5332.jpg\" class=\"size-full wp-image-682\" height=\"209\" src=\"http:\/\/www.fondation-pierredubois.ch\/wp-content\/uploads\/2009\/01\/img_5332.jpg\" style=\"margin-right: 5px;\" title=\"img_5332.jpg\" width=\"140\" srcset=\"https:\/\/www.fondation-pierredubois.ch\/wp-content\/uploads\/2009\/01\/img_5332.jpg 428w, https:\/\/www.fondation-pierredubois.ch\/wp-content\/uploads\/2009\/01\/img_5332-201x300.jpg 201w\" sizes=\"(max-width: 140px) 100vw, 140px\" \/><\/a><a href=\"http:\/\/www.fondation-pierredubois.ch\/wp-content\/uploads\/2009\/01\/img_5341.jpg\"><img decoding=\"async\" alt=\"img_5341.jpg\" class=\"size-full wp-image-683\" src=\"http:\/\/www.fondation-pierredubois.ch\/wp-content\/uploads\/2009\/01\/img_5341.jpg\" style=\"margin: 0px;\" title=\"img_5341.jpg\" width=\"140\" srcset=\"https:\/\/www.fondation-pierredubois.ch\/wp-content\/uploads\/2009\/01\/img_5341.jpg 427w, https:\/\/www.fondation-pierredubois.ch\/wp-content\/uploads\/2009\/01\/img_5341-200x300.jpg 200w\" sizes=\"(max-width: 427px) 100vw, 427px\" \/><\/a>\n<\/p>\n<p>\n\t<span style=\"color: #ffffff;\">xx<\/span>\n<\/p>\n<p>\n\t<span style=\"color: #ffffff;\">xxxxxxxxjpg&quot; width=&quot;140&quot; src=&quot;images\/stories\/img_5383.jpg&quot; \/<\/span>\n<\/p>\n<p>\n\t<span style=\"color: #ffffff;\"><a href=\"http:\/\/www.fondation-pierredubois.ch\/wp-content\/uploads\/2009\/01\/img_5433.jpg\"><img loading=\"lazy\" decoding=\"async\" alt=\"img_5433.jpg\" class=\"size-full wp-image-684\" height=\"140\" src=\"http:\/\/www.fondation-pierredubois.ch\/wp-content\/uploads\/2009\/01\/img_5433.jpg\" style=\"margin: 0px 5px 5px 0px;\" title=\"img_5433.jpg\" width=\"209\" srcset=\"https:\/\/www.fondation-pierredubois.ch\/wp-content\/uploads\/2009\/01\/img_5433.jpg 640w, https:\/\/www.fondation-pierredubois.ch\/wp-content\/uploads\/2009\/01\/img_5433-300x200.jpg 300w\" sizes=\"(max-width: 209px) 100vw, 209px\" \/><\/a><a href=\"http:\/\/www.fondation-pierredubois.ch\/wp-content\/uploads\/2009\/01\/img_5378.jpg\"><img loading=\"lazy\" decoding=\"async\" alt=\"img_5378.jpg\" class=\"size-full wp-image-685\" height=\"140\" src=\"http:\/\/www.fondation-pierredubois.ch\/wp-content\/uploads\/2009\/01\/img_5378.jpg\" style=\"margin-right: 5px; margin-bottom: 5px;\" title=\"img_5378.jpg\" width=\"209\" srcset=\"https:\/\/www.fondation-pierredubois.ch\/wp-content\/uploads\/2009\/01\/img_5378.jpg 640w, https:\/\/www.fondation-pierredubois.ch\/wp-content\/uploads\/2009\/01\/img_5378-300x200.jpg 300w\" sizes=\"(max-width: 209px) 100vw, 209px\" \/><\/a><a href=\"http:\/\/www.fondation-pierredubois.ch\/wp-content\/uploads\/2009\/01\/img_5377.jpg\"><img loading=\"lazy\" decoding=\"async\" alt=\"img_5377.jpg\" class=\"size-full wp-image-686\" height=\"140\" src=\"http:\/\/www.fondation-pierredubois.ch\/wp-content\/uploads\/2009\/01\/img_5377.jpg\" style=\"margin: 0px 0px 5px;\" title=\"img_5377.jpg\" width=\"209\" srcset=\"https:\/\/www.fondation-pierredubois.ch\/wp-content\/uploads\/2009\/01\/img_5377.jpg 640w, https:\/\/www.fondation-pierredubois.ch\/wp-content\/uploads\/2009\/01\/img_5377-300x200.jpg 300w\" sizes=\"(max-width: 209px) 100vw, 209px\" \/><\/a><br \/>\n\t<span style=\"color: #000000;\"><a href=\"http:\/\/www.fondation-pierredubois.ch\/wp-content\/uploads\/2009\/01\/img_5386.jpg\"><img decoding=\"async\" alt=\"img_5386.jpg\" class=\"size-full wp-image-687\" height=\"140\" src=\"http:\/\/www.fondation-pierredubois.ch\/wp-content\/uploads\/2009\/01\/img_5386.jpg\" style=\"margin: 0px 5px 5px 0px;\" title=\"img_5386.jpg\" srcset=\"https:\/\/www.fondation-pierredubois.ch\/wp-content\/uploads\/2009\/01\/img_5386.jpg 640w, https:\/\/www.fondation-pierredubois.ch\/wp-content\/uploads\/2009\/01\/img_5386-300x200.jpg 300w\" sizes=\"(max-width: 640px) 100vw, 640px\" \/><\/a><a href=\"http:\/\/www.fondation-pierredubois.ch\/wp-content\/uploads\/2009\/01\/img_5392.jpg\"><img decoding=\"async\" alt=\"img_5392.jpg\" class=\"size-full wp-image-688\" height=\"140\" src=\"http:\/\/www.fondation-pierredubois.ch\/wp-content\/uploads\/2009\/01\/img_5392.jpg\" style=\"margin: 0px 5px 5px 0px;\" title=\"img_5392.jpg\" srcset=\"https:\/\/www.fondation-pierredubois.ch\/wp-content\/uploads\/2009\/01\/img_5392.jpg 640w, https:\/\/www.fondation-pierredubois.ch\/wp-content\/uploads\/2009\/01\/img_5392-300x200.jpg 300w\" sizes=\"(max-width: 640px) 100vw, 640px\" \/><\/a><a href=\"http:\/\/www.fondation-pierredubois.ch\/wp-content\/uploads\/2009\/01\/img_5400.jpg\"><img decoding=\"async\" alt=\"img_5400.jpg\" class=\"size-full wp-image-689\" height=\"140\" src=\"http:\/\/www.fondation-pierredubois.ch\/wp-content\/uploads\/2009\/01\/img_5400.jpg\" style=\"margin: 0px 0px 5px;\" title=\"img_5400.jpg\" srcset=\"https:\/\/www.fondation-pierredubois.ch\/wp-content\/uploads\/2009\/01\/img_5400.jpg 640w, https:\/\/www.fondation-pierredubois.ch\/wp-content\/uploads\/2009\/01\/img_5400-300x201.jpg 300w\" sizes=\"(max-width: 640px) 100vw, 640px\" \/><\/a><\/span><\/span>\n<\/p>\n<p>\n\t&nbsp;\n<\/p>\n<p>\n\t&nbsp;\n<\/p>\n<p>\n\t&nbsp;<\/p>\n","protected":false},"excerpt":{"rendered":"<p class=\"excerpt\">xx xx xxxx xxxx xxxx xx xxxxxxxxjpg&quot; width=&quot;140&quot; src=&quot;images\/stories\/img_5383.jpg&quot; \/ &nbsp; &nbsp; &nbsp; <a href=\"https:\/\/www.fondation-pierredubois.ch\/fr\/disparition-du-professeur-pierre-du-bois\/parution-douvrages-de-et-pour-pierre-du-bois\/galerie-photos-de-la-ceremonie-de-presentation-des-ouvrages\/\">Read more &rarr;<\/a><\/p>\n","protected":false},"author":55,"featured_media":0,"parent":4077,"menu_order":3,"comment_status":"closed","ping_status":"closed","template":"","meta":{"footnotes":""},"class_list":["post-4088","page","type-page","status-publish","hentry","xfolkentry"],"_links":{"self":[{"href":"https:\/\/www.fondation-pierredubois.ch\/fr\/wp-json\/wp\/v2\/pages\/4088","targetHints":{"allow":["GET"]}}],"collection":[{"href":"https:\/\/www.fondation-pierredubois.ch\/fr\/wp-json\/wp\/v2\/pages"}],"about":[{"href":"https:\/\/www.fondation-pierredubois.ch\/fr\/wp-json\/wp\/v2\/types\/page"}],"author":[{"embeddable":true,"href":"https:\/\/www.fondation-pierredubois.ch\/fr\/wp-json\/wp\/v2\/users\/55"}],"replies":[{"embeddable":true,"href":"https:\/\/www.fondation-pierredubois.ch\/fr\/wp-json\/wp\/v2\/comments?post=4088"}],"version-history":[{"count":3,"href":"https:\/\/www.fondation-pierredubois.ch\/fr\/wp-json\/wp\/v2\/pages\/4088\/revisions"}],"predecessor-version":[{"id":9091,"href":"https:\/\/www.fondation-pierredubois.ch\/fr\/wp-json\/wp\/v2\/pages\/4088\/revisions\/9091"}],"up":[{"embeddable":true,"href":"https:\/\/www.fondation-pierredubois.ch\/fr\/wp-json\/wp\/v2\/pages\/4077"}],"wp:attachment":[{"href":"https:\/\/www.fondation-pierredubois.ch\/fr\/wp-json\/wp\/v2\/media?parent=4088"}],"curies":[{"name":"wp","href":"https:\/\/api.w.org\/{rel}","templated":true}]}}