{"id":4084,"date":"2015-04-27T13:54:59","date_gmt":"2015-04-27T13:54:59","guid":{"rendered":"http:\/\/www.fondation-pierredubois.ch\/?page_id=4084"},"modified":"2017-05-09T13:04:16","modified_gmt":"2017-05-09T13:04:16","slug":"histoire-de-leurope-monetaire-1945-2005-euro-qui-comme-ulysse","status":"publish","type":"page","link":"https:\/\/www.fondation-pierredubois.ch\/fr\/disparition-du-professeur-pierre-du-bois\/parution-douvrages-de-et-pour-pierre-du-bois\/histoire-de-leurope-monetaire-1945-2005-euro-qui-comme-ulysse\/","title":{"rendered":"Histoire de l&#8217;Europe mon\u00e9taire 1945-2005. Euro qui comme Ulysse&#8230;"},"content":{"rendered":"<h4>de Pierre du Bois<\/h4>\n<h4>PUF-IHEID, 2008<br \/>\n249 p.<\/h4>\n<p><a href=\"http:\/\/www.fondation-pierredubois.ch\/wp-content\/uploads\/2015\/03\/histoireeuropemonetaire.jpg\"><img decoding=\"async\" style=\"border-width: 0px; float: left; margin-right: 15px; width: 100px; height: 155px;\" title=\"histoireeuropemonetaire.jpg\" src=\"http:\/\/www.fondation-pierredubois.ch\/wp-content\/uploads\/2015\/03\/histoireeuropemonetaire.jpg\" alt=\"histoireeuropemonetaire.jpg\" \/><\/a><\/p>\n<p>L&#8217;Europe mon\u00e9taire est bien en place. Cette r\u00e9alisation inou\u00efe, visible par tous les citoyens dans leur quotidien, conf\u00e8re une nouvelle identit\u00e9 \u00e0 la construction europ\u00e9enne.<br \/>\nCe livre retrace la longue histoire de l&#8217;Europe mon\u00e9taire de la\u00a0fin de la Seconde Guerre mondiale \u00e0 nos jours. Une histoire qui a connu plusieurs phases successives : r\u00e9tablissement d&#8217;une normalit\u00e9 mon\u00e9taire apr\u00e8s la Guerre, fonctionnement d&#8217;un syst\u00e8me mon\u00e9taire international sous l&#8217;\u00e9gide du dollar am\u00e9ricain, d\u00e9veloppement d&#8217;une nouvelle ambition europ\u00e9enne en proie aux difficult\u00e9s et d\u00e9sordres des ann\u00e9es 1970, \u00e9laboration du trait\u00e9 de Maastricht dans une Europe en voie de r\u00e9unification, enfin naissance de l&#8217;union \u00e9conomique et mon\u00e9taire et de l&#8217;euro. On y voit s&#8217;entrecroiser les facteurs \u00e9conomiques et financiers, les politiques nationales, des destins de personnalit\u00e9s qui ont contribu\u00e9 \u00e0 fa\u00e7onner l&#8217;histoire ainsi que le tumulte des d\u00e9bats entre experts sous l&#8217;\u0153il des m\u00e9dias et de l&#8217;opinion publique.<br \/>\nBas\u00e9e sur des sources d&#8217;une grande vari\u00e9t\u00e9 et r\u00e9dig\u00e9e dans un style passionnant, cette \u00e9tude historique novatrice constitue une lecture indispensable pour quiconque s&#8217;int\u00e9resse aux origines d&#8217;un projet qui a chang\u00e9 l&#8217;Europe et pourrait avoir de grandes implications sur l&#8217;\u00e9conomie du monde.<\/p>\n<p>Table des mati\u00e8res<\/p>\n<p>Introduction<br \/>\nI. Guerre et paix (1939-1950)<br \/>\nII. R\u00e9surrection (1950-1958)<br \/>\nIII. La ru\u00e9e vers l&#8217;or (1958-1969)<br \/>\nIV. Bonjour tristesse (1969-1978)<br \/>\nV. L&#8217;espoir (1978-1991)<br \/>\nVI. Les conqu\u00e9rants (1991-1998)<br \/>\nVII. La voie royale (1998-2002)<br \/>\nVIII. Le m\u00e9tier des armes (2002-2005)<br \/>\nConclusion<br \/>\nBibliographie\/Index\/Notes<\/p>\n","protected":false},"excerpt":{"rendered":"<p class=\"excerpt\">de Pierre du Bois PUF-IHEID, 2008 249 p. L&#8217;Europe mon\u00e9taire est bien en place. Cette r\u00e9alisation inou\u00efe, visible par tous les citoyens dans leur quotidien, conf\u00e8re une nouvelle identit\u00e9 \u00e0 la construction europ\u00e9enne. Ce livre retrace la longue histoire de l&#8217;Europe mon\u00e9taire de la\u00a0fin de la Seconde Guerre mondiale \u00e0 nos jours. Une histoire qui a connu plusieurs phases successives&hellip; <a href=\"https:\/\/www.fondation-pierredubois.ch\/fr\/disparition-du-professeur-pierre-du-bois\/parution-douvrages-de-et-pour-pierre-du-bois\/histoire-de-leurope-monetaire-1945-2005-euro-qui-comme-ulysse\/\">Read more &rarr;<\/a><\/p>\n","protected":false},"author":55,"featured_media":0,"parent":4077,"menu_order":1,"comment_status":"closed","ping_status":"closed","template":"","meta":{"footnotes":""},"class_list":["post-4084","page","type-page","status-publish","hentry","xfolkentry"],"_links":{"self":[{"href":"https:\/\/www.fondation-pierredubois.ch\/fr\/wp-json\/wp\/v2\/pages\/4084","targetHints":{"allow":["GET"]}}],"collection":[{"href":"https:\/\/www.fondation-pierredubois.ch\/fr\/wp-json\/wp\/v2\/pages"}],"about":[{"href":"https:\/\/www.fondation-pierredubois.ch\/fr\/wp-json\/wp\/v2\/types\/page"}],"author":[{"embeddable":true,"href":"https:\/\/www.fondation-pierredubois.ch\/fr\/wp-json\/wp\/v2\/users\/55"}],"replies":[{"embeddable":true,"href":"https:\/\/www.fondation-pierredubois.ch\/fr\/wp-json\/wp\/v2\/comments?post=4084"}],"version-history":[{"count":11,"href":"https:\/\/www.fondation-pierredubois.ch\/fr\/wp-json\/wp\/v2\/pages\/4084\/revisions"}],"predecessor-version":[{"id":9603,"href":"https:\/\/www.fondation-pierredubois.ch\/fr\/wp-json\/wp\/v2\/pages\/4084\/revisions\/9603"}],"up":[{"embeddable":true,"href":"https:\/\/www.fondation-pierredubois.ch\/fr\/wp-json\/wp\/v2\/pages\/4077"}],"wp:attachment":[{"href":"https:\/\/www.fondation-pierredubois.ch\/fr\/wp-json\/wp\/v2\/media?parent=4084"}],"curies":[{"name":"wp","href":"https:\/\/api.w.org\/{rel}","templated":true}]}}