{"id":4068,"date":"2015-04-27T13:31:58","date_gmt":"2015-04-27T13:31:58","guid":{"rendered":"http:\/\/www.fondation-pierredubois.ch\/?page_id=4068"},"modified":"2023-09-02T15:18:06","modified_gmt":"2023-09-02T15:18:06","slug":"disparition-du-professeur-pierre-du-bois","status":"publish","type":"page","link":"https:\/\/www.fondation-pierredubois.ch\/fr\/disparition-du-professeur-pierre-du-bois\/","title":{"rendered":"Professeur Pierre du Bois"},"content":{"rendered":"<table>\n<tbody>\n<tr>\n<td valign=\"top\">Professeur \u00e0 HEI depuis 1992, Pierre du Bois \u00e9tait un sp\u00e9cialiste bien connu de l\u2019histoire de l\u2019int\u00e9gration europ\u00e9enne, un domaine d\u2019\u00e9tude qu\u2019il ne dissociait pas de son engagement pour l\u2019Europe. A travers une \u0153uvre abondante, il a contribu\u00e9 \u00e0 \u00e9clairer les rapports entre la Suisse et la construction europ\u00e9enne. Il a enrichi la connaissance de l\u2019histoire suisse, dans ses clivages et ses tensions \u2013 la guerre du Sonderbund, le foss\u00e9 entre romands et al\u00e9maniques \u2013 et de la Roumanie communiste, dont il \u00e9tait devenu un connaisseur averti. Les cours qu\u2019il a dispens\u00e9s dans d\u2019autres universit\u00e9s (\u00e0 Neuch\u00e2tel, \u00e0 Strasbourg, \u00e0 Vienne), ses liens avec d\u2019autres continents, l\u2019Am\u00e9rique latine en particulier, son travail de co-directeur de la revue franco-suisse Relations internationales lui avaient donn\u00e9 un large rayon d\u2019influence et valu l\u2019amiti\u00e9 \u00e0 travers le monde de nombreuses personnes s\u00e9duites par sa personnalit\u00e9 attachante.<\/p>\n<p>Pierre du Bois \u00e9tait un enseignant remarquable qui captivait par l\u2019art qu\u2019il poss\u00e9dait \u00e0 un haut degr\u00e9 de faire dialoguer l\u2019histoire et l\u2019actualit\u00e9. Ses \u00e9tudiants l\u2019appr\u00e9ciaient et lui \u00e9taient reconnaissants pour le soutien constamment bienveillant qu\u2019il leur apportait. Ses coll\u00e8gues et les collaborateurs de HEI se souviendront de son charme, de sa chaleur, de la bonne humeur qu\u2019il r\u00e9pandait aux alentours, de son attachement \u00e0 l\u2019Institut et de tout ce qu\u2019il nous a apport\u00e9 au fil d\u2019une fid\u00e8le et productive relation.<\/p>\n<p style=\"text-align: right;\">Philippe Burrin<br \/>\nDirecteur de l\u2019Institut de hautes \u00e9tudes<br \/>\ninternationales et du d\u00e9veloppement<br \/>\nGen\u00e8ve<\/p>\n<h1>Professeur Pierre du Bois<\/h1>\n<p>L\u2019universit\u00e9 et la facult\u00e9 des lettres d\u00e9plorent le d\u00e9c\u00e8s brutal de Pierre du Bois, longtemps professeur associ\u00e9 \u00e0 la facult\u00e9 des lettres de l\u2019Universit\u00e9 de Neuch\u00e2tel. Pendant des ann\u00e9es, Pierre du Bois a enseign\u00e9 l\u2019histoire contemporaine, celle d\u2019apr\u00e8s la Seconde Guerre mondiale, aux \u00e9tudiants en histoire et en journalisme.<\/p>\n<p>Professeur \u00e0 l\u2019Institut de hautes \u00e9tudes internationales de Gen\u00e8ve et \u00e0 la Diplomatische Akademie de Vienne, il donnait ses cours \u00e0 Neuch\u00e2tel avec l\u2019autorit\u00e9 d\u2019un sp\u00e9cialiste renomm\u00e9. Il \u00e9tait de ces professeurs trop rares qui aiment enseigner. A cette comp\u00e9tence, il joignait le don de la vie et une tr\u00e8s forte pr\u00e9sence. Ancien journaliste de radio, il savait comment captiver un auditoire, et les journalistes se souviennent des fresques magistrales qu\u2019il faisait d\u00e9filer devant eux. Son propos, \u00e9maill\u00e9 d\u2019humour et empreint d\u2019une profonde chaleur humaine, \u00e9tait rehauss\u00e9 par une vaste culture : il \u00e9tait un lecteur passionn\u00e9, d\u00e9couvreur des aspects les plus originaux des litt\u00e9ratures occidentales, par ailleurs admirable connaisseur des civilisations de l\u2019Europe orientale, notamment de la Roumanie, d\u2019o\u00f9 venait sa femme. Un tel bagage lui permettait de replacer la construction et l\u2019unification europ\u00e9enne, dont il \u00e9tait un grand sp\u00e9cialiste, et \u00e0 laquelle il croyait de toutes ses fibres, dans une perspective large et nuanc\u00e9e, tranchant avec l\u2019atlantisme qui a longtemps baign\u00e9 son histoire.<br \/>\nLa mort l\u2019a atteint en plein \u00e9lan cr\u00e9ateur, alors qu\u2019il pr\u00e9parait un livre sur l\u2019histoire de l\u2019euro. Elle nous prive, nous historiens et politologues neuch\u00e2telois, d\u2019un ami. Nous sommes dans la douleur avec Ina, sa femme ch\u00e9rie.<\/p>\n<div style=\"text-align: right;\">Philippe Marguerat<\/div>\n<div style=\"text-align: right;\">Professeur honoraire d\u2019histoire<\/div>\n<div style=\"text-align: right;\">moderne et contemporaine Neuch\u00e2tel<\/div>\n<div style=\"text-align: right;\"><\/div>\n<div style=\"text-align: right;\"><\/div>\n<\/td>\n<\/tr>\n<tr>\n<td style=\"text-align: right;\"><\/td>\n<\/tr>\n<\/tbody>\n<\/table>\n","protected":false},"excerpt":{"rendered":"<p class=\"excerpt\">Professeur \u00e0 HEI depuis 1992, Pierre du Bois \u00e9tait un sp\u00e9cialiste bien connu de l\u2019histoire de l\u2019int\u00e9gration europ\u00e9enne, un domaine d\u2019\u00e9tude qu\u2019il ne dissociait pas de son engagement pour l\u2019Europe. A travers une \u0153uvre abondante, il a contribu\u00e9 \u00e0 \u00e9clairer les rapports entre la Suisse et la construction europ\u00e9enne. Il a enrichi la connaissance de l\u2019histoire suisse, dans ses clivages&hellip; <a href=\"https:\/\/www.fondation-pierredubois.ch\/fr\/disparition-du-professeur-pierre-du-bois\/\">Read more &rarr;<\/a><\/p>\n","protected":false},"author":55,"featured_media":0,"parent":0,"menu_order":3,"comment_status":"closed","ping_status":"closed","template":"","meta":{"footnotes":""},"class_list":["post-4068","page","type-page","status-publish","hentry","xfolkentry"],"_links":{"self":[{"href":"https:\/\/www.fondation-pierredubois.ch\/fr\/wp-json\/wp\/v2\/pages\/4068","targetHints":{"allow":["GET"]}}],"collection":[{"href":"https:\/\/www.fondation-pierredubois.ch\/fr\/wp-json\/wp\/v2\/pages"}],"about":[{"href":"https:\/\/www.fondation-pierredubois.ch\/fr\/wp-json\/wp\/v2\/types\/page"}],"author":[{"embeddable":true,"href":"https:\/\/www.fondation-pierredubois.ch\/fr\/wp-json\/wp\/v2\/users\/55"}],"replies":[{"embeddable":true,"href":"https:\/\/www.fondation-pierredubois.ch\/fr\/wp-json\/wp\/v2\/comments?post=4068"}],"version-history":[{"count":12,"href":"https:\/\/www.fondation-pierredubois.ch\/fr\/wp-json\/wp\/v2\/pages\/4068\/revisions"}],"predecessor-version":[{"id":17411,"href":"https:\/\/www.fondation-pierredubois.ch\/fr\/wp-json\/wp\/v2\/pages\/4068\/revisions\/17411"}],"wp:attachment":[{"href":"https:\/\/www.fondation-pierredubois.ch\/fr\/wp-json\/wp\/v2\/media?parent=4068"}],"curies":[{"name":"wp","href":"https:\/\/api.w.org\/{rel}","templated":true}]}}