{"id":4063,"date":"2015-04-27T13:25:25","date_gmt":"2015-04-27T13:25:25","guid":{"rendered":"http:\/\/www.fondation-pierredubois.ch\/?page_id=4063"},"modified":"2017-05-09T12:56:55","modified_gmt":"2017-05-09T12:56:55","slug":"professor-philippe-burrin","status":"publish","type":"page","link":"https:\/\/www.fondation-pierredubois.ch\/fr\/foundation-board\/professor-philippe-burrin\/","title":{"rendered":"Professeur Philippe Burrin"},"content":{"rendered":"<h2>Directeur de l&#8217;Institut de hautes \u00e9tudes internationales et du d\u00e9veloppement \u00e0 Gen\u00e8ve<\/h2>\n<p>&nbsp;<\/p>\n<p><a href=\"http:\/\/www.fondation-pierredubois.ch\/wp-content\/uploads\/2015\/04\/phb.jpg\"><img decoding=\"async\" class=\"image-gauche alignleft size-full wp-image-541\" style=\"border: 0px none; height: 301px; width: 200px; float: left;\" title=\"Philippe Burrin\" src=\"http:\/\/www.fondation-pierredubois.ch\/wp-content\/uploads\/2017\/04\/portrait_ok_Burrin-72DPI.jpg\" \/><\/a>Le professeur Philippe Burrin est Directeur de l&#8217;Institut de hautes \u00e9tudes internationales et du d\u00e9veloppement \u00e0 Gen\u00e8ve. Ses principaux domaines d&#8217;int\u00e9r\u00eat et de recherche sont l&#8217;histoire g\u00e9n\u00e9rale des relations internationales, les id\u00e9ologies, mouvements et r\u00e9gimes politiques en comparaison internationale, les guerres et les occupations militaires, les violences de masse et les g\u00e9nocides.<\/p>\n<p>Il a \u00e9t\u00e9 professeur ou chercheur invit\u00e9 \u00e0 l&#8217;Institut d&#8217;\u00e9tudes politique de Paris (Chaire Elie Hal\u00e9vy), au Center for European Studies de l&#8217;Universit\u00e9 de Harvard, au Johann Wolfgang Goethe-Universit\u00e4t de Francfort, au Wissenschaftskolleg zu Berlin, et \u00e0 All Souls College \u00e0 l&#8217;Universit\u00e9 d&#8217;Oxford.<\/p>\n<p>Parmi ses ouvrages, pour la plupart traduits dans plusieurs langues, on peut citer :<\/p>\n<p><em><strong>\u2022<\/strong> La d\u00e9rive fasciste.Doriot, D\u00e9at, Bergery 1933-1944<\/em>, Paris, Editions du Seuil, 1986<br \/>\n<strong>\u2022<\/strong> Hitler et les Juifs. Gen\u00e8se d&#8217;un g\u00e9nocide, Paris, Editions du Seuil, 1989<br \/>\n<strong>\u2022<\/strong> La France \u00e0 l&#8217;heure allemande 1940-1944, Paris, Editions du Seuil, 1995<br \/>\n<strong>\u2022<\/strong> Fascisme, nazisme, autoritarisme, Paris, Editions du Seuil, 2000<br \/>\n<strong>\u2022<\/strong> Ressentiment et apocalypse. Essai sur l&#8217;antis\u00e9mitisme nazi, Paris, Editions du Seuil, 2004; 6 juin 1944, avec Jean-Pierre Az\u00e9ma et Robert O. Paxton, Paris, Perrin \/ M\u00e9morial de Caen, 2004.<\/p>\n<p>&nbsp;<\/p>\n","protected":false},"excerpt":{"rendered":"<p class=\"excerpt\">Directeur de l&#8217;Institut de hautes \u00e9tudes internationales et du d\u00e9veloppement \u00e0 Gen\u00e8ve &nbsp; Le professeur Philippe Burrin est Directeur de l&#8217;Institut de hautes \u00e9tudes internationales et du d\u00e9veloppement \u00e0 Gen\u00e8ve. Ses principaux domaines d&#8217;int\u00e9r\u00eat et de recherche sont l&#8217;histoire g\u00e9n\u00e9rale des relations internationales, les id\u00e9ologies, mouvements et r\u00e9gimes politiques en comparaison internationale, les guerres et les occupations militaires, les violences&hellip; <a href=\"https:\/\/www.fondation-pierredubois.ch\/fr\/foundation-board\/professor-philippe-burrin\/\">Read more &rarr;<\/a><\/p>\n","protected":false},"author":55,"featured_media":0,"parent":10215,"menu_order":2,"comment_status":"closed","ping_status":"closed","template":"","meta":{"footnotes":""},"class_list":["post-4063","page","type-page","status-publish","hentry","xfolkentry"],"_links":{"self":[{"href":"https:\/\/www.fondation-pierredubois.ch\/fr\/wp-json\/wp\/v2\/pages\/4063","targetHints":{"allow":["GET"]}}],"collection":[{"href":"https:\/\/www.fondation-pierredubois.ch\/fr\/wp-json\/wp\/v2\/pages"}],"about":[{"href":"https:\/\/www.fondation-pierredubois.ch\/fr\/wp-json\/wp\/v2\/types\/page"}],"author":[{"embeddable":true,"href":"https:\/\/www.fondation-pierredubois.ch\/fr\/wp-json\/wp\/v2\/users\/55"}],"replies":[{"embeddable":true,"href":"https:\/\/www.fondation-pierredubois.ch\/fr\/wp-json\/wp\/v2\/comments?post=4063"}],"version-history":[{"count":16,"href":"https:\/\/www.fondation-pierredubois.ch\/fr\/wp-json\/wp\/v2\/pages\/4063\/revisions"}],"predecessor-version":[{"id":9597,"href":"https:\/\/www.fondation-pierredubois.ch\/fr\/wp-json\/wp\/v2\/pages\/4063\/revisions\/9597"}],"up":[{"embeddable":true,"href":"https:\/\/www.fondation-pierredubois.ch\/fr\/wp-json\/wp\/v2\/pages\/10215"}],"wp:attachment":[{"href":"https:\/\/www.fondation-pierredubois.ch\/fr\/wp-json\/wp\/v2\/media?parent=4063"}],"curies":[{"name":"wp","href":"https:\/\/api.w.org\/{rel}","templated":true}]}}