{"id":4061,"date":"2015-04-27T13:23:29","date_gmt":"2015-04-27T13:23:29","guid":{"rendered":"http:\/\/www.fondation-pierredubois.ch\/?page_id=4061"},"modified":"2017-06-06T12:45:18","modified_gmt":"2017-06-06T12:45:18","slug":"mrs-irina-du-bois","status":"publish","type":"page","link":"https:\/\/www.fondation-pierredubois.ch\/fr\/foundation-board\/mrs-irina-du-bois\/","title":{"rendered":"Madame Irina du Bois"},"content":{"rendered":"<h2 style=\"padding: 0px; margin: 0px 0px 7px; color: #cf1930; font-size: 1.45em; font-family: Arial, sans-serif; line-height: 16.7999992370605px; text-align: justify;\">Pr\u00e9sidente de la Fondation Pierre du Bois pour l&#8217;histoire du temps pr\u00e9sent<\/h2>\n<p>&nbsp;<\/p>\n<p style=\"padding: 0px; margin: 0px 0px 7px; color: #000000; font-family: Arial, sans-serif; font-size: 12px; line-height: 16.7999992370605px; text-align: justify;\"><img fetchpriority=\"high\" decoding=\"async\" class=\"alignleft size-full wp-image-10096\" src=\"http:\/\/www.fondation-pierredubois.ch\/wp-content\/uploads\/2015\/04\/Dubois_Irina.jpg\" alt=\"\" width=\"200\" height=\"301\" srcset=\"https:\/\/www.fondation-pierredubois.ch\/wp-content\/uploads\/2015\/04\/Dubois_Irina.jpg 200w, https:\/\/www.fondation-pierredubois.ch\/wp-content\/uploads\/2015\/04\/Dubois_Irina-199x300.jpg 199w\" sizes=\"(max-width: 200px) 100vw, 200px\" \/><\/p>\n<p style=\"padding: 0px; margin: 0px 0px 7px; color: #000000; font-family: Arial, sans-serif; font-size: 12px; line-height: 16.7999992370605px; text-align: justify;\">Irina du Bois est ing\u00e9nieur-chimiste de l\u2019Ecole Polytechnique F\u00e9d\u00e9rale de Lausanne, Suisse. Elle est aussi titulaire d&#8217;un MA en Histoire Internationale de l&#8217;Institut de hautes \u00e9tudes internationales et du d\u00e9veloppement \u00e0 Gen\u00e8ve et d&#8217;un BA \u00e8s lettres de l&#8217;Universit\u00e9 de Gen\u00e8ve.<\/p>\n<p style=\"padding: 0px; margin: 0px 0px 7px; color: #000000; font-family: Arial, sans-serif; font-size: 12px; line-height: 16.7999992370605px; text-align: justify;\">Elle a fait toute sa carri\u00e8re chez Nestl\u00e9 (Nestec SA) o\u00f9 elle a \u00e9t\u00e9 successivement Sous-directeur, chef des Affaires r\u00e9glementaires (1986-1991), puis Directeur adjoint, chef des Affaires r\u00e9glementaires et de l\u2019environnement (1991-2004) et, jusqu\u2019en 2010, Directeur adjoint, chef des Affaires r\u00e9glementaires et scientifiques.<\/p>\n<p style=\"padding: 0px; margin: 0px 0px 7px; color: #000000; font-family: Arial, sans-serif; font-size: 12px; line-height: 16.7999992370605px; text-align: justify;\">Entre 2010 et 2014, Irina du Bois a \u00e9t\u00e9 membre du Conseil d\u2019Administration de Givaudan SA.<\/p>\n<p style=\"padding: 0px; margin: 0px 0px 7px; color: #000000; font-family: Arial, sans-serif; font-size: 12px; line-height: 16.7999992370605px; text-align: justify;\">\n","protected":false},"excerpt":{"rendered":"<p class=\"excerpt\">Pr\u00e9sidente de la Fondation Pierre du Bois pour l&#8217;histoire du temps pr\u00e9sent &nbsp; Irina du Bois est ing\u00e9nieur-chimiste de l\u2019Ecole Polytechnique F\u00e9d\u00e9rale de Lausanne, Suisse. Elle est aussi titulaire d&#8217;un MA en Histoire Internationale de l&#8217;Institut de hautes \u00e9tudes internationales et du d\u00e9veloppement \u00e0 Gen\u00e8ve et d&#8217;un BA \u00e8s lettres de l&#8217;Universit\u00e9 de Gen\u00e8ve. Elle a fait toute sa carri\u00e8re&hellip; <a href=\"https:\/\/www.fondation-pierredubois.ch\/fr\/foundation-board\/mrs-irina-du-bois\/\">Read more &rarr;<\/a><\/p>\n","protected":false},"author":55,"featured_media":3867,"parent":10215,"menu_order":1,"comment_status":"closed","ping_status":"closed","template":"","meta":{"footnotes":""},"class_list":["post-4061","page","type-page","status-publish","has-post-thumbnail","hentry","xfolkentry"],"_links":{"self":[{"href":"https:\/\/www.fondation-pierredubois.ch\/fr\/wp-json\/wp\/v2\/pages\/4061","targetHints":{"allow":["GET"]}}],"collection":[{"href":"https:\/\/www.fondation-pierredubois.ch\/fr\/wp-json\/wp\/v2\/pages"}],"about":[{"href":"https:\/\/www.fondation-pierredubois.ch\/fr\/wp-json\/wp\/v2\/types\/page"}],"author":[{"embeddable":true,"href":"https:\/\/www.fondation-pierredubois.ch\/fr\/wp-json\/wp\/v2\/users\/55"}],"replies":[{"embeddable":true,"href":"https:\/\/www.fondation-pierredubois.ch\/fr\/wp-json\/wp\/v2\/comments?post=4061"}],"version-history":[{"count":9,"href":"https:\/\/www.fondation-pierredubois.ch\/fr\/wp-json\/wp\/v2\/pages\/4061\/revisions"}],"predecessor-version":[{"id":10097,"href":"https:\/\/www.fondation-pierredubois.ch\/fr\/wp-json\/wp\/v2\/pages\/4061\/revisions\/10097"}],"up":[{"embeddable":true,"href":"https:\/\/www.fondation-pierredubois.ch\/fr\/wp-json\/wp\/v2\/pages\/10215"}],"wp:featuredmedia":[{"embeddable":true,"href":"https:\/\/www.fondation-pierredubois.ch\/fr\/wp-json\/wp\/v2\/media\/3867"}],"wp:attachment":[{"href":"https:\/\/www.fondation-pierredubois.ch\/fr\/wp-json\/wp\/v2\/media?parent=4061"}],"curies":[{"name":"wp","href":"https:\/\/api.w.org\/{rel}","templated":true}]}}