{"id":3869,"date":"2015-04-23T12:09:02","date_gmt":"2015-04-23T12:09:02","guid":{"rendered":"http:\/\/www.fondation-pierredubois.ch\/?page_id=3869"},"modified":"2020-02-20T13:01:35","modified_gmt":"2020-02-20T13:01:35","slug":"objectives-and-history-of-the-foundation-2","status":"publish","type":"page","link":"https:\/\/www.fondation-pierredubois.ch\/fr\/objectives-and-history-of-the-foundation-2\/","title":{"rendered":"Histoire de la Fondation"},"content":{"rendered":"<p style=\"padding: 0px; margin: 0px 0px 7px; color: #000000; font-family: Arial, sans-serif; font-size: 12px; line-height: 16.7999992370605px; text-align: justify;\"><span style=\"color: #646464;\">La Fondation a \u00e9t\u00e9 cr\u00e9\u00e9e suite au d\u00e9c\u00e8s pr\u00e9matur\u00e9, en 2007, du Professeur Pierre du Bois dont elle porte le nom. Sp\u00e9cialiste de l\u2019int\u00e9gration europ\u00e9enne et des relations internationales contemporaines, Pierre du Bois \u00e9tait Professeur d\u2019histoire et de politique internationales \u00e0 l\u2019Institut universitaire de hautes \u00e9tudes internationales de Gen\u00e8ve. Il voulait lui-m\u00eame cr\u00e9er cette fondation, mais il n\u2019a pas eu le temps de r\u00e9aliser ce voeu : trop occup\u00e9 par la vie, il ne savait pas que le temps lui \u00e9tait compt\u00e9&#8230; La Fondation Pierre du Bois aspire \u00e0 perp\u00e9tuer son approche passionn\u00e9e, curieuse et multidimensionnelle, \u00e0 la fois exigeante et humaine de la recherche.<\/span><\/p>\n","protected":false},"excerpt":{"rendered":"<p class=\"excerpt\">La Fondation a \u00e9t\u00e9 cr\u00e9\u00e9e suite au d\u00e9c\u00e8s pr\u00e9matur\u00e9, en 2007, du Professeur Pierre du Bois dont elle porte le nom. Sp\u00e9cialiste de l\u2019int\u00e9gration europ\u00e9enne et des relations internationales contemporaines, Pierre du Bois \u00e9tait Professeur d\u2019histoire et de politique internationales \u00e0 l\u2019Institut universitaire de hautes \u00e9tudes internationales de Gen\u00e8ve. Il voulait lui-m\u00eame cr\u00e9er cette fondation, mais il n\u2019a pas eu&hellip; <a href=\"https:\/\/www.fondation-pierredubois.ch\/fr\/objectives-and-history-of-the-foundation-2\/\">Read more &rarr;<\/a><\/p>\n","protected":false},"author":55,"featured_media":3867,"parent":0,"menu_order":0,"comment_status":"closed","ping_status":"closed","template":"","meta":{"footnotes":""},"class_list":["post-3869","page","type-page","status-publish","has-post-thumbnail","hentry","xfolkentry"],"_links":{"self":[{"href":"https:\/\/www.fondation-pierredubois.ch\/fr\/wp-json\/wp\/v2\/pages\/3869","targetHints":{"allow":["GET"]}}],"collection":[{"href":"https:\/\/www.fondation-pierredubois.ch\/fr\/wp-json\/wp\/v2\/pages"}],"about":[{"href":"https:\/\/www.fondation-pierredubois.ch\/fr\/wp-json\/wp\/v2\/types\/page"}],"author":[{"embeddable":true,"href":"https:\/\/www.fondation-pierredubois.ch\/fr\/wp-json\/wp\/v2\/users\/55"}],"replies":[{"embeddable":true,"href":"https:\/\/www.fondation-pierredubois.ch\/fr\/wp-json\/wp\/v2\/comments?post=3869"}],"version-history":[{"count":6,"href":"https:\/\/www.fondation-pierredubois.ch\/fr\/wp-json\/wp\/v2\/pages\/3869\/revisions"}],"predecessor-version":[{"id":13851,"href":"https:\/\/www.fondation-pierredubois.ch\/fr\/wp-json\/wp\/v2\/pages\/3869\/revisions\/13851"}],"wp:featuredmedia":[{"embeddable":true,"href":"https:\/\/www.fondation-pierredubois.ch\/fr\/wp-json\/wp\/v2\/media\/3867"}],"wp:attachment":[{"href":"https:\/\/www.fondation-pierredubois.ch\/fr\/wp-json\/wp\/v2\/media?parent=3869"}],"curies":[{"name":"wp","href":"https:\/\/api.w.org\/{rel}","templated":true}]}}