{"id":2175,"date":"2015-03-19T13:50:03","date_gmt":"2015-03-19T13:50:03","guid":{"rendered":"http:\/\/www.fondation-pierredubois.ch\/?page_id=2175"},"modified":"2017-05-09T13:06:22","modified_gmt":"2017-05-09T13:06:22","slug":"construire-leurope-melanges-en-hommage-a-pierre-du-bois","status":"publish","type":"page","link":"https:\/\/www.fondation-pierredubois.ch\/fr\/disparition-du-professeur-pierre-du-bois\/parution-douvrages-de-et-pour-pierre-du-bois\/construire-leurope-melanges-en-hommage-a-pierre-du-bois\/","title":{"rendered":"Construire l&#8217;Europe. M\u00e9langes en hommage \u00e0 Pierre du Bois"},"content":{"rendered":"<h4 style=\"line-height: 20.7999992370605px;\">Andre Liebich et Basil Germond (dir)<\/h4>\n<h4 style=\"line-height: 20.7999992370605px;\">PUF-IHEID, 2008<br \/>\n256 p.<\/h4>\n<p style=\"line-height: 20.7999992370605px; text-align: justify;\"><a href=\"http:\/\/www.fondation-pierredubois.ch\/wp-content\/uploads\/2008\/11\/41e1gebffsl.jpg\"><img decoding=\"async\" class=\"alignleft size-full wp-image-582\" style=\"margin-right: 20px;\" title=\"41e1gebffsl.jpg\" src=\"http:\/\/www.fondation-pierredubois.ch\/wp-content\/uploads\/2008\/11\/41e1gebffsl.jpg\" alt=\"41e1gebffsl.jpg\" width=\"110\" srcset=\"https:\/\/www.fondation-pierredubois.ch\/wp-content\/uploads\/2008\/11\/41e1gebffsl.jpg 307w, https:\/\/www.fondation-pierredubois.ch\/wp-content\/uploads\/2008\/11\/41e1gebffsl-185x300.jpg 185w\" sizes=\"(max-width: 307px) 100vw, 307px\" \/><\/a>Ce volume publi\u00e9 sous forme d&#8217;hommage au professeur Pierre du Bois, d\u00e9c\u00e9d\u00e9 subitement en juin 2007, regroupe les contributions de ses coll\u00e8gues, amis et anciens doctorants sur le th\u00e8me de la construction europ\u00e9enne qui \u00e9tait l&#8217;un des th\u00e8mes de pr\u00e9dilection. Cinq aspects de la question europ\u00e9enne sont mis en lumi\u00e8re par les diff\u00e9rents auteurs : les origines de l&#8217;id\u00e9e d&#8217;Europe (Bruno Arcidiacono, Jean-Fran\u00e7ois Bergier, Lubor Jilek, Alfonso Mattera), l&#8217;Europe et ses constructeurs (Andr\u00e9 Rezler, Benedikt Shoenborn, Georges-Henir Soutou), l&#8217;Union europ\u00e9enne et les institutions (Marie-Th\u00e9r\u00e8se Bitsch, Victor-Yves Chebali, Gilles Grin), L&#8217;Union europ\u00e9enne et le monde (Franz Blankart, Mohammad-Reza Djalili et Thierry Kellner, Jussi Hanhim\u00e4ki), et enfin l&#8217;\u00e9largissement de l&#8217;Union europ\u00e9enne (Adrian Ivan, Andr\u00e9 Liebich). L&#8217;ouvrage d\u00e9bute par un essai bibliographique sur Pierre du Bois (Basil Germond et Fran\u00e7ois Jequier). Ces m\u00e9langes, riches et diversifi\u00e9s, mettent en lumi\u00e8re une interrogation pluridisciplinaires sur la question europ\u00e9enne, o\u00f9 histoire, science politique, \u00e9conomie, droit et philosophie sont indissociables.<\/p>\n<p style=\"line-height: 20.7999992370605px; text-align: justify;\"><strong><span style=\"color: #ffffff;\">x<\/span><\/strong><\/p>\n<p style=\"line-height: 20.7999992370605px; text-align: justify;\">Table des mati\u00e8res<\/p>\n<p style=\"line-height: 20.7999992370605px;\"><span style=\"font-weight: normal;\">AUX ORIGINES DE L&#8217;UNION EUROPEENNE<br \/>\n&#8211; Les valeurs identitaires de notre &#8221; europ\u00e9eanit\u00e9 &#8221; : vingt-cinq si\u00e8cles d&#8217;histoire, de Socrate \u00e0 Jean Monnet<br \/>\n&#8211; Pr\u00e9figuration de l&#8217;Union europ\u00e9enne : l&#8217;Europe des marchands au temps de la Renaissance<br \/>\n&#8211; Un pr\u00e9curseur de l&#8217;Union europ\u00e9enne ? Le comte de Saint-Simon et la r\u00e9organisation de l&#8217;Europe<br \/>\n&#8211; Id\u00e9es d&#8217;Europe d&#8217;un d\u00e9put\u00e9 autrichien : les raisonnements de Masaryk \u00e0 l&#8217;approche de 1914<\/span><\/p>\n<p style=\"line-height: 20.7999992370605px;\"><span style=\"font-weight: normal;\">L&#8217;UNION EUROPEENNE ET SES CONSTRUCTEURS<br \/>\n&#8211; Denis de Rougement l&#8217;Europ\u00e9en<br \/>\n&#8211; De Gaulle &#8211; adversaire ou partisan de la construction europ\u00e9enne ?<br \/>\n&#8211; Jean-Marie Soutou (1912-2003) : un diplomate atypique face \u00e0 la construction europ\u00e9enne<\/span><\/p>\n<p style=\"line-height: 20.7999992370605px;\">L&#8217;UNION EUROPEENNE ET LES INSTITUTIONS<br \/>\n&#8211; L&#8217;\u00e9volution institutionnelle de l&#8217;Union europ\u00e9enne (1957-2007) : une f\u00e9d\u00e9ration impossible ?<br \/>\n&#8211; L&#8217;int\u00e9gration mon\u00e9taire de l&#8217;Europe : \u00e9tat de la question et perspectives<br \/>\n&#8211; L&#8217;interface Union europ\u00e9enne\/OSCE : de l&#8217;\u00e8re Est-Ouest \u00e0 l&#8217;apr\u00e8s-guerre froide<\/p>\n<p style=\"line-height: 20.7999992370605px;\">L&#8217;UNION EUROPEENNE ET LE MONDE<br \/>\n&#8211; A Troubled Partnership : The Transatlantic Relationship from the Cold War to the 21st Century<br \/>\n&#8211; The European Economic Area, the bilateral agreements and Switzerland<br \/>\n&#8211; L&#8217;Union europ\u00e9enne et l&#8217;Asie centrale : de la red\u00e9couverte \u00e0 la coop\u00e9ration<\/p>\n<p style=\"line-height: 20.7999992370605px;\">L&#8217;UNION EUROPEENNE ELARGIE<br \/>\n&#8211; L&#8217;Union europ\u00e9enne de\u00a0s 27 : logiques et conditionnalit\u00e9s de l&#8217;\u00e9largissement : le cas de la Roumanie<br \/>\n&#8211; Les Deux Europes, sur quelques aspects de leur diff\u00e9rence<\/p>\n","protected":false},"excerpt":{"rendered":"<p class=\"excerpt\">Andre Liebich et Basil Germond (dir) PUF-IHEID, 2008 256 p. Ce volume publi\u00e9 sous forme d&#8217;hommage au professeur Pierre du Bois, d\u00e9c\u00e9d\u00e9 subitement en juin 2007, regroupe les contributions de ses coll\u00e8gues, amis et anciens doctorants sur le th\u00e8me de la construction europ\u00e9enne qui \u00e9tait l&#8217;un des th\u00e8mes de pr\u00e9dilection. Cinq aspects de la question europ\u00e9enne sont mis en lumi\u00e8re&hellip; <a href=\"https:\/\/www.fondation-pierredubois.ch\/fr\/disparition-du-professeur-pierre-du-bois\/parution-douvrages-de-et-pour-pierre-du-bois\/construire-leurope-melanges-en-hommage-a-pierre-du-bois\/\">Read more &rarr;<\/a><\/p>\n","protected":false},"author":55,"featured_media":0,"parent":4077,"menu_order":2,"comment_status":"closed","ping_status":"closed","template":"","meta":{"footnotes":""},"class_list":["post-2175","page","type-page","status-publish","hentry","xfolkentry"],"_links":{"self":[{"href":"https:\/\/www.fondation-pierredubois.ch\/fr\/wp-json\/wp\/v2\/pages\/2175","targetHints":{"allow":["GET"]}}],"collection":[{"href":"https:\/\/www.fondation-pierredubois.ch\/fr\/wp-json\/wp\/v2\/pages"}],"about":[{"href":"https:\/\/www.fondation-pierredubois.ch\/fr\/wp-json\/wp\/v2\/types\/page"}],"author":[{"embeddable":true,"href":"https:\/\/www.fondation-pierredubois.ch\/fr\/wp-json\/wp\/v2\/users\/55"}],"replies":[{"embeddable":true,"href":"https:\/\/www.fondation-pierredubois.ch\/fr\/wp-json\/wp\/v2\/comments?post=2175"}],"version-history":[{"count":15,"href":"https:\/\/www.fondation-pierredubois.ch\/fr\/wp-json\/wp\/v2\/pages\/2175\/revisions"}],"predecessor-version":[{"id":9607,"href":"https:\/\/www.fondation-pierredubois.ch\/fr\/wp-json\/wp\/v2\/pages\/2175\/revisions\/9607"}],"up":[{"embeddable":true,"href":"https:\/\/www.fondation-pierredubois.ch\/fr\/wp-json\/wp\/v2\/pages\/4077"}],"wp:attachment":[{"href":"https:\/\/www.fondation-pierredubois.ch\/fr\/wp-json\/wp\/v2\/media?parent=2175"}],"curies":[{"name":"wp","href":"https:\/\/api.w.org\/{rel}","templated":true}]}}