{"id":13839,"date":"2020-02-20T12:10:56","date_gmt":"2020-02-20T12:10:56","guid":{"rendered":"http:\/\/www.fondation-pierredubois.ch\/?page_id=13839"},"modified":"2020-02-20T13:13:41","modified_gmt":"2020-02-20T13:13:41","slug":"mission-statement","status":"publish","type":"page","link":"https:\/\/www.fondation-pierredubois.ch\/fr\/mission-statement\/","title":{"rendered":"Mission de la Fondation"},"content":{"rendered":"<p>La Fondation Pierre du Bois pour l\u2019histoire du temps pr\u00e9sent vise \u00e0 susciter des recherches sur l&#8217;histoire du temps pr\u00e9sent et \u00e0 soutenir des chercheurs et des \u00e9tudiants travaillant dans ce domaine.<\/p>\n<p>L\u2019histoire du temps pr\u00e9sent que la Fondation souhaite promouvoir s\u2019inscrit dans une double perspective\u00a0:<\/p>\n<ul>\n<li>une approche globale\/internationale\/transnationale et\/ou qui permet de comprendre les interconnections entre le local et le global\u00a0;<\/li>\n<li>une approche qui encourage le questionnement des rapports entre le pr\u00e9sent, le pass\u00e9 et l\u2019avenir, l\u2019histoire permettant non seulement de conna\u00eetre le pass\u00e9, mais de mieux comprendre le pr\u00e9sent et de mieux agir en vue de l\u2019avenir.<\/li>\n<\/ul>\n<p>La Fondation souhaite promouvoir l\u2019histoire du temps pr\u00e9sent ainsi entendue en privil\u00e9giant le d\u00e9veloppement de r\u00e9seaux internationaux et la participation de jeunes chercheurs \u00e0 toutes les activit\u00e9s qu\u2019elle soutient.<\/p>\n<p>La Fondation s\u2019articule autour d\u2019une communaut\u00e9 de chercheurs li\u00e9s par des int\u00e9r\u00eats et des projets communs. Vou\u00e9e \u00e0 cro\u00eetre et \u00e0 \u00e9voluer, elle invite tous ceux qui sont int\u00e9ress\u00e9s par l\u2019histoire du temps pr\u00e9sent \u00e0 la rejoindre afin de participer \u00e0 ses activit\u00e9s et \u00e0 son d\u00e9veloppement.<\/p>\n","protected":false},"excerpt":{"rendered":"<p class=\"excerpt\">La Fondation Pierre du Bois pour l\u2019histoire du temps pr\u00e9sent vise \u00e0 susciter des recherches sur l&#8217;histoire du temps pr\u00e9sent et \u00e0 soutenir des chercheurs et des \u00e9tudiants travaillant dans ce domaine. L\u2019histoire du temps pr\u00e9sent que la Fondation souhaite promouvoir s\u2019inscrit dans une double perspective\u00a0: une approche globale\/internationale\/transnationale et\/ou qui permet de comprendre les interconnections entre le local et&hellip; <a href=\"https:\/\/www.fondation-pierredubois.ch\/fr\/mission-statement\/\">Read more &rarr;<\/a><\/p>\n","protected":false},"author":55,"featured_media":0,"parent":0,"menu_order":0,"comment_status":"closed","ping_status":"closed","template":"","meta":{"footnotes":""},"class_list":["post-13839","page","type-page","status-publish","hentry","xfolkentry"],"_links":{"self":[{"href":"https:\/\/www.fondation-pierredubois.ch\/fr\/wp-json\/wp\/v2\/pages\/13839","targetHints":{"allow":["GET"]}}],"collection":[{"href":"https:\/\/www.fondation-pierredubois.ch\/fr\/wp-json\/wp\/v2\/pages"}],"about":[{"href":"https:\/\/www.fondation-pierredubois.ch\/fr\/wp-json\/wp\/v2\/types\/page"}],"author":[{"embeddable":true,"href":"https:\/\/www.fondation-pierredubois.ch\/fr\/wp-json\/wp\/v2\/users\/55"}],"replies":[{"embeddable":true,"href":"https:\/\/www.fondation-pierredubois.ch\/fr\/wp-json\/wp\/v2\/comments?post=13839"}],"version-history":[{"count":7,"href":"https:\/\/www.fondation-pierredubois.ch\/fr\/wp-json\/wp\/v2\/pages\/13839\/revisions"}],"predecessor-version":[{"id":13857,"href":"https:\/\/www.fondation-pierredubois.ch\/fr\/wp-json\/wp\/v2\/pages\/13839\/revisions\/13857"}],"wp:attachment":[{"href":"https:\/\/www.fondation-pierredubois.ch\/fr\/wp-json\/wp\/v2\/media?parent=13839"}],"curies":[{"name":"wp","href":"https:\/\/api.w.org\/{rel}","templated":true}]}}