{"id":13376,"date":"2019-10-08T10:17:43","date_gmt":"2019-10-08T10:17:43","guid":{"rendered":"http:\/\/www.fondation-pierredubois.ch\/?page_id=13376"},"modified":"2019-10-09T12:05:47","modified_gmt":"2019-10-09T12:05:47","slug":"publications-and-curriculum-vitae","status":"publish","type":"page","link":"https:\/\/www.fondation-pierredubois.ch\/fr\/chaire-pierre-du-bois\/publications-and-curriculum-vitae\/","title":{"rendered":"Publications and Curriculum Vitae"},"content":{"rendered":"<h3>Monographs<\/h3>\n<p><em>Anti-Imperial Metropolis: The Politics of Africans, Asians, and Latin Americans in Interwar Paris<\/em> (Cambridge and New York: Cambridge University Press, 2015). (Winner of the Jerry Bentley Prize in World History, 2016, American Historical Association) (&#8230;translated into French as: Paris, capitale du tiers monde: comment est n\u00e9e la r\u00e9volution anticoloniale[Paris: La D\u00e9couverte, 2017].)<\/p>\n<p><em>Overlapping Geographies of Belonging: Migrations, Regions, and Nations in the Western South Atlantic <\/em>(Washington, DC: American Historical Association, 2013).<\/p>\n<p><em>Argentina\u2019s Partisan Past: Nationalism and the Politics of History<\/em> (Liverpool: Liverpool University Press, 2011). (&#8230;translated into Spanish as: La Argentina partida: Nacionalismos y pol\u00edticas de la historia [Buenos Aires: Prometeo, 2013].)<\/p>\n<h3>Edited Volume<\/h3>\n<p>(with Nicola Foote), <em>Immigration and National Identities in Latin America<\/em> (Gainesville: University Press of Florida, 2014).<\/p>\n<h3>Journal Articles (Selection)<\/h3>\n<p>\u201cSpokesmen, Spies, and Spouses: Anticolonialism, Surveillance, and Intimacy in Interwar France.\u201d <em>Journal of Modern History<\/em> (forthcoming).<\/p>\n<p>\u201c\u2018The Capital of the Men Without a Country\u2019: Migrants and Anticolonialism in Interwar Paris.\u201d <em>The American Historical Review<\/em> 121, no. 5 (2016): 1444\u20131467.<\/p>\n<p>\u201cGeopolitics, Transnational Solidarity, or Diaspora Nationalism? The Global Career of M.N. Roy, 1915\u20131930.\u201d <em>European Review of History<\/em> 21, no. 4 (2015): 485\u2013499.<\/p>\n<p>\u201cUna biograf\u00eda entre espacios: M.N. Roy, del nacionalismo indio al comunismo mexicano.\u201d <em>Historia Mexicana<\/em> 62, no. 4 (2013): 1457\u20131493.<\/p>\n<p>\u201cVon der hispanidad zum Pan-Arabismus: Globale Verflechtungen in Argentiniens Nationalismen.\u201d <em>Geschichte und Gesellschaf<\/em>t, vol. 37, no. 4 (2011): 523\u2013558.<\/p>\n<p>\u201cGauchos, Gringos and Gallegos: The Assimilation of Italian and Spanish Immigrants in the Making of Modern Uruguay.\u201d <em>Past and Present<\/em>, no. 208 (2010): 191\u2013229.<\/p>\n<p>\u201cGlobalization and Nationalism in Latin America, c.1750-1950.\u201d <em>New Global Studies<\/em> 3 (2009).<\/p>\n<p>\u201cDecentring the German Spirit: The Weimar Republic\u2019s Cultural Relations with Latin America.\u201d <em>Journal of Contemporary History<\/em> 44, no. 2 (2009): 221\u2013245.<\/p>\n<p>\u201cA Movement from Right to Left in Argentine Nationalism? The Alianza Libertadora Nacionalista and Tacuara as Stages of Militancy.\u201d <em>Bulletin of Latin American Research<\/em> 26, no. 3 (2007): 356\u2013377.<\/p>\n<h3>Articles in Edited Books<\/h3>\n<p>\u201cSettler Colonialism in Postcolonial Latin America,\u201d in: <em>The Routledge Handbook of the Global History of Settler Colonialism<\/em>, ed. Edward Cavanagh and Lorenzo Veracini (London: Routledge, 2017), 139\u2013151.<\/p>\n<p>\u201cFighting and Working in the Metropole: The Nationalizing Effects of WWI Throughout the French Empire, 1916\u20131930,\u201d in: <em>The World During the First World War<\/em>, ed. Helmut Bley (Essen: Klartext, 2014), 99\u2013109.<\/p>\n<p>\u201cReconceptualizing Diasporas and National Identities in Latin America and the Caribbean, 1850\u20131950,\u201d in: <em>Immigration and National Identities in Latin America<\/em>, ed. Nicola Foote and Michael Goebel (Gainesville: University Press of Florida: 2014), 1\u201327.<\/p>\n<p>\u201cItalian Fascism and Diasporic Nationalisms in Argentina, Brazil, and Uruguay,\u201d in: <em>Immigration and National Identities in Latin America<\/em>, ed. Nicola Foote and Michael Goebel (Gainesville: University Press of Florida: 2014), 235\u2013255.<\/p>\n<h3>Encyclopedia Entries (Selection)<\/h3>\n<p>&#8220;Immigration and National Identity in Latin America, 1870\u20131930,&#8221; in: <em>The Oxford Research Encyclopedia on Latin American History<\/em> (2016) (onlinesource)<\/p>\n<p>(with Mar\u00eda In\u00e9s Tato), &#8220;Making Sense of the War (Latin America),&#8221; in: <em>1914-1918 Online<\/em> (2015).<\/p>\n<h3 class=\"canvasWrapper\">Full Curriculum Vitae<\/h3>\n<a href=\"https:\/\/www.fondation-pierredubois.ch\/wp-content\/uploads\/2019\/04\/Goebel-Michael-cv_0-1.pdf\" class=\"pdfemb-viewer\" style=\"\" data-width=\"max\" data-height=\"max\" data-toolbar=\"both\" data-toolbar-fixed=\"on\">Goebel-Michael-cv_0<\/a>\n","protected":false},"excerpt":{"rendered":"<p class=\"excerpt\">Monographs Anti-Imperial Metropolis: The Politics of Africans, Asians, and Latin Americans in Interwar Paris (Cambridge and New York: Cambridge University Press, 2015). (Winner of the Jerry Bentley Prize in World History, 2016, American Historical Association) (&#8230;translated into French as: Paris, capitale du tiers monde: comment est n\u00e9e la r\u00e9volution anticoloniale[Paris: La D\u00e9couverte, 2017].) Overlapping Geographies of Belonging: Migrations, Regions, and&hellip; <a href=\"https:\/\/www.fondation-pierredubois.ch\/fr\/chaire-pierre-du-bois\/publications-and-curriculum-vitae\/\">Read more &rarr;<\/a><\/p>\n","protected":false},"author":55,"featured_media":0,"parent":11744,"menu_order":0,"comment_status":"closed","ping_status":"closed","template":"","meta":{"footnotes":""},"class_list":["post-13376","page","type-page","status-publish","hentry","xfolkentry"],"_links":{"self":[{"href":"https:\/\/www.fondation-pierredubois.ch\/fr\/wp-json\/wp\/v2\/pages\/13376","targetHints":{"allow":["GET"]}}],"collection":[{"href":"https:\/\/www.fondation-pierredubois.ch\/fr\/wp-json\/wp\/v2\/pages"}],"about":[{"href":"https:\/\/www.fondation-pierredubois.ch\/fr\/wp-json\/wp\/v2\/types\/page"}],"author":[{"embeddable":true,"href":"https:\/\/www.fondation-pierredubois.ch\/fr\/wp-json\/wp\/v2\/users\/55"}],"replies":[{"embeddable":true,"href":"https:\/\/www.fondation-pierredubois.ch\/fr\/wp-json\/wp\/v2\/comments?post=13376"}],"version-history":[{"count":2,"href":"https:\/\/www.fondation-pierredubois.ch\/fr\/wp-json\/wp\/v2\/pages\/13376\/revisions"}],"predecessor-version":[{"id":13402,"href":"https:\/\/www.fondation-pierredubois.ch\/fr\/wp-json\/wp\/v2\/pages\/13376\/revisions\/13402"}],"up":[{"embeddable":true,"href":"https:\/\/www.fondation-pierredubois.ch\/fr\/wp-json\/wp\/v2\/pages\/11744"}],"wp:attachment":[{"href":"https:\/\/www.fondation-pierredubois.ch\/fr\/wp-json\/wp\/v2\/media?parent=13376"}],"curies":[{"name":"wp","href":"https:\/\/api.w.org\/{rel}","templated":true}]}}