{"id":13373,"date":"2019-10-08T10:14:14","date_gmt":"2019-10-08T10:14:14","guid":{"rendered":"http:\/\/www.fondation-pierredubois.ch\/?page_id=13373"},"modified":"2021-09-21T04:51:40","modified_gmt":"2021-09-21T04:51:40","slug":"current-future-past-events","status":"publish","type":"page","link":"https:\/\/www.fondation-pierredubois.ch\/fr\/chaire-pierre-du-bois\/current-future-past-events\/","title":{"rendered":"Past Events"},"content":{"rendered":"<div class=\"entry-content description clearfix\">\n<p>On 20 September 2020 the documentary\u00a0<em>Paris, Capitale du tiers-monde <\/em> directed by Juliette Senik aired on France 5. The documentary is based on Michael Goebel&#8217;s book\u00a0<em>Paris, capitale du tiers monde: comment est n\u00e9e la r\u00e9volution anticoloniale<\/em> [Paris: La D\u00e9couverte, 2017]. More can be read about the viewing <a href=\"https:\/\/www.francetvpro.fr\/france-5\/communiques-de-presse\/paris-capitale-du-tiers-monde-41282913\" target=\"_blank\" rel=\"noopener\">here<\/a>.<\/p>\n<p>May 2020 Michael Goebel contributed to the Albert Hirschman Centre on Democracy&#8217;s commentary series that looks at democratic experiences in the age of pandemics. The contribution is titled \u201cPandemic and political geographies.\u201d The contribution can be found <a href=\"https:\/\/graduateinstitute.ch\/communications\/news\/pandemic-and-political-geographies\" target=\"_blank\" rel=\"noopener\">here<\/a>.<\/p>\n<p>November 7, 2019 Michael Goebel presented a paper\u00a0titled \u201cInternational Movements, the Law, and Anticolonialism: Expert Activists against Empire in Interwar Paris\u201d at the &#8220;The Emergence of a &#8216;Science of the International&#8217; in Interwar Europe: Its Origin, Development and Legacy for Contemporary Social Science&#8221; conference. The full conference program can be found <a href=\"https:\/\/graduateinstitute.ch\/sites\/default\/files\/2019-10\/FNS-conference%20final%20program%20Nov-2019.pdf\">here<\/a>.<\/p>\n<p>October 10, 2019 Michael Goebel discussed the documentary <em>Paris, Capitale du tiers-monde de Juliette SENIK <\/em>at the airing at Cin\u00e9ma Les Lobis, Cycle Cin\u00e9ma. More can be read about the film and discussion <a href=\"http:\/\/www.rdv-histoire.com\/Edition-2019-l-Italie\/paris-capitale-du-tiers-monde-de-juliette-senik\">here<\/a>.<\/p>\n<\/div>\n<div class=\"entry-content description clearfix\">\n<p>Published in September of 2019, Michael Goebel wrote a review of <em>Colonial Suspects: Suspicion, Imperial Rule, and Colonial Society in Interwar French West Africa<\/em>, by Kathleen Keller. The review can be read <a href=\"https:\/\/www.journals.uchicago.edu\/doi\/abs\/10.1086\/704418?mobileUi=0\">here<\/a>.<\/p>\n<p>Published in July of 2019, Michael Goebel wrote a review of <em>Global History, Globally, <\/em>eds. Sven Beckert and Dominic Sachsenmaier. The review can be read <a href=\"http:\/\/www.sehepunkte.de\/2019\/07\/32056.html#.XTWeGBBZDgM.twitter\">here<\/a>.<\/p>\n<p>At the end of July 2019 Michael Goebel participated in a conference at LSE titled \u201cGlobal Social History: Class and Social Transformation in World History.\u201d He spoke on \u201cDensity and Differentiation: Cities in Global Social History.\u201d The program of the event can be found <a href=\"http:\/\/www.fondation-pierredubois.ch\/wp-content\/uploads\/2019\/09\/Global-Social-History-Programme.pdf\">here<\/a>.<\/p>\n<p>In the middle of July 2019 Michael Goebel participated in a conference at University of Leicester titled \u201cThe Pursuit of Global Urban History: A Dialogue Between Two Fields.\u201d He spoke on \u201cUrban Patchworks: Ethnic Segregation in the Global South\u2019s Port Cities During the Age of Steam.\u201d The program of the event can be found <a href=\"http:\/\/www.fondation-pierredubois.ch\/wp-content\/uploads\/2019\/09\/Conference_Schedule5.20.19.pdf\">here<\/a>.<\/p>\n<p>In June 2019 Michael Goebel gave a talk at University of Lisbon titled \u201cHistorians and the City: The Prospects and Pitfalls of a Global Urban History.\u201d<\/p>\n<p>Michael Goebel published an article in the Journal of Modern History, entitled \u201cSpokesmen, Spies, and Spouses: Anticolonialism, Surveillance, and Intimacy in Interwar France.\u201d The article can be found <a href=\"https:\/\/www.journals.uchicago.edu\/doi\/abs\/10.1086\/703145?journalCode=jmh#.XNkrte_ZaoE.twitter\" target=\"_blank\" rel=\"noopener\">here<\/a>.<\/p>\n<p>Michael Goebel published an article (in Spanish) about Latin American students in interwar Paris, who later became leading proponents of the Third World idea. The introduction and table of contents of the edited volume (ed. Mart\u00edn Bergel), in which the article appeared, can be found\u00a0<a href=\"https:\/\/www.academia.edu\/38773652\/Una_sucursal_francesa_de_la_Reforma_Universitaria_j%C3%B3venes_latinoamericanos_y_antiimperialismo_en_la_Par%C3%ADs_de_entreguerras\" target=\"_blank\" rel=\"noopener\" data-saferedirecturl=\"https:\/\/www.google.com\/url?q=https:\/\/www.academia.edu\/37918301\/Los_viajes_latinoamericanos_de_la_Reforma_Universitaria&amp;source=gmail&amp;ust=1555491306588000&amp;usg=AFQjCNHwBcpb4qP88ns_PRz8Ah5Z1VgoNw\">here<\/a>.<\/p>\n<p>Tuesday 26 March 2019 Professor Goebel gave a lunch lecture at the Graduate Institute titled: <strong>Is Nationalism Contagious? <\/strong>Please read his interview <a href=\"https:\/\/www.graduateinstitute.ch\/communications\/news\/nationalism-historical-perspective\" target=\"_blank\" rel=\"noopener\">here<\/a>.<\/p>\n<p>Tuesday 26 February 2019 Professor Goebel gave the opening spring lecture to <a href=\"https:\/\/stg.graduateinstitute.ch\/sites\/default\/files\/2019-03\/International%20History%20Forum_2019.pdf?_ga=2.108691970.1069116500.1555312938-274289793.1554386833\" target=\"_blank\" rel=\"noopener\">The International History Forum at the Graduate Institute titled: <strong>After Empire: Technology, Nation-States, and Imperial Breakup<\/strong><\/a><\/p>\n<\/div>\n","protected":false},"excerpt":{"rendered":"<p class=\"excerpt\">On 20 September 2020 the documentary\u00a0Paris, Capitale du tiers-monde directed by Juliette Senik aired on France 5. The documentary is based on Michael Goebel&#8217;s book\u00a0Paris, capitale du tiers monde: comment est n\u00e9e la r\u00e9volution anticoloniale [Paris: La D\u00e9couverte, 2017]. More can be read about the viewing here. May 2020 Michael Goebel contributed to the Albert Hirschman Centre on Democracy&#8217;s commentary&hellip; <a href=\"https:\/\/www.fondation-pierredubois.ch\/fr\/chaire-pierre-du-bois\/current-future-past-events\/\">Read more &rarr;<\/a><\/p>\n","protected":false},"author":55,"featured_media":0,"parent":11744,"menu_order":0,"comment_status":"closed","ping_status":"closed","template":"","meta":{"footnotes":""},"class_list":["post-13373","page","type-page","status-publish","hentry","xfolkentry"],"_links":{"self":[{"href":"https:\/\/www.fondation-pierredubois.ch\/fr\/wp-json\/wp\/v2\/pages\/13373","targetHints":{"allow":["GET"]}}],"collection":[{"href":"https:\/\/www.fondation-pierredubois.ch\/fr\/wp-json\/wp\/v2\/pages"}],"about":[{"href":"https:\/\/www.fondation-pierredubois.ch\/fr\/wp-json\/wp\/v2\/types\/page"}],"author":[{"embeddable":true,"href":"https:\/\/www.fondation-pierredubois.ch\/fr\/wp-json\/wp\/v2\/users\/55"}],"replies":[{"embeddable":true,"href":"https:\/\/www.fondation-pierredubois.ch\/fr\/wp-json\/wp\/v2\/comments?post=13373"}],"version-history":[{"count":17,"href":"https:\/\/www.fondation-pierredubois.ch\/fr\/wp-json\/wp\/v2\/pages\/13373\/revisions"}],"predecessor-version":[{"id":15303,"href":"https:\/\/www.fondation-pierredubois.ch\/fr\/wp-json\/wp\/v2\/pages\/13373\/revisions\/15303"}],"up":[{"embeddable":true,"href":"https:\/\/www.fondation-pierredubois.ch\/fr\/wp-json\/wp\/v2\/pages\/11744"}],"wp:attachment":[{"href":"https:\/\/www.fondation-pierredubois.ch\/fr\/wp-json\/wp\/v2\/media?parent=13373"}],"curies":[{"name":"wp","href":"https:\/\/api.w.org\/{rel}","templated":true}]}}