{"id":12035,"date":"2018-11-30T13:54:08","date_gmt":"2018-11-30T13:54:08","guid":{"rendered":"http:\/\/www.fondation-pierredubois.ch\/objectives-and-history-of-the-foundation-2\/commemoration-des-10-ans-de-la-fondation\/"},"modified":"2018-12-05T17:12:12","modified_gmt":"2018-12-05T17:12:12","slug":"commemoration-des-10-ans-de-la-fondation","status":"publish","type":"page","link":"https:\/\/www.fondation-pierredubois.ch\/fr\/objectives-and-history-of-the-foundation-2\/commemoration-des-10-ans-de-la-fondation\/","title":{"rendered":"Comm\u00e9moration des 10 ans de la Fondation &#8211; 13 septembre 2018"},"content":{"rendered":"<p>Le 13 septembre 2018 la Fondation Pierre du Bois a comm\u00e9mor\u00e9 les dix ans de son existence d\u00e9di\u00e9e au soutien \u00e0 la recherche sur l\u2019histoire du temps pr\u00e9sent. L\u2019\u00e9v\u00e9nement a r\u00e9uni beaucoup de monde parmi lequel de nombreux participants avaient \u00e9t\u00e9 \u00e9troitement li\u00e9s \u00e0 la cr\u00e9ation et au d\u00e9veloppement de la Fondation. Celle-ci est devenue au fil du temps un partenaire privil\u00e9gi\u00e9 de l\u2019Institut de hautes \u00e9tudes internationales et du d\u00e9veloppement \u00e0 Gen\u00e8ve. En plus, des amis de la Fondation \u00e9taient pr\u00e9sents, la fine fleur des intellectuels venus de Gen\u00e8ve, Lausanne, Suisse, Europe et au-del\u00e0.<\/p>\n<p>Irina du Bois, pr\u00e9sidente de la Fondation Pierre du Bois, a ouvert la soir\u00e9e en disant\u00a0: \u00ab\u00a0Aujourd\u2019hui nous comm\u00e9morons les 10 ans de l\u2019existence de la Fondation Pierre du Bois pour l\u2019histoire du temps pr\u00e9sent. Un ami \u00e0 qui je disais l\u2019autre jour \u2018c\u2019est une comm\u00e9moration mais ce n\u2019est pas une f\u00eate pour moi\u2019 me r\u00e9pondit \u2018non, mais c\u2019est une f\u00eate pour la Fondation\u00a0!\u2019 J\u2019ai aim\u00e9 sa r\u00e9ponse, je la fais mienne, C\u2019EST une f\u00eate pour la Fondation et je vous remercie de vivre cette soir\u00e9e dans cet esprit-l\u00e0.\u00a0\u00bb La soir\u00e9e s\u2019est effectivement poursuivie de cette mani\u00e8re, \u00e0 la fois un peu solennelle et festive.<\/p>\n<p>Le directeur de l\u2019Institut Philippe Burrin a ensuite pr\u00e9sent\u00e9 le professeur Michael Goebel en tant que titulaire de la Chaire Pierre du Bois \u00ab\u00a0L\u2019Europe et le monde\u00a0\u00bb\u00a0; cette nouvelle position a \u00e9t\u00e9 cr\u00e9\u00e9e en septembre 2018 en partenariat entre l\u2019Institut et la Fondation Pierre du Bois. Le professeur Goebel a exprim\u00e9 sa satisfaction d\u2019avoir rejoint l\u2019Institut en tant que premier titulaire de cette Chaire.<\/p>\n<p>Une table ronde a suivi lors de laquelle le professeur Jussi M. Hanhim\u00e4ki et le professeur Mohammad-Mahmoud Ould Mohamedou de l\u2019Institut ont d\u00e9battu sur le th\u00e8me \u00ab\u00a0L\u2019histoire du temps pr\u00e9sent peut-elle \u00e9clairer l\u2019avenir\u00a0?\u00a0\u00bb. Jo\u00eblle Kuntz &#8211; \u00e9crivain, historienne et journaliste &#8211; fut la mod\u00e9ratrice de la table ronde.<\/p>\n<p>Enfin, une r\u00e9ception et d\u00eener suivirent, permettant \u00e0 tous ceux qui ont travaill\u00e9 avec la Fondation pendant toutes ces ann\u00e9es de se retrouver et d\u2019honorer Pierre du Bois.<\/p>\n<p>Voir <a href=\"http:\/\/www.fondation-pierredubois.ch\/wp-content\/uploads\/2018\/11\/Invitation2018-A5-4pp-DEF-BR.pdf\">l\u2019Invitation<\/a> pour le 13 septembre 2018, regarder la <a href=\"http:\/\/www.fondation-pierredubois.ch\/fr\/10-year-anniversary-video\/\">vid\u00e9o<\/a> de l\u2019\u00e9v\u00e9nement et la <a href=\"http:\/\/www.fondation-pierredubois.ch\/objectives-and-history-of-the-foundation\/september-13th-commemoration-10-ans\/\">Gal\u00e9rie photos<\/a>.<\/p>\n<p>Regarder ici la <a href=\"http:\/\/www.fondation-pierredubois.ch\/fondation-final-version\/\">vid\u00e9o<\/a> \u00ab Les 10 ans de la Fondation Pierre du Bois pour l\u2019histoire du temps pr\u00e9sent \u00bb.<\/p>\n","protected":false},"excerpt":{"rendered":"<p class=\"excerpt\">Le 13 septembre 2018 la Fondation Pierre du Bois a comm\u00e9mor\u00e9 les dix ans de son existence d\u00e9di\u00e9e au soutien \u00e0 la recherche sur l\u2019histoire du temps pr\u00e9sent. L\u2019\u00e9v\u00e9nement a r\u00e9uni beaucoup de monde parmi lequel de nombreux participants avaient \u00e9t\u00e9 \u00e9troitement li\u00e9s \u00e0 la cr\u00e9ation et au d\u00e9veloppement de la Fondation. Celle-ci est devenue au fil du temps un&hellip; <a href=\"https:\/\/www.fondation-pierredubois.ch\/fr\/objectives-and-history-of-the-foundation-2\/commemoration-des-10-ans-de-la-fondation\/\">Read more &rarr;<\/a><\/p>\n","protected":false},"author":55,"featured_media":0,"parent":3869,"menu_order":0,"comment_status":"closed","ping_status":"closed","template":"","meta":{"footnotes":""},"class_list":["post-12035","page","type-page","status-publish","hentry","xfolkentry"],"_links":{"self":[{"href":"https:\/\/www.fondation-pierredubois.ch\/fr\/wp-json\/wp\/v2\/pages\/12035","targetHints":{"allow":["GET"]}}],"collection":[{"href":"https:\/\/www.fondation-pierredubois.ch\/fr\/wp-json\/wp\/v2\/pages"}],"about":[{"href":"https:\/\/www.fondation-pierredubois.ch\/fr\/wp-json\/wp\/v2\/types\/page"}],"author":[{"embeddable":true,"href":"https:\/\/www.fondation-pierredubois.ch\/fr\/wp-json\/wp\/v2\/users\/55"}],"replies":[{"embeddable":true,"href":"https:\/\/www.fondation-pierredubois.ch\/fr\/wp-json\/wp\/v2\/comments?post=12035"}],"version-history":[{"count":5,"href":"https:\/\/www.fondation-pierredubois.ch\/fr\/wp-json\/wp\/v2\/pages\/12035\/revisions"}],"predecessor-version":[{"id":12061,"href":"https:\/\/www.fondation-pierredubois.ch\/fr\/wp-json\/wp\/v2\/pages\/12035\/revisions\/12061"}],"up":[{"embeddable":true,"href":"https:\/\/www.fondation-pierredubois.ch\/fr\/wp-json\/wp\/v2\/pages\/3869"}],"wp:attachment":[{"href":"https:\/\/www.fondation-pierredubois.ch\/fr\/wp-json\/wp\/v2\/media?parent=12035"}],"curies":[{"name":"wp","href":"https:\/\/api.w.org\/{rel}","templated":true}]}}