{"id":11610,"date":"2018-09-04T06:56:15","date_gmt":"2018-09-04T06:56:15","guid":{"rendered":"http:\/\/www.fondation-pierredubois.ch\/prix-pierre-du-bois\/the-pierre-du-bois-prize-2018-caio-simoes-de-araujo\/"},"modified":"2026-01-07T10:12:57","modified_gmt":"2026-01-07T10:12:57","slug":"the-pierre-du-bois-prize-2018-caio-simoes-de-araujo","status":"publish","type":"page","link":"https:\/\/www.fondation-pierredubois.ch\/fr\/prix-pierre-du-bois\/the-pierre-du-bois-prize-2018-caio-simoes-de-araujo\/","title":{"rendered":"Prix Pierre du Bois 2018 &#8211; Caio Sim\u00f5es de Ara\u00fajo"},"content":{"rendered":"<p>&nbsp;<\/p>\n<p>The recipient of the Pierre du Bois Prize in 2018, awarded annually for the best doctoral thesis in International History defended at the Graduate Institute, Geneva, is Dr Caio Sim\u00f5es de Ara\u00fajo.<\/p>\n<div id='gallery-1' class='gallery galleryid-11610 gallery-columns-2 gallery-size-large'><dl class='gallery-item'>\n\t\t\t<dt class='gallery-icon landscape'>\n\t\t\t\t<a href='https:\/\/www.fondation-pierredubois.ch\/wp-content\/uploads\/2018\/09\/DSC4509-1.jpg'><img fetchpriority=\"high\" decoding=\"async\" width=\"945\" height=\"630\" src=\"https:\/\/www.fondation-pierredubois.ch\/wp-content\/uploads\/2018\/09\/DSC4509-1.jpg\" class=\"attachment-large size-large\" alt=\"\" srcset=\"https:\/\/www.fondation-pierredubois.ch\/wp-content\/uploads\/2018\/09\/DSC4509-1.jpg 1000w, https:\/\/www.fondation-pierredubois.ch\/wp-content\/uploads\/2018\/09\/DSC4509-1-310x207.jpg 310w, https:\/\/www.fondation-pierredubois.ch\/wp-content\/uploads\/2018\/09\/DSC4509-1-768x512.jpg 768w, https:\/\/www.fondation-pierredubois.ch\/wp-content\/uploads\/2018\/09\/DSC4509-1-525x350.jpg 525w\" sizes=\"(max-width: 945px) 100vw, 945px\" \/><\/a>\n\t\t\t<\/dt><\/dl><dl class='gallery-item'>\n\t\t\t<dt class='gallery-icon landscape'>\n\t\t\t\t<a href='https:\/\/www.fondation-pierredubois.ch\/wp-content\/uploads\/2018\/09\/DSC3913-1.jpg'><img decoding=\"async\" width=\"945\" height=\"630\" src=\"https:\/\/www.fondation-pierredubois.ch\/wp-content\/uploads\/2018\/09\/DSC3913-1.jpg\" class=\"attachment-large size-large\" alt=\"\" srcset=\"https:\/\/www.fondation-pierredubois.ch\/wp-content\/uploads\/2018\/09\/DSC3913-1.jpg 1000w, https:\/\/www.fondation-pierredubois.ch\/wp-content\/uploads\/2018\/09\/DSC3913-1-310x207.jpg 310w, https:\/\/www.fondation-pierredubois.ch\/wp-content\/uploads\/2018\/09\/DSC3913-1-768x512.jpg 768w, https:\/\/www.fondation-pierredubois.ch\/wp-content\/uploads\/2018\/09\/DSC3913-1-525x350.jpg 525w\" sizes=\"(max-width: 945px) 100vw, 945px\" \/><\/a>\n\t\t\t<\/dt><\/dl><br style=\"clear: both\" \/>\n\t\t<\/div>\n\n<p>Dr Sim\u00f5es de Ara\u00fajo received the prize on 14 September for his thesis <em>Diplomacy of Blood and Fire: Portuguese Decolonization and the Race Question, ca. 1945-1968. <\/em>The dissertation grounds the history of race and decolonization on the Global South by looking at Portugal\u2019s late colonialism and as a port of entry into the complexities of what was a deeply transformative era. It explores how the Portuguese example dramatized perhaps the most critical problems in international politics at the time. Firstly, the post-war era was marked by the manifest need to reformulate intellectual debates and political vocabularies at a time when \u201crace\u201d, as a marker of human difference, was falling into disrepute and being attacked internationally. Secondly, twentieth-century decolonization required and animated the transformation of international relations, particularly to make room for the aspirations and agendas coming out of a rising postcolonial world, or from an emerging Global South in the making. In that process, former metropoles had to compete not only with the superpowers, but also with emerging countries of the Global South, themselves imbued with political aspirations. The research shows that Brazil, India and South Africa \u2013 as major international players in their own right \u2013 had their own agendas for what they saw as viable solutions to the Portuguese colonial problem, and to the problems of global race relations and ending empire more broadly. This, in turn, required particular responses from Portuguese diplomacy. The dissertation complicates the vertical relationship between metropole and colony to emphasize the linkages, transits and exchange existing horizontally, thus developing another cartography of the decolonization era.<\/p>\n<p>Please view his profile <a href=\"http:\/\/www.fondation-pierredubois.ch\/associate-researchers\/caio-simoes-de-araujo\/\" target=\"_blank\" rel=\"noopener\">here<\/a> for further information.<\/p>\n<p>The Pierre du Bois Prize is awarded annually to the best doctoral thesis in contemporary history written in the International History Department at the Graduate Institute for International and Development Studies in Geneva. It is worth 5000 CHF.<\/p>\n<p><iframe title=\"PhD and Disciplinary Masters&#039; Diplomas 2018\" width=\"945\" height=\"532\" src=\"https:\/\/www.youtube.com\/embed\/YnZjH1YLzxI?start=1156&#038;feature=oembed\" frameborder=\"0\" allow=\"accelerometer; autoplay; clipboard-write; encrypted-media; gyroscope; picture-in-picture; web-share\" referrerpolicy=\"strict-origin-when-cross-origin\" allowfullscreen><\/iframe><\/p>\n","protected":false},"excerpt":{"rendered":"<p class=\"excerpt\">&nbsp; The recipient of the Pierre du Bois Prize in 2018, awarded annually for the best doctoral thesis in International History defended at the Graduate Institute, Geneva, is Dr Caio Sim\u00f5es de Ara\u00fajo. Dr Sim\u00f5es de Ara\u00fajo received the prize on 14 September for his thesis Diplomacy of Blood and Fire: Portuguese Decolonization and the Race Question, ca. 1945-1968. The&hellip; <a href=\"https:\/\/www.fondation-pierredubois.ch\/fr\/prix-pierre-du-bois\/the-pierre-du-bois-prize-2018-caio-simoes-de-araujo\/\">Read more &rarr;<\/a><\/p>\n","protected":false},"author":55,"featured_media":0,"parent":4324,"menu_order":0,"comment_status":"closed","ping_status":"closed","template":"","meta":{"footnotes":""},"class_list":["post-11610","page","type-page","status-publish","hentry","xfolkentry"],"_links":{"self":[{"href":"https:\/\/www.fondation-pierredubois.ch\/fr\/wp-json\/wp\/v2\/pages\/11610","targetHints":{"allow":["GET"]}}],"collection":[{"href":"https:\/\/www.fondation-pierredubois.ch\/fr\/wp-json\/wp\/v2\/pages"}],"about":[{"href":"https:\/\/www.fondation-pierredubois.ch\/fr\/wp-json\/wp\/v2\/types\/page"}],"author":[{"embeddable":true,"href":"https:\/\/www.fondation-pierredubois.ch\/fr\/wp-json\/wp\/v2\/users\/55"}],"replies":[{"embeddable":true,"href":"https:\/\/www.fondation-pierredubois.ch\/fr\/wp-json\/wp\/v2\/comments?post=11610"}],"version-history":[{"count":7,"href":"https:\/\/www.fondation-pierredubois.ch\/fr\/wp-json\/wp\/v2\/pages\/11610\/revisions"}],"predecessor-version":[{"id":19391,"href":"https:\/\/www.fondation-pierredubois.ch\/fr\/wp-json\/wp\/v2\/pages\/11610\/revisions\/19391"}],"up":[{"embeddable":true,"href":"https:\/\/www.fondation-pierredubois.ch\/fr\/wp-json\/wp\/v2\/pages\/4324"}],"wp:attachment":[{"href":"https:\/\/www.fondation-pierredubois.ch\/fr\/wp-json\/wp\/v2\/media?parent=11610"}],"curies":[{"name":"wp","href":"https:\/\/api.w.org\/{rel}","templated":true}]}}