{"id":10580,"date":"2017-09-14T06:25:52","date_gmt":"2017-09-14T06:25:52","guid":{"rendered":"http:\/\/www.fondation-pierredubois.ch\/prix-pierre-du-bois-2011-dominic-eggel\/pierre-du-bois-prize-2017-felix-christoph-ohnmacht\/"},"modified":"2026-01-07T10:11:59","modified_gmt":"2026-01-07T10:11:59","slug":"pierre-du-bois-prize-2017-felix-christoph-ohnmacht","status":"publish","type":"page","link":"https:\/\/www.fondation-pierredubois.ch\/fr\/prix-pierre-du-bois\/pierre-du-bois-prize-2017-felix-christoph-ohnmacht\/","title":{"rendered":"Prix Pierre du Bois 2017 \u2013 Felix Christoph Ohnmacht"},"content":{"rendered":"<p>&nbsp;<\/p>\n<p>The recipient of the Pierre du Bois Prize 2017, awarded annually for the best doctoral thesis in International History defended at the Graduate Institute, Geneva, was Dr Felix Ohnmacht.<\/p>\n<div id='gallery-1' class='gallery galleryid-10580 gallery-columns-2 gallery-size-large'><dl class='gallery-item'>\n\t\t\t<dt class='gallery-icon landscape'>\n\t\t\t\t<a href='https:\/\/www.fondation-pierredubois.ch\/wp-content\/uploads\/2017\/09\/2017-Prize-2.jpg'><img fetchpriority=\"high\" decoding=\"async\" width=\"850\" height=\"567\" src=\"https:\/\/www.fondation-pierredubois.ch\/wp-content\/uploads\/2017\/09\/2017-Prize-2.jpg\" class=\"attachment-large size-large\" alt=\"\" srcset=\"https:\/\/www.fondation-pierredubois.ch\/wp-content\/uploads\/2017\/09\/2017-Prize-2.jpg 850w, https:\/\/www.fondation-pierredubois.ch\/wp-content\/uploads\/2017\/09\/2017-Prize-2-310x207.jpg 310w, https:\/\/www.fondation-pierredubois.ch\/wp-content\/uploads\/2017\/09\/2017-Prize-2-768x512.jpg 768w, https:\/\/www.fondation-pierredubois.ch\/wp-content\/uploads\/2017\/09\/2017-Prize-2-525x350.jpg 525w\" sizes=\"(max-width: 850px) 100vw, 850px\" \/><\/a>\n\t\t\t<\/dt><\/dl><dl class='gallery-item'>\n\t\t\t<dt class='gallery-icon landscape'>\n\t\t\t\t<a href='https:\/\/www.fondation-pierredubois.ch\/wp-content\/uploads\/2017\/09\/2017-Prize-1.jpg'><img decoding=\"async\" width=\"945\" height=\"630\" src=\"https:\/\/www.fondation-pierredubois.ch\/wp-content\/uploads\/2017\/09\/2017-Prize-1.jpg\" class=\"attachment-large size-large\" alt=\"\" srcset=\"https:\/\/www.fondation-pierredubois.ch\/wp-content\/uploads\/2017\/09\/2017-Prize-1.jpg 1336w, https:\/\/www.fondation-pierredubois.ch\/wp-content\/uploads\/2017\/09\/2017-Prize-1-310x207.jpg 310w, https:\/\/www.fondation-pierredubois.ch\/wp-content\/uploads\/2017\/09\/2017-Prize-1-768x512.jpg 768w, https:\/\/www.fondation-pierredubois.ch\/wp-content\/uploads\/2017\/09\/2017-Prize-1-525x350.jpg 525w\" sizes=\"(max-width: 945px) 100vw, 945px\" \/><\/a>\n\t\t\t<\/dt><\/dl><br style=\"clear: both\" \/>\n\t\t<\/div>\n\n<p>Dr Ohnmacht received the prize on 15 September for his thesis <em>Epistemic Dark Matter: Knowledge in the Sagas of Popular Scientists in Basel&#8217;s Enlightenment Period<\/em>. Based on a micro-history of Basel, the dissertation looks at popular science and knowledge during the Scientific Revolution and the Enlightenment \u2013 periods commonly known for having discovered science and reason <em>tout court<\/em>. Dr Ohnmacht extrapolates from this local history to speak to the broader processes of science production during this period and, importantly, highlights how official formalization efforts delegitimized popular <em>\/<\/em> &#8216;subaltern&#8217; science. Put simply, the dissertation presents a history of the &#8216;scramble for science&#8217; \u2013 told from below \u2013 and the politically-driven project of disciplining knowledge.<\/p>\n<p>Dr Ohnmacht, who was a visiting researcher at Princeton University and the Max Planck Society, graduated with the highest honours, <em>summa cum laude<\/em> avec f\u00e9licitations du jury, for both the dissertation and the defence.<\/p>\n<p>Please view his profile <a style=\"background-color: #ffffff;\" href=\"http:\/\/www.fondation-pierredubois.ch\/associate-researchers\/felix-christoph-ohnmacht\/\" target=\"_blank\" rel=\"noopener\">here<\/a> for further information.<\/p>\n<p>The Pierre du Bois Prize is awarded annually to the best doctoral thesis in contemporary history written in the International History Department at the Graduate Institute for International and Development Studies in Geneva. It is worth 5000 CHF.<\/p>\n<p>&nbsp;<\/p>\n<p><iframe title=\"C\u00e9r\u00e9monie de remise des dipl\u00f4mes de doctorat et des masters disciplinaires\" width=\"945\" height=\"532\" src=\"https:\/\/www.youtube.com\/embed\/8nb-IDhzJfo?start=1910&#038;feature=oembed\" frameborder=\"0\" allow=\"accelerometer; autoplay; clipboard-write; encrypted-media; gyroscope; picture-in-picture; web-share\" referrerpolicy=\"strict-origin-when-cross-origin\" allowfullscreen><\/iframe><\/p>\n<p>&nbsp;<\/p>\n","protected":false},"excerpt":{"rendered":"<p class=\"excerpt\">&nbsp; The recipient of the Pierre du Bois Prize 2017, awarded annually for the best doctoral thesis in International History defended at the Graduate Institute, Geneva, was Dr Felix Ohnmacht. Dr Ohnmacht received the prize on 15 September for his thesis Epistemic Dark Matter: Knowledge in the Sagas of Popular Scientists in Basel&#8217;s Enlightenment Period. Based on a micro-history of&hellip; <a href=\"https:\/\/www.fondation-pierredubois.ch\/fr\/prix-pierre-du-bois\/pierre-du-bois-prize-2017-felix-christoph-ohnmacht\/\">Read more &rarr;<\/a><\/p>\n","protected":false},"author":55,"featured_media":0,"parent":4324,"menu_order":0,"comment_status":"closed","ping_status":"closed","template":"","meta":{"footnotes":""},"class_list":["post-10580","page","type-page","status-publish","hentry","xfolkentry"],"_links":{"self":[{"href":"https:\/\/www.fondation-pierredubois.ch\/fr\/wp-json\/wp\/v2\/pages\/10580","targetHints":{"allow":["GET"]}}],"collection":[{"href":"https:\/\/www.fondation-pierredubois.ch\/fr\/wp-json\/wp\/v2\/pages"}],"about":[{"href":"https:\/\/www.fondation-pierredubois.ch\/fr\/wp-json\/wp\/v2\/types\/page"}],"author":[{"embeddable":true,"href":"https:\/\/www.fondation-pierredubois.ch\/fr\/wp-json\/wp\/v2\/users\/55"}],"replies":[{"embeddable":true,"href":"https:\/\/www.fondation-pierredubois.ch\/fr\/wp-json\/wp\/v2\/comments?post=10580"}],"version-history":[{"count":11,"href":"https:\/\/www.fondation-pierredubois.ch\/fr\/wp-json\/wp\/v2\/pages\/10580\/revisions"}],"predecessor-version":[{"id":19390,"href":"https:\/\/www.fondation-pierredubois.ch\/fr\/wp-json\/wp\/v2\/pages\/10580\/revisions\/19390"}],"up":[{"embeddable":true,"href":"https:\/\/www.fondation-pierredubois.ch\/fr\/wp-json\/wp\/v2\/pages\/4324"}],"wp:attachment":[{"href":"https:\/\/www.fondation-pierredubois.ch\/fr\/wp-json\/wp\/v2\/media?parent=10580"}],"curies":[{"name":"wp","href":"https:\/\/api.w.org\/{rel}","templated":true}]}}