{"id":10215,"date":"2017-06-08T04:50:10","date_gmt":"2017-06-08T04:50:10","guid":{"rendered":"http:\/\/www.fondation-pierredubois.ch\/?page_id=10215\/"},"modified":"2026-01-15T09:23:48","modified_gmt":"2026-01-15T09:23:48","slug":"foundation-board","status":"publish","type":"page","link":"https:\/\/www.fondation-pierredubois.ch\/fr\/foundation-board\/","title":{"rendered":"Conseil de Fondation"},"content":{"rendered":"<h2><span style=\"color: #cf1930;\">Irina du Bois<br \/>\nPresident of the\u00a0Pierre du Bois Foundation for Current History<\/span><\/h2>\n<p><img decoding=\"async\" class=\"alignleft wp-image-19047 \" src=\"https:\/\/www.fondation-pierredubois.ch\/wp-content\/uploads\/2025\/07\/photo-Irina-du-Bois-new-2-e1752505487106.png\" alt=\"\" width=\"143\" height=\"202\" \/>Irina du Bois is a chemical engineer graduate of the Ecole Polytechnique F\u00e9d\u00e9rale de Lausanne (EPFL), Switzerland. She also holds a MA in International History from the Graduate Institute in Geneva and a BA from the University of Geneva.<\/p>\n<p>She made all her career with Nestl\u00e9 (Nestec Ltd.) where she has been successively Assistant Vice President, Head of Regulatory Affairs (1986 &#8211; 1991), then Vice President, Head of Regulatory and Environmental Affairs (1991 &#8211; 2004) and, until 2010, Vice President, Head of Regulatory and Scientific Affairs.<\/p>\n<p>From 2010 to 2014, Irina du Bois was member of the Board of Directors of Givaudan SA.<\/p>\n<p>&nbsp;<\/p>\n<p>&nbsp;<\/p>\n<p>&nbsp;<\/p>\n<h2><\/h2>\n<h2><span style=\"color: #ce1a30;\">Philippe Burrin<br \/>\nFormer Director of the Graduate Institute of International and Development Studies in Geneva<\/span><\/h2>\n<p><img fetchpriority=\"high\" decoding=\"async\" class=\"image-gauche alignleft wp-image-12752 size-full\" style=\"border: 0px none; height: 227px; width: 151px; float: left;\" title=\"Philippe Burrin\" src=\"https:\/\/www.fondation-pierredubois.ch\/wp-content\/uploads\/2017\/06\/Philippe-Burrin-ok-web.jpg\" alt=\"\" width=\"200\" height=\"301\" srcset=\"https:\/\/www.fondation-pierredubois.ch\/wp-content\/uploads\/2017\/06\/Philippe-Burrin-ok-web.jpg 200w, https:\/\/www.fondation-pierredubois.ch\/wp-content\/uploads\/2017\/06\/Philippe-Burrin-ok-web-199x300.jpg 199w\" sizes=\"(max-width: 200px) 100vw, 200px\" \/>Professor Philippe Burrin was the Director of the Graduate Institute of International and Development Studies in Geneva from 2004 to 2020. His main areas of interest and research are the general history of international relations, ideologies, international comparison of political movements and regimes, wars and military occupations, mass violence and genocide.<\/p>\n<p>He was professor or visiting researcher at the Institut d&#8217;\u00e9tudes politiques in Paris (Elie Hal\u00e9vy Chair), at the Harvard University Center for European Studies, at the Johann Wolfgang Goethe-University in Frankfurt, at the Wissenschaftskolleg in Berlin, and at All Souls College at Oxford University.<\/p>\n<p>Among his works, most of which have been translated into several languages, are the following:<\/p>\n<p><em><strong>\u2022<\/strong> La d\u00e9rive fasciste.Doriot, D\u00e9at, Bergery 1933-1944, Paris, Editions du Seuil, 1986<br \/>\n<strong>\u2022<\/strong> Hitler et les Juifs. Gen\u00e8se d&#8217;un g\u00e9nocide, Paris, Editions du Seuil, 1989<br \/>\n<strong>\u2022<\/strong> La France \u00e0 l&#8217;heure allemande 1940-1944, Paris, Editions du Seuil, 1995<br \/>\n<strong>\u2022<\/strong> Fascisme, nazisme, autoritarisme, Paris, Editions du Seuil, 2000<br \/>\n<strong>\u2022<\/strong> Ressentiment et apocalypse. Essai sur l&#8217;antis\u00e9mitisme nazi, Paris, Editions du Seuil, 2004; 6 June 1944, with Jean-Pierre Az\u00e9ma and Robert O. Paxton, Paris, Perrin \/ M\u00e9morial de Caen, 2004.<\/em><\/p>\n<p>&nbsp;<\/p>\n<h2><span style=\"color: #cf1930;\">Roger de Weck<br \/>\nJournaliste, auteur, professeur invit\u00e9 au coll\u00e8ge d&#8217;Europe\u00a0\u00e0 Bruges<\/span><\/h2>\n<p><img decoding=\"async\" class=\"image-gauche alignleft wp-image-12753\" style=\"border: 0px none; height: 227px; width: 151px; float: left;\" title=\"Roger de Weck\" src=\"http:\/\/www.fondation-pierredubois.ch\/wp-content\/uploads\/2017\/06\/Roger-de-Weck-web.jpg\" alt=\"\" width=\"200\" height=\"301\" srcset=\"https:\/\/www.fondation-pierredubois.ch\/wp-content\/uploads\/2017\/06\/Roger-de-Weck-web.jpg 200w, https:\/\/www.fondation-pierredubois.ch\/wp-content\/uploads\/2017\/06\/Roger-de-Weck-web-199x300.jpg 199w\" sizes=\"(max-width: 200px) 100vw, 200px\" \/>Le journaliste et auteur Roger de Weck enseigne au Coll\u00e8ge d\u2019Europe \u00e0 Bruges. Il a dirig\u00e9 la Soci\u00e9t\u00e9 suisse de radio-t\u00e9l\u00e9vision SSR \u00e0 Berne et pr\u00e9sid\u00e9 le Conseil de fondation de l\u2019Institut de hautes \u00e9tudes internationales et du d\u00e9veloppement \u00e0 Gen\u00e8ve. Roger de Weck a \u00e9t\u00e9 r\u00e9dacteur en chef de l\u2019hebdomadaire allemand <em>Die Zeit<\/em> et du quotidien zurichois <em>Tages-Anzeiger<\/em> . Il a dirig\u00e9 la collection d\u2019ouvrages de politique \u00e9trang\u00e8re <em>Standpunkte<\/em>. Il est l\u2019auteur de bestsellers.<\/p>\n<p>Fribourgeois bilingue, il a grandi \u00e0 Gen\u00e8ve et Zurich et \u00e9tudi\u00e9 l\u2019\u00e9conomie \u00e0 Saint-Gall. Il est docteur honoris causa des universit\u00e9s de Fribourg et Lucerne.<\/p>\n<h2><\/h2>\n<h2><\/h2>\n<h2><\/h2>\n<p>&nbsp;<\/p>\n<h2><span style=\"color: #cf1930;\">Christiane Kuehne<br \/>\nMembre de Conseils d&#8217;administration<\/span><\/h2>\n<p><img loading=\"lazy\" decoding=\"async\" class=\"image-gauche wp-image-12756 size-full alignleft\" style=\"border: 0px none; height: 227px; width: 151px; float: left;\" title=\"Roger de Weck\" src=\"http:\/\/www.fondation-pierredubois.ch\/wp-content\/uploads\/2017\/06\/christiane-kuehne-web.jpg\" alt=\"\" width=\"200\" height=\"301\" srcset=\"https:\/\/www.fondation-pierredubois.ch\/wp-content\/uploads\/2017\/06\/christiane-kuehne-web.jpg 200w, https:\/\/www.fondation-pierredubois.ch\/wp-content\/uploads\/2017\/06\/christiane-kuehne-web-199x300.jpg 199w\" sizes=\"(max-width: 200px) 100vw, 200px\" \/>Christiane Kuehne est titulaire d\u2019un BA en \u00e9conomie de l\u2019Universit\u00e9 de Lausanne (HEC), d\u2019un MA en droit de l\u2019Universit\u00e9 de Saint-Gall et d\u2019un dipl\u00f4me universitaire en nutrition de la Facult\u00e9 de pharmacie et m\u00e9decine de Dijon.<br \/>\nElle a poursuivi une longue carri\u00e8re chez Nestl\u00e9 (1977-2015), qui l\u2019a conduite dans de nombreux pays. En tant que Sous-Directrice elle a cr\u00e9\u00e9 et dirig\u00e9 l\u2019unit\u00e9 strat\u00e9gique de nutrition et sant\u00e9 (2004-2009) et elle a \u00e9t\u00e9 Directrice de l\u2019unit\u00e9 strat\u00e9gique<br \/>\nalimentation (2009 \u00e0 2015).Depuis 2012 Christiane Kuehne si\u00e8ge dans divers conseils d\u2019administration : de L\u2019Or\u00e9al SA (2012-2016), de James Finlay Ltd (depuis 2016) et de Stora Enso Oyj (depuis 2017).<\/p>\n<p>&nbsp;<\/p>\n<h2><\/h2>\n<p>&nbsp;<\/p>\n<p>&nbsp;<\/p>\n<h2><\/h2>\n<h2><span style=\"color: #cf1930;\">Katrin Milzow<br \/>\nCo-directrice du Fond national Suisse de la recherche scientifique (FNS), Berne<\/span><\/h2>\n<p><img loading=\"lazy\" decoding=\"async\" class=\"image-gauche wp-image-12758 size-full alignleft\" style=\"border: 0px none; height: 227px; width: 151px; float: left;\" title=\"Roger de Weck\" src=\"http:\/\/www.fondation-pierredubois.ch\/wp-content\/uploads\/2017\/06\/KatrinMilzow_web.jpg\" alt=\"\" width=\"200\" height=\"301\" srcset=\"https:\/\/www.fondation-pierredubois.ch\/wp-content\/uploads\/2017\/06\/KatrinMilzow_web.jpg 200w, https:\/\/www.fondation-pierredubois.ch\/wp-content\/uploads\/2017\/06\/KatrinMilzow_web-199x300.jpg 199w\" sizes=\"(max-width: 200px) 100vw, 200px\" \/>Titulaire d\u2019un BA de l\u2019Universit\u00e9 d\u2019Oxford et d\u2019un MA de l\u2019Universit\u00e9 de Bruxelles, Katrin Milzow a obtenu son doctorat aupr\u00e8s de l\u2019Institut de hautes \u00e9tudes internationales \u00e0 Gen\u00e8ve, sous la direction de Pierre du Bois. En tant que membre tr\u00e8s actif du groupe de Chercheurs associ\u00e9s, elle a contribu\u00e9 \u00e0 la cr\u00e9ation et au d\u00e9veloppement de la Fondation Pierre du Bois d\u00e8s ses d\u00e9buts. Katrin Milzow est Co-directrice du Fonds national suisse pour la recherche scientifique depuis 2025. Auparavant, d\u00e9j\u00e0 au FNS, elle a mis en place la division strat\u00e9gie et conduit le d\u00e9partement d\u00e9veloppement de la recherche. Dans ces fonctions, elle a contribu\u00e9 \u00e0 renforcer la capacit\u00e9 strat\u00e9gique et la base d\u2019\u00e9vidence pour le d\u00e9veloppement du FNS. Elle est Co-Chair de l\u2019Institut international Research on Research Institute, et a servi \u00e0 titre d\u2019expert ind\u00e9pendant de l\u2019UE sur la politique de la recherche.<\/p>\n","protected":false},"excerpt":{"rendered":"<p class=\"excerpt\">Irina du Bois President of the\u00a0Pierre du Bois Foundation for Current History Irina du Bois is a chemical engineer graduate of the Ecole Polytechnique F\u00e9d\u00e9rale de Lausanne (EPFL), Switzerland. She also holds a MA in International History from the Graduate Institute in Geneva and a BA from the University of Geneva. She made all her career with Nestl\u00e9 (Nestec Ltd.)&hellip; <a href=\"https:\/\/www.fondation-pierredubois.ch\/fr\/foundation-board\/\">Read more &rarr;<\/a><\/p>\n","protected":false},"author":55,"featured_media":0,"parent":0,"menu_order":3,"comment_status":"closed","ping_status":"closed","template":"","meta":{"footnotes":""},"class_list":["post-10215","page","type-page","status-publish","hentry","xfolkentry"],"_links":{"self":[{"href":"https:\/\/www.fondation-pierredubois.ch\/fr\/wp-json\/wp\/v2\/pages\/10215","targetHints":{"allow":["GET"]}}],"collection":[{"href":"https:\/\/www.fondation-pierredubois.ch\/fr\/wp-json\/wp\/v2\/pages"}],"about":[{"href":"https:\/\/www.fondation-pierredubois.ch\/fr\/wp-json\/wp\/v2\/types\/page"}],"author":[{"embeddable":true,"href":"https:\/\/www.fondation-pierredubois.ch\/fr\/wp-json\/wp\/v2\/users\/55"}],"replies":[{"embeddable":true,"href":"https:\/\/www.fondation-pierredubois.ch\/fr\/wp-json\/wp\/v2\/comments?post=10215"}],"version-history":[{"count":32,"href":"https:\/\/www.fondation-pierredubois.ch\/fr\/wp-json\/wp\/v2\/pages\/10215\/revisions"}],"predecessor-version":[{"id":19418,"href":"https:\/\/www.fondation-pierredubois.ch\/fr\/wp-json\/wp\/v2\/pages\/10215\/revisions\/19418"}],"wp:attachment":[{"href":"https:\/\/www.fondation-pierredubois.ch\/fr\/wp-json\/wp\/v2\/media?parent=10215"}],"curies":[{"name":"wp","href":"https:\/\/api.w.org\/{rel}","templated":true}]}}